{"id":793,"date":"2025-04-18T08:01:48","date_gmt":"2025-04-18T08:01:48","guid":{"rendered":"https:\/\/testwordpresswithnat.com\/?page_id=793"},"modified":"2025-04-29T14:39:52","modified_gmt":"2025-04-29T12:39:52","slug":"altalanos-szerzodesi-feltetelek","status":"publish","type":"page","link":"https:\/\/nestingplay.com\/en\/altalanos-szerzodesi-feltetelek\/","title":{"rendered":"General Conditions of Contract"},"content":{"rendered":"<div data-elementor-type=\"wp-page\" data-elementor-id=\"793\" class=\"elementor elementor-793\" data-elementor-post-type=\"page\">\n\t\t\t\t<div class=\"elementor-element elementor-element-8017b0f e-flex e-con-boxed e-con e-parent\" data-id=\"8017b0f\" data-element_type=\"container\" data-e-type=\"container\" data-settings=\"{&quot;background_background&quot;:&quot;classic&quot;}\">\n\t\t\t\t\t<div class=\"e-con-inner\">\n\t\t\t\t<div class=\"elementor-element elementor-element-8cb4b30 elementor-widget elementor-widget-heading\" data-id=\"8cb4b30\" data-element_type=\"widget\" data-e-type=\"widget\" data-widget_type=\"heading.default\">\n\t\t\t\t<div class=\"elementor-widget-container\">\n\t\t\t\t\t<h2 class=\"elementor-heading-title elementor-size-default\">General Conditions of Contract<\/h2>\t\t\t\t<\/div>\n\t\t\t\t<\/div>\n\t\t\t\t\t<\/div>\n\t\t\t\t<\/div>\n\t\t<div class=\"elementor-element elementor-element-5db8230 e-flex e-con-boxed e-con e-parent\" data-id=\"5db8230\" data-element_type=\"container\" data-e-type=\"container\" data-settings=\"{&quot;background_background&quot;:&quot;classic&quot;}\">\n\t\t\t\t\t<div class=\"e-con-inner\">\n\t\t\t\t<div class=\"elementor-element elementor-element-b33f8b8 elementor-widget elementor-widget-text-editor\" data-id=\"b33f8b8\" data-element_type=\"widget\" data-e-type=\"widget\" data-widget_type=\"text-editor.default\">\n\t\t\t\t<div class=\"elementor-widget-container\">\n\t\t\t\t\t\t\t\t\t<ol><li><strong>Bevezet\u0151 rendelkez\u00e9sek<\/strong><\/li><\/ol><p>1.1. Jelen \u00c1ltal\u00e1nos Szerz\u0151d\u00e9si Felt\u00e9telek (a tov\u00e1bbiakban: &#8222;\u00c1SZF&#8221;) szab\u00e1lyozz\u00e1k a NestingPlay Nonprofit Kft (sz\u00e9khely: 1136 Budapest, Holl\u00e1n Ern\u0151 utca 16.\u00a0 c\u00e9gjegyz\u00e9ksz\u00e1m: 0109463156 ad\u00f3sz\u00e1m: 12073656-2-41 \u00e1ltal ny\u00fajtott szolg\u00e1ltat\u00e1sok ig\u00e9nybev\u00e9tel\u00e9nek felt\u00e9teleit.\u00a0\u00a0<\/p><p>1.2. Az \u00c1SZF minden, a NestingPlay nonprofit Kft \u00e1ltal ny\u00fajtott szolg\u00e1ltat\u00e1sra \u00e9s term\u00e9kre vonatkozik, amelyeket az \u00fcgyfelek a www.nestingplay.com\u00a0 weboldalon kereszt\u00fcl rendelnek meg.<\/p><ol start=\"2\"><li><strong>Szolg\u00e1ltat\u00e1sok \u00e9s term\u00e9kek k\u00f6re<\/strong><\/li><\/ol><p>2.1. A NestingPlay nonprofit Kft\u00a0 k\u00fcl\u00f6nb\u00f6z\u0151 t\u00edpus\u00fa szolg\u00e1ltat\u00e1sokat \u00e9s term\u00e9keket k\u00edn\u00e1l \u00fcgyfeleinek, amelyek r\u00e9szletes le\u00edr\u00e1sa a www.nestingplay.com oldalon tal\u00e1lhat\u00f3.\u00a0\u00a0<\/p><p>2.2. A szolg\u00e1ltat\u00e1sok \u00e9s term\u00e9kek \u00e1ra, valamint azok tartalma v\u00e1ltozhat, amelyr\u0151l a NestingPlay nonprofit Kft minden esetben el\u0151zetesen t\u00e1j\u00e9koztatja az \u00fcgyfeleket.<\/p><ol start=\"3\"><li><strong>Rendel\u00e9s menete \u00e9s fizet\u00e9si felt\u00e9telek<\/strong><\/li><\/ol><p>3.1. Az \u00fcgyf\u00e9l a rendel\u00e9s\u00e9t a <a href=\"https:\/\/nestingplay.com\/en\/\">www.nestingplay.com<\/a> oldalon kereszt\u00fcl adhatja le, a sz\u00fcks\u00e9ges adatok megad\u00e1s\u00e1val \u00e9s a jelen \u00c1SZF elfogad\u00e1s\u00e1val.\u00a0\u00a0<\/p><p>3.2. A fizet\u00e9s t\u00f6rt\u00e9nhet banki \u00e1tutal\u00e1ssal vagy egy\u00e9b, a weboldalon felt\u00fcntetett fizet\u00e9si m\u00f3dokon.\u00a0\u00a0<\/p><p>3.3. A teljes \u00f6sszeg be\u00e9rkez\u00e9se ut\u00e1n a NestingPlay nonprofit Kft megkezdi a szolg\u00e1ltat\u00e1s ny\u00fajt\u00e1s\u00e1t vagy a term\u00e9k kisz\u00e1ll\u00edt\u00e1s\u00e1t.<\/p><ol start=\"4\"><li><strong>Sz\u00e1ll\u00edt\u00e1si \u00e9s teljes\u00edt\u00e9si felt\u00e9telek<\/strong><\/li><\/ol><p>4.1. A term\u00e9kek teljes\u00edt\u00e9se a <a href=\"https:\/\/nestingplay.com\/en\/\">www.nestingplay.com<\/a> oldalon megadott hat\u00e1rid\u0151re t\u00f6rt\u00e9nik.\u00a0<\/p><p>4.2. A szolg\u00e1ltat\u00e1s ny\u00fajt\u00e1s\u00e1nak hat\u00e1rideje az \u00fcgyf\u00e9llel k\u00f6t\u00f6tt egyedi meg\u00e1llapod\u00e1s szerint alakul.<\/p><ol start=\"5\"><li><strong>El\u00e1ll\u00e1si jog<\/strong><\/li><\/ol><p>5.1. Az \u00fcgyf\u00e9l a szerz\u0151d\u00e9st\u0151l sz\u00e1m\u00edtott 7 napon bel\u00fcl jogosult indokl\u00e1s n\u00e9lk\u00fcl el\u00e1llni a szerz\u0151d\u00e9st\u0151l, ha a szolg\u00e1ltat\u00e1s m\u00e9g nem ker\u00fclt teljes\u00edt\u00e9sre.\u00a0\u00a0<\/p><p>5.2. Az el\u00e1ll\u00e1si jog gyakorl\u00e1sa \u00e9rdek\u00e9ben az \u00fcgyf\u00e9lnek \u00edr\u00e1sban kell \u00e9rtes\u00edtenie a NestingPlay nonprofit Kft-t az <a href=\"mailto:info@nestingplay.com\">info@nestingplay.com<\/a> email c\u00edmen.<\/p><ol start=\"6\"><li><strong>Adatkezel\u00e9si ir\u00e1nyelvek<\/strong><\/li><\/ol><p>6.1. A NestingPlay nonprofit Kft adatv\u00e9delmi szab\u00e1lyzata el\u00e9rhet\u0151 a www.nestingplay.com\/adatvedelem oldalon, ahol r\u00e9szletesen ismertetj\u00fck az \u00fcgyfelek szem\u00e9lyes adatainak kezel\u00e9s\u00e9re vonatkoz\u00f3 szab\u00e1lyokat.<\/p><ol start=\"7\"><li><strong>Z\u00e1r\u00f3 rendelkez\u00e9sek<\/strong><\/li><\/ol><p>7.1. A NestingPlay nonprofit Kft fenntartja a jogot az \u00c1SZF m\u00f3dos\u00edt\u00e1s\u00e1ra, amelyr\u0151l az \u00fcgyfeleket a weboldalon kereszt\u00fcl el\u0151zetesen \u00e9rtes\u00edti.\u00a0\u00a0<\/p><p>7.2. A jelen \u00c1SZF-ben nem szab\u00e1lyozott k\u00e9rd\u00e9sekben a magyar jog rendelkez\u00e9sei az ir\u00e1nyad\u00f3k.<\/p><p>&#8212;<\/p>\t\t\t\t\t\t\t\t<\/div>\n\t\t\t\t<\/div>\n\t\t\t\t\t<\/div>\n\t\t\t\t<\/div>\n\t\t\t\t<\/div>\n\t\t\n    <div class=\"xs_social_share_widget xs_share_url after_content \t\tmain_content  wslu-style-1 wslu-share-box-shaped wslu-fill-colored wslu-none wslu-share-horizontal wslu-theme-font-no wslu-main_content\">\n\n\t\t\n        <ul>\n\t\t\t        <\/ul>\n    <\/div>","protected":false},"excerpt":{"rendered":"<p>\u00c1ltal\u00e1nos Szerz\u0151d\u00e9si Felt\u00e9telek Bevezet\u0151 rendelkez\u00e9sek 1.1. Jelen \u00c1ltal\u00e1nos Szerz\u0151d\u00e9si Felt\u00e9telek (a tov\u00e1bbiakban: &#8222;\u00c1SZF&#8221;) szab\u00e1lyozz\u00e1k a NestingPlay Nonprofit Kft (sz\u00e9khely: 1136 Budapest, Holl\u00e1n Ern\u0151 utca 16.\u00a0 c\u00e9gjegyz\u00e9ksz\u00e1m: 0109463156 ad\u00f3sz\u00e1m: 12073656-2-41 \u00e1ltal ny\u00fajtott szolg\u00e1ltat\u00e1sok ig\u00e9nybev\u00e9tel\u00e9nek felt\u00e9teleit.\u00a0\u00a0 1.2. Az \u00c1SZF minden, a NestingPlay nonprofit Kft \u00e1ltal ny\u00fajtott szolg\u00e1ltat\u00e1sra \u00e9s term\u00e9kre vonatkozik, amelyeket az \u00fcgyfelek a www.nestingplay.com\u00a0 weboldalon kereszt\u00fcl [&hellip;]<\/p>\n","protected":false},"author":2,"featured_media":0,"parent":0,"menu_order":0,"comment_status":"closed","ping_status":"closed","template":"","meta":{"_eb_attr":"","footnotes":""},"class_list":["post-793","page","type-page","status-publish","hentry"],"_links":{"self":[{"href":"https:\/\/nestingplay.com\/en\/wp-json\/wp\/v2\/pages\/793","targetHints":{"allow":["GET"]}}],"collection":[{"href":"https:\/\/nestingplay.com\/en\/wp-json\/wp\/v2\/pages"}],"about":[{"href":"https:\/\/nestingplay.com\/en\/wp-json\/wp\/v2\/types\/page"}],"author":[{"embeddable":true,"href":"https:\/\/nestingplay.com\/en\/wp-json\/wp\/v2\/users\/2"}],"replies":[{"embeddable":true,"href":"https:\/\/nestingplay.com\/en\/wp-json\/wp\/v2\/comments?post=793"}],"version-history":[{"count":16,"href":"https:\/\/nestingplay.com\/en\/wp-json\/wp\/v2\/pages\/793\/revisions"}],"predecessor-version":[{"id":1607,"href":"https:\/\/nestingplay.com\/en\/wp-json\/wp\/v2\/pages\/793\/revisions\/1607"}],"wp:attachment":[{"href":"https:\/\/nestingplay.com\/en\/wp-json\/wp\/v2\/media?parent=793"}],"curies":[{"name":"wp","href":"https:\/\/api.w.org\/{rel}","templated":true}]}}