{"id":4152,"date":"2025-10-25T09:27:20","date_gmt":"2025-10-25T07:27:20","guid":{"rendered":"https:\/\/nestingplay.com\/?page_id=4152"},"modified":"2025-11-10T17:48:06","modified_gmt":"2025-11-10T16:48:06","slug":"media","status":"publish","type":"page","link":"https:\/\/nestingplay.com\/en\/media\/","title":{"rendered":"Media"},"content":{"rendered":"<div data-elementor-type=\"wp-page\" data-elementor-id=\"4152\" class=\"elementor elementor-4152\" data-elementor-post-type=\"page\">\n\t\t\t\t<div class=\"elementor-element elementor-element-71bcb46 e-con-full e-grid e-con e-parent\" data-id=\"71bcb46\" data-element_type=\"container\" data-e-type=\"container\">\n\t\t<div class=\"elementor-element elementor-element-16542f71 e-con-full e-flex e-con e-child\" data-id=\"16542f71\" data-element_type=\"container\" data-e-type=\"container\">\n\t\t<div class=\"elementor-element elementor-element-3834f8fe e-con-full e-flex e-con e-child\" data-id=\"3834f8fe\" data-element_type=\"container\" data-e-type=\"container\">\n\t\t\t\t<div class=\"elementor-element elementor-element-2d199661 elementor-widget elementor-widget-heading\" data-id=\"2d199661\" data-element_type=\"widget\" data-e-type=\"widget\" data-widget_type=\"heading.default\">\n\t\t\t\t<div class=\"elementor-widget-container\">\n\t\t\t\t\t<h2 class=\"elementor-heading-title elementor-size-default\">Our appearances in the world<\/h2>\t\t\t\t<\/div>\n\t\t\t\t<\/div>\n\t\t\t\t<\/div>\n\t\t\t\t<\/div>\n\t\t<div class=\"elementor-element elementor-element-cb0835e e-con-full e-flex e-con e-child\" data-id=\"cb0835e\" data-element_type=\"container\" data-e-type=\"container\">\n\t\t\t\t<div class=\"elementor-element elementor-element-38f47125 elementor-widget elementor-widget-image\" data-id=\"38f47125\" data-element_type=\"widget\" data-e-type=\"widget\" data-widget_type=\"image.default\">\n\t\t\t\t<div class=\"elementor-widget-container\">\n\t\t\t\t\t\t\t\t\t\t\t\t\t\t\t<img fetchpriority=\"high\" decoding=\"async\" width=\"800\" height=\"553\" src=\"https:\/\/nestingplay.com\/wp-content\/uploads\/2025\/07\/szmjlns-1024x708.jpg\" class=\"attachment-large size-large wp-image-3260\" alt=\"\" srcset=\"https:\/\/nestingplay.com\/wp-content\/uploads\/2025\/07\/szmjlns-1024x708.jpg 1024w, https:\/\/nestingplay.com\/wp-content\/uploads\/2025\/07\/szmjlns-300x207.jpg 300w, https:\/\/nestingplay.com\/wp-content\/uploads\/2025\/07\/szmjlns-768x531.jpg 768w, https:\/\/nestingplay.com\/wp-content\/uploads\/2025\/07\/szmjlns-1536x1062.jpg 1536w, https:\/\/nestingplay.com\/wp-content\/uploads\/2025\/07\/szmjlns-2048x1416.jpg 2048w, https:\/\/nestingplay.com\/wp-content\/uploads\/2025\/07\/szmjlns-18x12.jpg 18w\" sizes=\"(max-width: 800px) 100vw, 800px\" \/>\t\t\t\t\t\t\t\t\t\t\t\t\t\t\t<\/div>\n\t\t\t\t<\/div>\n\t\t\t\t<\/div>\n\t\t\t\t<\/div>\n\t\t<div class=\"elementor-element elementor-element-a2e7b9c e-flex e-con-boxed e-con e-parent\" data-id=\"a2e7b9c\" data-element_type=\"container\" data-e-type=\"container\">\n\t\t\t\t\t<div class=\"e-con-inner\">\n\t\t\t\t<div class=\"elementor-element elementor-element-ebe76f3 elementor-widget elementor-widget-spacer\" data-id=\"ebe76f3\" data-element_type=\"widget\" data-e-type=\"widget\" data-widget_type=\"spacer.default\">\n\t\t\t\t<div class=\"elementor-widget-container\">\n\t\t\t\t\t\t\t<div class=\"elementor-spacer\">\n\t\t\t<div class=\"elementor-spacer-inner\"><\/div>\n\t\t<\/div>\n\t\t\t\t\t\t<\/div>\n\t\t\t\t<\/div>\n\t\t\t\t\t<\/div>\n\t\t\t\t<\/div>\n\t\t<div class=\"elementor-element elementor-element-eef4a9c e-flex e-con-boxed e-con e-parent\" data-id=\"eef4a9c\" data-element_type=\"container\" data-e-type=\"container\">\n\t\t\t\t\t<div class=\"e-con-inner\">\n\t\t\t\t<div class=\"elementor-element elementor-element-ef423da elementor-widget elementor-widget-elementskit-category-list\" data-id=\"ef423da\" data-element_type=\"widget\" data-e-type=\"widget\" data-widget_type=\"elementskit-category-list.default\">\n\t\t\t\t<div class=\"elementor-widget-container\">\n\t\t\t\t\t<div class=\"ekit-wid-con\" >\t\t<ul class=\"elementor-icon-list-items elementor-inline-items\">\n\t\t\t\t\t\t\t<li class=\"elementor-icon-list-item\">\n\t\t\t\t\t<a href=\"https:\/\/nestingplay.com\/en\/category\/szakmaicikkek\/\" >\n                                                    <span class=\"elementor-icon-list-icon\">\n\t\t\t\t\t\t\t\t<svg aria-hidden=\"true\" class=\"e-font-icon-svg e-far-gem\" viewbox=\"0 0 576 512\" xmlns=\"http:\/\/www.w3.org\/2000\/svg\"><path d=\"M464 0H112c-4 0-7.8 2-10 5.4L2 152.6c-2.9 4.4-2.6 10.2.7 14.2l276 340.8c4.8 5.9 13.8 5.9 18.6 0l276-340.8c3.3-4.1 3.6-9.8.7-14.2L474.1 5.4C471.8 2 468.1 0 464 0zm-19.3 48l63.3 96h-68.4l-51.7-96h56.8zm-202.1 0h90.7l51.7 96H191l51.6-96zm-111.3 0h56.8l-51.7 96H68l63.3-96zm-43 144h51.4L208 352 88.3 192zm102.9 0h193.6L288 435.3 191.2 192zM368 352l68.2-160h51.4L368 352z\"><\/path><\/svg>                            <\/span>\n                                                <span class=\"elementor-icon-list-text\">professional articles<\/span>\n\t\t\t\t\t<\/a>\n\t\t\t\t<\/li>\n\t\t\t\t\t\t<\/ul>\n\t\t<\/div>\t\t\t\t<\/div>\n\t\t\t\t<\/div>\n\t\t\t\t\t<\/div>\n\t\t\t\t<\/div>\n\t\t<div class=\"elementor-element elementor-element-4bc2a16 e-flex e-con-boxed e-con e-parent\" data-id=\"4bc2a16\" data-element_type=\"container\" data-e-type=\"container\">\n\t\t\t\t\t<div class=\"e-con-inner\">\n\t\t\t\t<div class=\"elementor-element elementor-element-1f7d5af elementor-grid-eael-col-2 elementor-grid-tablet-eael-col-2 elementor-grid-mobile-eael-col-1 elementor-widget elementor-widget-eael-post-grid\" data-id=\"1f7d5af\" data-element_type=\"widget\" data-e-type=\"widget\" data-settings=\"{&quot;eael_post_grid_columns&quot;:&quot;eael-col-2&quot;,&quot;eael_post_grid_columns_tablet&quot;:&quot;eael-col-2&quot;,&quot;eael_post_grid_columns_mobile&quot;:&quot;eael-col-1&quot;}\" data-widget_type=\"eael-post-grid.default\">\n\t\t\t\t<div class=\"elementor-widget-container\">\n\t\t\t\t\t<div id=\"eael-post-grid-1f7d5af\" class=\"eael-post-grid-container\">\n            <div class=\"eael-post-grid eael-post-appender eael-post-appender-1f7d5af eael-post-grid-style-two\" data-layout-mode=\"grid\"><article class=\"eael-grid-post  eael-post-grid-column eael-pg-post-3302 category-szakmaicikkek tags-sajatszabalyos-gyerekek\" data-id=\"3302\">\n    <div class=\"eael-grid-post-holder\">\n        <div class=\"eael-grid-post-holder-inner\"><div class=\"eael-entry-media\"><ul class=\"post-carousel-categories\"><li><a href=\"https:\/\/nestingplay.com\/en\/category\/szakmaicikkek\/\">professional articles<\/a><\/li><\/ul><div class=\"eael-entry-overlay fade-in\"><i class=\"fas fa-long-arrow-alt-right\" aria-hidden=\"true\"><\/i><a href=\"https:\/\/nestingplay.com\/en\/mindennapok-a-sajatszabalyos-gyerekekkel\/\"><\/a><\/div><div class=\"eael-entry-thumbnail\">\n                            <img decoding=\"async\" width=\"480\" height=\"253\" src=\"https:\/\/nestingplay.com\/wp-content\/uploads\/2025\/07\/mindennapok.webp\" class=\"attachment-medium_large size-medium_large wp-image-4325\" alt=\"mindennapok\" srcset=\"https:\/\/nestingplay.com\/wp-content\/uploads\/2025\/07\/mindennapok.webp 480w, https:\/\/nestingplay.com\/wp-content\/uploads\/2025\/07\/mindennapok-300x158.webp 300w, https:\/\/nestingplay.com\/wp-content\/uploads\/2025\/07\/mindennapok-18x9.webp 18w\" sizes=\"(max-width: 480px) 100vw, 480px\" \/>\n                            <\/div>\n                    <\/div><div class=\"eael-entry-wrapper\"><header class=\"eael-entry-header\"><h2 class=\"eael-entry-title\"><a class=\"eael-grid-post-link\" href=\"https:\/\/nestingplay.com\/en\/mindennapok-a-sajatszabalyos-gyerekekkel\/\" title=\"Mindennapok a Saj\u00e1tszab\u00e1lyos gyerekekkel \u2013 javaslatok toporz\u00e9kol\u00e1sok ellen 3. r\u00e9sz\">Mindennapok a Saj\u00e1tszab\u00e1lyos gyerekekkel \u2013 javaslatok toporz\u00e9kol\u00e1sok ellen 3. r\u00e9sz<\/a><\/h2><\/header><div class=\"eael-entry-content\">\n                                <div class=\"eael-grid-post-excerpt\"><p><\/p><a href=\"https:\/\/nestingplay.com\/en\/mindennapok-a-sajatszabalyos-gyerekekkel\/\" class=\"eael-post-elements-readmore-btn\">Tov\u00e1bb olvasom...<\/a><\/div>\n                            <\/div><div class=\"eael-entry-header-after style-two\"><div class=\"eael-entry-meta\"><span class=\"eael-meta-posted-on\"><i class=\"far fa-clock\"><\/i><time datetime=\"November 3, 2025\">November 3, 2025<\/time><\/span><ul class=\"post-meta-categories\"><li class=\"meta-cat-icon\"><i class=\"far fa-folder-open\"><\/i><\/li><li><a href=\"https:\/\/nestingplay.com\/en\/category\/szakmaicikkek\/\">professional articles <\/a><\/li><\/ul><\/div><\/div><\/div><\/div>\n    <\/div>\n<\/article><article class=\"eael-grid-post  eael-post-grid-column eael-pg-post-3299 category-szakmaicikkek tags-sajatszabalyos-gyerekek\" data-id=\"3299\">\n    <div class=\"eael-grid-post-holder\">\n        <div class=\"eael-grid-post-holder-inner\"><div class=\"eael-entry-media\"><ul class=\"post-carousel-categories\"><li><a href=\"https:\/\/nestingplay.com\/en\/category\/szakmaicikkek\/\">professional articles<\/a><\/li><\/ul><div class=\"eael-entry-overlay fade-in\"><i class=\"fas fa-long-arrow-alt-right\" aria-hidden=\"true\"><\/i><a href=\"https:\/\/nestingplay.com\/en\/sajatszabalyos-a-gyerekem-kapaszkodok\/\"><\/a><\/div><div class=\"eael-entry-thumbnail\">\n                            <img decoding=\"async\" width=\"713\" height=\"399\" src=\"https:\/\/nestingplay.com\/wp-content\/uploads\/2025\/07\/sajatszab1.jpg\" class=\"attachment-medium_large size-medium_large wp-image-4319\" alt=\"kapaszkod\u00f3k\" srcset=\"https:\/\/nestingplay.com\/wp-content\/uploads\/2025\/07\/sajatszab1.jpg 713w, https:\/\/nestingplay.com\/wp-content\/uploads\/2025\/07\/sajatszab1-300x168.jpg 300w, https:\/\/nestingplay.com\/wp-content\/uploads\/2025\/07\/sajatszab1-18x10.jpg 18w\" sizes=\"(max-width: 713px) 100vw, 713px\" \/>\n                            <\/div>\n                    <\/div><div class=\"eael-entry-wrapper\"><header class=\"eael-entry-header\"><h2 class=\"eael-entry-title\"><a class=\"eael-grid-post-link\" href=\"https:\/\/nestingplay.com\/en\/sajatszabalyos-a-gyerekem-kapaszkodok\/\" title=\"Saj\u00e1tszab\u00e1lyos a gyerekem? Kapaszkod\u00f3k, amik seg\u00edtenek eld\u00f6nteni 2. r\u00e9sz\">Saj\u00e1tszab\u00e1lyos a gyerekem? Kapaszkod\u00f3k, amik seg\u00edtenek eld\u00f6nteni 2. r\u00e9sz<\/a><\/h2><\/header><div class=\"eael-entry-content\">\n                                <div class=\"eael-grid-post-excerpt\"><p><\/p><a href=\"https:\/\/nestingplay.com\/en\/sajatszabalyos-a-gyerekem-kapaszkodok\/\" class=\"eael-post-elements-readmore-btn\">Tov\u00e1bb olvasom...<\/a><\/div>\n                            <\/div><div class=\"eael-entry-header-after style-two\"><div class=\"eael-entry-meta\"><span class=\"eael-meta-posted-on\"><i class=\"far fa-clock\"><\/i><time datetime=\"October 20, 2025\">October 20, 2025<\/time><\/span><ul class=\"post-meta-categories\"><li class=\"meta-cat-icon\"><i class=\"far fa-folder-open\"><\/i><\/li><li><a href=\"https:\/\/nestingplay.com\/en\/category\/szakmaicikkek\/\">professional articles <\/a><\/li><\/ul><\/div><\/div><\/div><\/div>\n    <\/div>\n<\/article><article class=\"eael-grid-post  eael-post-grid-column eael-pg-post-3167 category-szakmaicikkek tags-sajatszabalyos-gyerekek\" data-id=\"3167\">\n    <div class=\"eael-grid-post-holder\">\n        <div class=\"eael-grid-post-holder-inner\"><div class=\"eael-entry-media\"><ul class=\"post-carousel-categories\"><li><a href=\"https:\/\/nestingplay.com\/en\/category\/szakmaicikkek\/\">professional articles<\/a><\/li><\/ul><div class=\"eael-entry-overlay fade-in\"><i class=\"fas fa-long-arrow-alt-right\" aria-hidden=\"true\"><\/i><a href=\"https:\/\/nestingplay.com\/en\/kilognak-a-sorbol-sajatszabalyosok\/\"><\/a><\/div><div class=\"eael-entry-thumbnail\">\n                            <img loading=\"lazy\" decoding=\"async\" width=\"768\" height=\"451\" src=\"https:\/\/nestingplay.com\/wp-content\/uploads\/2025\/07\/furcsak-768x451.jpg\" class=\"attachment-medium_large size-medium_large wp-image-4313\" alt=\"kil\u00f3gnak a sorb\u00f3l\" srcset=\"https:\/\/nestingplay.com\/wp-content\/uploads\/2025\/07\/furcsak-768x451.jpg 768w, https:\/\/nestingplay.com\/wp-content\/uploads\/2025\/07\/furcsak-300x176.jpg 300w, https:\/\/nestingplay.com\/wp-content\/uploads\/2025\/07\/furcsak-18x12.jpg 18w, https:\/\/nestingplay.com\/wp-content\/uploads\/2025\/07\/furcsak.jpg 840w\" sizes=\"(max-width: 768px) 100vw, 768px\" \/>\n                            <\/div>\n                    <\/div><div class=\"eael-entry-wrapper\"><header class=\"eael-entry-header\"><h2 class=\"eael-entry-title\"><a class=\"eael-grid-post-link\" href=\"https:\/\/nestingplay.com\/en\/kilognak-a-sorbol-sajatszabalyosok\/\" title=\"Furcs\u00e1k, kil\u00f3gnak a sorb\u00f3l, m\u00e1sok? Nem, saj\u00e1tszab\u00e1lyosok! 1. r\u00e9sz\">Furcs\u00e1k, kil\u00f3gnak a sorb\u00f3l, m\u00e1sok? Nem, saj\u00e1tszab\u00e1lyosok! 1. r\u00e9sz<\/a><\/h2><\/header><div class=\"eael-entry-content\">\n                                <div class=\"eael-grid-post-excerpt\"><p><\/p><a href=\"https:\/\/nestingplay.com\/en\/kilognak-a-sorbol-sajatszabalyosok\/\" class=\"eael-post-elements-readmore-btn\">Tov\u00e1bb olvasom...<\/a><\/div>\n                            <\/div><div class=\"eael-entry-header-after style-two\"><div class=\"eael-entry-meta\"><span class=\"eael-meta-posted-on\"><i class=\"far fa-clock\"><\/i><time datetime=\"October 20, 2025\">October 20, 2025<\/time><\/span><ul class=\"post-meta-categories\"><li class=\"meta-cat-icon\"><i class=\"far fa-folder-open\"><\/i><\/li><li><a href=\"https:\/\/nestingplay.com\/en\/category\/szakmaicikkek\/\">professional articles <\/a><\/li><\/ul><\/div><\/div><\/div><\/div>\n    <\/div>\n<\/article><article class=\"eael-grid-post  eael-post-grid-column eael-pg-post-4329 category-szakmaicikkek tags-atipikus-gyerekek-sajatszabalyos-gyerekek\" data-id=\"4329\">\n    <div class=\"eael-grid-post-holder\">\n        <div class=\"eael-grid-post-holder-inner\"><div class=\"eael-entry-media\"><ul class=\"post-carousel-categories\"><li><a href=\"https:\/\/nestingplay.com\/en\/category\/szakmaicikkek\/\">professional articles<\/a><\/li><\/ul><div class=\"eael-entry-overlay fade-in\"><i class=\"fas fa-long-arrow-alt-right\" aria-hidden=\"true\"><\/i><a href=\"https:\/\/nestingplay.com\/en\/atipikus-gyerekek-hogyan-lehetne-konnyebb-az-iskolai-beilleszkedes-kapcsolodas\/\"><\/a><\/div><div class=\"eael-entry-thumbnail\">\n                            <img loading=\"lazy\" decoding=\"async\" width=\"768\" height=\"432\" src=\"https:\/\/nestingplay.com\/wp-content\/uploads\/2025\/11\/atipikus-768x432.jpeg\" class=\"attachment-medium_large size-medium_large wp-image-4332\" alt=\"Atipikus gyerekek\" srcset=\"https:\/\/nestingplay.com\/wp-content\/uploads\/2025\/11\/atipikus-768x432.jpeg 768w, https:\/\/nestingplay.com\/wp-content\/uploads\/2025\/11\/atipikus-300x169.jpeg 300w, https:\/\/nestingplay.com\/wp-content\/uploads\/2025\/11\/atipikus-1024x576.jpeg 1024w, https:\/\/nestingplay.com\/wp-content\/uploads\/2025\/11\/atipikus-18x10.jpeg 18w, https:\/\/nestingplay.com\/wp-content\/uploads\/2025\/11\/atipikus.jpeg 1170w\" sizes=\"(max-width: 768px) 100vw, 768px\" \/>\n                            <\/div>\n                    <\/div><div class=\"eael-entry-wrapper\"><header class=\"eael-entry-header\"><h2 class=\"eael-entry-title\"><a class=\"eael-grid-post-link\" href=\"https:\/\/nestingplay.com\/en\/atipikus-gyerekek-hogyan-lehetne-konnyebb-az-iskolai-beilleszkedes-kapcsolodas\/\" title=\"Atipikus gyerekek: hogyan lehetne k\u00f6nnyebb az iskolai beilleszked\u00e9s, kapcsol\u00f3d\u00e1s?\">Atipikus gyerekek: hogyan lehetne k\u00f6nnyebb az iskolai beilleszked\u00e9s, kapcsol\u00f3d\u00e1s?<\/a><\/h2><\/header><div class=\"eael-entry-content\">\n                                <div class=\"eael-grid-post-excerpt\"><p><\/p><a href=\"https:\/\/nestingplay.com\/en\/atipikus-gyerekek-hogyan-lehetne-konnyebb-az-iskolai-beilleszkedes-kapcsolodas\/\" class=\"eael-post-elements-readmore-btn\">Tov\u00e1bb olvasom...<\/a><\/div>\n                            <\/div><div class=\"eael-entry-header-after style-two\"><div class=\"eael-entry-meta\"><span class=\"eael-meta-posted-on\"><i class=\"far fa-clock\"><\/i><time datetime=\"September 29, 2025\">September 29, 2025<\/time><\/span><ul class=\"post-meta-categories\"><li class=\"meta-cat-icon\"><i class=\"far fa-folder-open\"><\/i><\/li><li><a href=\"https:\/\/nestingplay.com\/en\/category\/szakmaicikkek\/\">professional articles <\/a><\/li><\/ul><\/div><\/div><\/div><\/div>\n    <\/div>\n<\/article><\/div>\n            <div class=\"clearfix\"><\/div>\n        <\/div>\t\t\t\t<\/div>\n\t\t\t\t<\/div>\n\t\t\t\t\t<\/div>\n\t\t\t\t<\/div>\n\t\t\t\t<\/div>\n\t\t\n    <div class=\"xs_social_share_widget xs_share_url after_content \t\tmain_content  wslu-style-1 wslu-share-box-shaped wslu-fill-colored wslu-none wslu-share-horizontal wslu-theme-font-no wslu-main_content\">\n\n\t\t\n        <ul>\n\t\t\t        <\/ul>\n    <\/div>","protected":false},"excerpt":{"rendered":"<p>Megjelen\u00e9seink a nagyvil\u00e1gban szakmaicikkek szakmaicikkek Mindennapok a Saj\u00e1tszab\u00e1lyos gyerekekkel \u2013 javaslatok toporz\u00e9kol\u00e1sok ellen 3. r\u00e9sz Tov\u00e1bb olvasom&#8230; november 3, 2025 szakmaicikkek szakmaicikkek Saj\u00e1tszab\u00e1lyos a gyerekem? Kapaszkod\u00f3k, amik seg\u00edtenek eld\u00f6nteni 2. r\u00e9sz Tov\u00e1bb olvasom&#8230; okt\u00f3ber 20, 2025 szakmaicikkek szakmaicikkek Furcs\u00e1k, kil\u00f3gnak a sorb\u00f3l, m\u00e1sok? Nem, saj\u00e1tszab\u00e1lyosok! 1. r\u00e9sz Tov\u00e1bb olvasom&#8230; okt\u00f3ber 20, 2025 szakmaicikkek<\/p>","protected":false},"author":6,"featured_media":0,"parent":0,"menu_order":0,"comment_status":"closed","ping_status":"closed","template":"","meta":{"_eb_attr":"","footnotes":""},"class_list":["post-4152","page","type-page","status-publish","hentry"],"_links":{"self":[{"href":"https:\/\/nestingplay.com\/en\/wp-json\/wp\/v2\/pages\/4152","targetHints":{"allow":["GET"]}}],"collection":[{"href":"https:\/\/nestingplay.com\/en\/wp-json\/wp\/v2\/pages"}],"about":[{"href":"https:\/\/nestingplay.com\/en\/wp-json\/wp\/v2\/types\/page"}],"author":[{"embeddable":true,"href":"https:\/\/nestingplay.com\/en\/wp-json\/wp\/v2\/users\/6"}],"replies":[{"embeddable":true,"href":"https:\/\/nestingplay.com\/en\/wp-json\/wp\/v2\/comments?post=4152"}],"version-history":[{"count":38,"href":"https:\/\/nestingplay.com\/en\/wp-json\/wp\/v2\/pages\/4152\/revisions"}],"predecessor-version":[{"id":4328,"href":"https:\/\/nestingplay.com\/en\/wp-json\/wp\/v2\/pages\/4152\/revisions\/4328"}],"wp:attachment":[{"href":"https:\/\/nestingplay.com\/en\/wp-json\/wp\/v2\/media?parent=4152"}],"curies":[{"name":"wp","href":"https:\/\/api.w.org\/{rel}","templated":true}]}}