{"id":3981,"date":"2025-10-24T12:21:44","date_gmt":"2025-10-24T10:21:44","guid":{"rendered":"https:\/\/nestingplay.com\/?page_id=3981"},"modified":"2026-03-05T09:00:33","modified_gmt":"2026-03-05T08:00:33","slug":"hogyan-tanulj-a-gyerekkel-workshop-szuloknek","status":"publish","type":"page","link":"https:\/\/nestingplay.com\/en\/hogyan-tanulj-a-gyerekkel-workshop-szuloknek\/","title":{"rendered":"\u201cHow to Study with Your Child\u201d \u2013 Workshop for Parents"},"content":{"rendered":"<div data-elementor-type=\"wp-page\" data-elementor-id=\"3981\" class=\"elementor elementor-3981\" data-elementor-post-type=\"page\">\n\t\t\t\t<div class=\"elementor-element elementor-element-391dd263 e-flex e-con-boxed e-con e-parent\" data-id=\"391dd263\" data-element_type=\"container\" data-e-type=\"container\">\n\t\t\t\t\t<div class=\"e-con-inner\">\n\t\t<div class=\"elementor-element elementor-element-30ba6448 e-con-full e-flex e-con e-child\" data-id=\"30ba6448\" data-element_type=\"container\" data-e-type=\"container\">\n\t\t<div class=\"elementor-element elementor-element-41875f45 e-con-full e-flex e-con e-child\" data-id=\"41875f45\" data-element_type=\"container\" data-e-type=\"container\">\n\t\t<div class=\"elementor-element elementor-element-2c526228 e-con-full e-flex e-con e-child\" data-id=\"2c526228\" data-element_type=\"container\" data-e-type=\"container\" data-settings=\"{&quot;background_background&quot;:&quot;classic&quot;}\">\n\t\t<div class=\"elementor-element elementor-element-2c4406a6 e-con-full e-flex e-con e-child\" data-id=\"2c4406a6\" data-element_type=\"container\" data-e-type=\"container\">\n\t\t\t\t<div class=\"elementor-element elementor-element-51d1b27 elementor-widget elementor-widget-heading\" data-id=\"51d1b27\" data-element_type=\"widget\" data-e-type=\"widget\" id=\"tanuljunk\" data-widget_type=\"heading.default\">\n\t\t\t\t<div class=\"elementor-widget-container\">\n\t\t\t\t\t<h2 class=\"elementor-heading-title elementor-size-default\"><b>\u201cHow to Study with Your Child\u201d \u2013 Workshop for Parents<\/b><\/h2>\t\t\t\t<\/div>\n\t\t\t\t<\/div>\n\t\t\t\t<\/div>\n\t\t\t\t<\/div>\n\t\t\t\t<\/div>\n\t\t\t\t<\/div>\n\t\t<div class=\"elementor-element elementor-element-3b5fe6d7 e-con-full e-flex e-con e-child\" data-id=\"3b5fe6d7\" data-element_type=\"container\" data-e-type=\"container\">\n\t\t\t\t<div class=\"elementor-element elementor-element-1580c51a elementor-widget elementor-widget-image\" data-id=\"1580c51a\" data-element_type=\"widget\" data-e-type=\"widget\" data-widget_type=\"image.default\">\n\t\t\t\t<div class=\"elementor-widget-container\">\n\t\t\t\t\t\t\t\t\t\t\t\t\t\t\t<img fetchpriority=\"high\" decoding=\"async\" width=\"768\" height=\"512\" src=\"https:\/\/nestingplay.com\/wp-content\/uploads\/2025\/10\/pexels-pixabay-159823-1-scaled-1-768x512.jpg\" class=\"attachment-medium_large size-medium_large wp-image-3983\" alt=\"\" srcset=\"https:\/\/nestingplay.com\/wp-content\/uploads\/2025\/10\/pexels-pixabay-159823-1-scaled-1-768x512.jpg 768w, https:\/\/nestingplay.com\/wp-content\/uploads\/2025\/10\/pexels-pixabay-159823-1-scaled-1-300x200.jpg 300w, https:\/\/nestingplay.com\/wp-content\/uploads\/2025\/10\/pexels-pixabay-159823-1-scaled-1-1024x683.jpg 1024w, https:\/\/nestingplay.com\/wp-content\/uploads\/2025\/10\/pexels-pixabay-159823-1-scaled-1-1536x1024.jpg 1536w, https:\/\/nestingplay.com\/wp-content\/uploads\/2025\/10\/pexels-pixabay-159823-1-scaled-1-2048x1366.jpg 2048w, https:\/\/nestingplay.com\/wp-content\/uploads\/2025\/10\/pexels-pixabay-159823-1-scaled-1-18x12.jpg 18w\" sizes=\"(max-width: 768px) 100vw, 768px\" \/>\t\t\t\t\t\t\t\t\t\t\t\t\t\t\t<\/div>\n\t\t\t\t<\/div>\n\t\t\t\t<\/div>\n\t\t<div class=\"elementor-element elementor-element-f44d5d e-con-full e-flex e-con e-child\" data-id=\"f44d5d\" data-element_type=\"container\" data-e-type=\"container\">\n\t\t\t\t<div class=\"elementor-element elementor-element-6962e717 elementor-widget elementor-widget-text-editor\" data-id=\"6962e717\" data-element_type=\"widget\" data-e-type=\"widget\" data-widget_type=\"text-editor.default\">\n\t\t\t\t<div class=\"elementor-widget-container\">\n\t\t\t\t\t\t\t\t\t<p>Photo: Pixabay<\/p>\t\t\t\t\t\t\t\t<\/div>\n\t\t\t\t<\/div>\n\t\t\t\t<\/div>\n\t\t<div class=\"elementor-element elementor-element-170cd9cd e-flex e-con-boxed e-con e-child\" data-id=\"170cd9cd\" data-element_type=\"container\" data-e-type=\"container\">\n\t\t\t\t\t<div class=\"e-con-inner\">\n\t\t\t\t<div class=\"elementor-element elementor-element-68b4afe9 elementor-widget elementor-widget-text-editor\" data-id=\"68b4afe9\" data-element_type=\"widget\" data-e-type=\"widget\" data-widget_type=\"text-editor.default\">\n\t\t\t\t<div class=\"elementor-widget-container\">\n\t\t\t\t\t\t\t\t\t<p><span style=\"font-weight: 400;\">To make studying easier and more of a positive experience, we created a practical workshop for parents, held regularly both online and in person. During the session, we share real-life tips and tools on how to turn a stressful study session into a productive, peaceful cooperation.<\/span><\/p><p><span style=\"font-weight: 400;\">To make studying easier and more of a positive experience, we created a practical workshop for parents, held regularly both online and in person. During the session, we share real-life tips and tools on how to turn a stressful study session into a productive, peaceful cooperation.\u00a0<\/span><\/p><p><span style=\"font-weight: 400;\">Most of our workshops are held quarterly, but parents are always welcome to contact us between sessions for personal consultations to discuss challenges and find solutions.<\/span><\/p>\t\t\t\t\t\t\t\t<\/div>\n\t\t\t\t<\/div>\n\t\t\t\t\t<\/div>\n\t\t\t\t<\/div>\n\t\t<div class=\"elementor-element elementor-element-2d3cef30 e-con-full e-flex e-con e-child\" data-id=\"2d3cef30\" data-element_type=\"container\" data-e-type=\"container\">\n\t\t\t\t<div class=\"elementor-element elementor-element-72bce736 elementor-align-right elementor-widget__width-initial e-transform only-hu elementor-widget elementor-widget-button\" data-id=\"72bce736\" data-element_type=\"widget\" data-e-type=\"widget\" data-settings=\"{&quot;_transform_scale_effect_hover&quot;:{&quot;unit&quot;:&quot;px&quot;,&quot;size&quot;:0.90000000000000002220446049250313080847263336181640625,&quot;sizes&quot;:[]},&quot;_transform_scale_effect_hover_tablet&quot;:{&quot;unit&quot;:&quot;px&quot;,&quot;size&quot;:&quot;&quot;,&quot;sizes&quot;:[]},&quot;_transform_scale_effect_hover_mobile&quot;:{&quot;unit&quot;:&quot;px&quot;,&quot;size&quot;:&quot;&quot;,&quot;sizes&quot;:[]}}\" data-widget_type=\"button.default\">\n\t\t\t\t<div class=\"elementor-widget-container\">\n\t\t\t\t\t\t\t\t\t<div class=\"elementor-button-wrapper\">\n\t\t\t\t\t<a class=\"elementor-button elementor-button-link elementor-size-sm\" href=\"mailto:info@nestingplay.com\" target=\"_blank\">\n\t\t\t\t\t\t<span class=\"elementor-button-content-wrapper\">\n\t\t\t\t\t\t\t\t\t<span class=\"elementor-button-text\">Learn more<\/span>\n\t\t\t\t\t<\/span>\n\t\t\t\t\t<\/a>\n\t\t\t\t<\/div>\n\t\t\t\t\t\t\t\t<\/div>\n\t\t\t\t<\/div>\n\t\t\t\t<div class=\"elementor-element elementor-element-89560b6 elementor-align-right elementor-widget__width-initial e-transform only-en elementor-widget elementor-widget-button\" data-id=\"89560b6\" data-element_type=\"widget\" data-e-type=\"widget\" data-settings=\"{&quot;_transform_scale_effect_hover&quot;:{&quot;unit&quot;:&quot;px&quot;,&quot;size&quot;:0.90000000000000002220446049250313080847263336181640625,&quot;sizes&quot;:[]},&quot;_transform_scale_effect_hover_tablet&quot;:{&quot;unit&quot;:&quot;px&quot;,&quot;size&quot;:&quot;&quot;,&quot;sizes&quot;:[]},&quot;_transform_scale_effect_hover_mobile&quot;:{&quot;unit&quot;:&quot;px&quot;,&quot;size&quot;:&quot;&quot;,&quot;sizes&quot;:[]}}\" data-widget_type=\"button.default\">\n\t\t\t\t<div class=\"elementor-widget-container\">\n\t\t\t\t\t\t\t\t\t<div class=\"elementor-button-wrapper\">\n\t\t\t\t\t<a class=\"elementor-button elementor-button-link elementor-size-sm\" href=\"mailto:info@nestingplay.com?subject=sz\u00fcl\u0151i%20medi\u00e1ci\u00f3\" target=\"_blank\">\n\t\t\t\t\t\t<span class=\"elementor-button-content-wrapper\">\n\t\t\t\t\t\t\t\t\t<span class=\"elementor-button-text\">Contact us<\/span>\n\t\t\t\t\t<\/span>\n\t\t\t\t\t<\/a>\n\t\t\t\t<\/div>\n\t\t\t\t\t\t\t\t<\/div>\n\t\t\t\t<\/div>\n\t\t\t\t<\/div>\n\t\t\t\t\t<\/div>\n\t\t\t\t<\/div>\n\t\t<div class=\"elementor-element elementor-element-42fef047 e-flex e-con-boxed e-con e-parent\" data-id=\"42fef047\" data-element_type=\"container\" data-e-type=\"container\">\n\t\t\t\t\t<div class=\"e-con-inner\">\n\t\t\t\t<div class=\"elementor-element elementor-element-6beef577 elementor-widget elementor-widget-menu-anchor\" data-id=\"6beef577\" data-element_type=\"widget\" data-e-type=\"widget\" data-widget_type=\"menu-anchor.default\">\n\t\t\t\t<div class=\"elementor-widget-container\">\n\t\t\t\t\t\t\t<div class=\"elementor-menu-anchor\" id=\"workshopfb\"><\/div>\n\t\t\t\t\t\t<\/div>\n\t\t\t\t<\/div>\n\t\t\t\t\t<\/div>\n\t\t\t\t<\/div>\n\t\t<div class=\"elementor-element elementor-element-24d49564 e-flex e-con-boxed e-con e-parent\" data-id=\"24d49564\" data-element_type=\"container\" data-e-type=\"container\">\n\t\t\t\t\t<div class=\"e-con-inner\">\n\t\t<div class=\"elementor-element elementor-element-4992e09e e-con-full e-flex e-con e-child\" data-id=\"4992e09e\" data-element_type=\"container\" data-e-type=\"container\">\n\t\t\t\t<div class=\"elementor-element elementor-element-67820c28 elementor-widget elementor-widget-text-editor\" data-id=\"67820c28\" data-element_type=\"widget\" data-e-type=\"widget\" data-widget_type=\"text-editor.default\">\n\t\t\t\t<div class=\"elementor-widget-container\">\n\t\t\t\t\t\t\t\t\t<p><span style=\"font-weight: 400;\">We also regularly organize events on shared studying and play \u2013 these are announced on our <strong>Facebook page<\/strong> , so follow us for updates.<\/span><\/p>\t\t\t\t\t\t\t\t<\/div>\n\t\t\t\t<\/div>\n\t\t\t\t<\/div>\n\t\t<div class=\"elementor-element elementor-element-2e11dedc e-con-full e-flex e-con e-child\" data-id=\"2e11dedc\" data-element_type=\"container\" data-e-type=\"container\">\n\t\t\t\t<div class=\"elementor-element elementor-element-16c7807c elementor-widget elementor-widget-facebook-page\" data-id=\"16c7807c\" data-element_type=\"widget\" data-e-type=\"widget\" data-widget_type=\"facebook-page.default\">\n\t\t\t\t<div class=\"elementor-widget-container\">\n\t\t\t\t\t<div class=\"elementor-facebook-widget fb-page\" data-href=\"https:\/\/www.facebook.com\/nestingplay\" data-tabs=\"timeline\" data-height=\"500px\" data-width=\"500px\" data-small-header=\"false\" data-hide-cover=\"false\" data-show-facepile=\"true\" data-hide-cta=\"false\" style=\"min-height: 1px;height:500px\"><\/div>\t\t\t\t<\/div>\n\t\t\t\t<\/div>\n\t\t\t\t<\/div>\n\t\t\t\t\t<\/div>\n\t\t\t\t<\/div>\n\t\t<div class=\"elementor-element elementor-element-592d78f1 e-con-full e-flex e-con e-parent\" data-id=\"592d78f1\" data-element_type=\"container\" data-e-type=\"container\" data-settings=\"{&quot;background_background&quot;:&quot;classic&quot;}\">\n\t\t<div class=\"elementor-element elementor-element-5c21e91a e-con-full e-flex e-con e-child\" data-id=\"5c21e91a\" data-element_type=\"container\" data-e-type=\"container\">\n\t\t\t\t<div class=\"elementor-element elementor-element-c962d70 elementor-widget elementor-widget-heading\" data-id=\"c962d70\" data-element_type=\"widget\" data-e-type=\"widget\" data-widget_type=\"heading.default\">\n\t\t\t\t<div class=\"elementor-widget-container\">\n\t\t\t\t\t<h2 class=\"elementor-heading-title elementor-size-default\">Feedback from Workshop for Parents<\/h2>\t\t\t\t<\/div>\n\t\t\t\t<\/div>\n\t\t\t\t<\/div>\n\t\t<div class=\"elementor-element elementor-element-3a96a40f e-con-full e-flex e-con e-child\" data-id=\"3a96a40f\" data-element_type=\"container\" data-e-type=\"container\" data-settings=\"{&quot;background_background&quot;:&quot;classic&quot;}\">\n\t\t\t\t<div class=\"elementor-element elementor-element-4772504b elementor-testimonial--skin-default elementor-testimonial--layout-image_inline elementor-testimonial--align-center elementor-arrows-yes elementor-pagination-type-bullets elementor-widget elementor-widget-testimonial-carousel\" data-id=\"4772504b\" data-element_type=\"widget\" data-e-type=\"widget\" data-settings=\"{&quot;autoplay_speed&quot;:4000,&quot;show_arrows&quot;:&quot;yes&quot;,&quot;pagination&quot;:&quot;bullets&quot;,&quot;speed&quot;:500,&quot;autoplay&quot;:&quot;yes&quot;,&quot;loop&quot;:&quot;yes&quot;,&quot;pause_on_hover&quot;:&quot;yes&quot;,&quot;pause_on_interaction&quot;:&quot;yes&quot;,&quot;space_between&quot;:{&quot;unit&quot;:&quot;px&quot;,&quot;size&quot;:10,&quot;sizes&quot;:[]},&quot;space_between_tablet&quot;:{&quot;unit&quot;:&quot;px&quot;,&quot;size&quot;:10,&quot;sizes&quot;:[]},&quot;space_between_mobile&quot;:{&quot;unit&quot;:&quot;px&quot;,&quot;size&quot;:10,&quot;sizes&quot;:[]}}\" data-widget_type=\"testimonial-carousel.default\">\n\t\t\t\t<div class=\"elementor-widget-container\">\n\t\t\t\t\t\t\t\t\t<div class=\"elementor-swiper\">\n\t\t\t\t\t<div class=\"elementor-main-swiper swiper\" role=\"region\" aria-roledescription=\"carousel\" aria-label=\"NestiFoci\">\n\t\t\t\t<div class=\"swiper-wrapper\">\n\t\t\t\t\t\t\t\t\t\t\t<div class=\"swiper-slide\" role=\"group\" aria-roledescription=\"slide\">\n\t\t\t\t\t\t\t\t\t<div class=\"elementor-testimonial\">\n\t\t\t\t\t\t\t<div class=\"elementor-testimonial__content\">\n\t\t\t\t\t<div class=\"elementor-testimonial__text\">\n\t\t\t\t\t\t\u201cFinally, I know that I\u2019m not alone. It\u2019s hard to talk about these challenges and to process them, but here I received a lot of practical and helpful advice.\u201d\t\t\t\t\t<\/div>\n\t\t\t\t\t\t\t\t\t<\/div>\n\t\t\t\t\t\t<div class=\"elementor-testimonial__footer\">\n\t\t\t\t\t\t\t\t<cite class=\"elementor-testimonial__cite\"><span class=\"elementor-testimonial__name\">Margit<\/span><span class=\"elementor-testimonial__title\">Zal\u00e1n's mom<\/span><\/cite>\t\t\t<\/div>\n\t\t<\/div>\n\t\t\t\t\t\t\t\t<\/div>\n\t\t\t\t\t\t\t\t\t\t\t<div class=\"swiper-slide\" role=\"group\" aria-roledescription=\"slide\">\n\t\t\t\t\t\t\t\t\t<div class=\"elementor-testimonial\">\n\t\t\t\t\t\t\t<div class=\"elementor-testimonial__content\">\n\t\t\t\t\t<div class=\"elementor-testimonial__text\">\n\t\t\t\t\t\t\u201cThe most important message for me was \u2018just five minutes\u2019. Not expecting everything at once \u2014 neither from my child nor from myself. I feel calmer now.\u201d\t\t\t\t\t<\/div>\n\t\t\t\t\t\t\t\t\t<\/div>\n\t\t\t\t\t\t<div class=\"elementor-testimonial__footer\">\n\t\t\t\t\t\t\t\t<cite class=\"elementor-testimonial__cite\"><span class=\"elementor-testimonial__name\">Kriszta<\/span><span class=\"elementor-testimonial__title\">Fl\u00f3ra's mom<\/span><\/cite>\t\t\t<\/div>\n\t\t<\/div>\n\t\t\t\t\t\t\t\t<\/div>\n\t\t\t\t\t\t\t\t\t\t\t<div class=\"swiper-slide\" role=\"group\" aria-roledescription=\"slide\">\n\t\t\t\t\t\t\t\t\t<div class=\"elementor-testimonial\">\n\t\t\t\t\t\t\t<div class=\"elementor-testimonial__content\">\n\t\t\t\t\t<div class=\"elementor-testimonial__text\">\n\t\t\t\t\t\t\u201cWe received many useful tips at the workshop, and I\u2019ll definitely try several of them with my second-grader.\u201d\t\t\t\t\t<\/div>\n\t\t\t\t\t\t\t\t\t<\/div>\n\t\t\t\t\t\t<div class=\"elementor-testimonial__footer\">\n\t\t\t\t\t\t\t\t<cite class=\"elementor-testimonial__cite\"><span class=\"elementor-testimonial__name\">Andr\u00e1s<\/span><span class=\"elementor-testimonial__title\">Beni's father<\/span><\/cite>\t\t\t<\/div>\n\t\t<\/div>\n\t\t\t\t\t\t\t\t<\/div>\n\t\t\t\t\t\t\t\t\t<\/div>\n\t\t\t\t\t\t\t\t\t\t\t\t\t\t\t<div class=\"elementor-swiper-button elementor-swiper-button-prev\" role=\"button\" tabindex=\"0\" aria-label=\"Previous\">\n\t\t\t\t\t\t\t<svg aria-hidden=\"true\" class=\"e-font-icon-svg e-eicon-chevron-left\" viewbox=\"0 0 1000 1000\" xmlns=\"http:\/\/www.w3.org\/2000\/svg\"><path d=\"M646 125C629 125 613 133 604 142L308 442C296 454 292 471 292 487 292 504 296 521 308 533L604 854C617 867 629 875 646 875 663 875 679 871 692 858 704 846 713 829 713 812 713 796 708 779 692 767L438 487 692 225C700 217 708 204 708 187 708 171 704 154 692 142 675 129 663 125 646 125Z\"><\/path><\/svg>\t\t\t\t\t\t<\/div>\n\t\t\t\t\t\t<div class=\"elementor-swiper-button elementor-swiper-button-next\" role=\"button\" tabindex=\"0\" aria-label=\"Next\">\n\t\t\t\t\t\t\t<svg aria-hidden=\"true\" class=\"e-font-icon-svg e-eicon-chevron-right\" viewbox=\"0 0 1000 1000\" xmlns=\"http:\/\/www.w3.org\/2000\/svg\"><path d=\"M696 533C708 521 713 504 713 487 713 471 708 454 696 446L400 146C388 133 375 125 354 125 338 125 325 129 313 142 300 154 292 171 292 187 292 204 296 221 308 233L563 492 304 771C292 783 288 800 288 817 288 833 296 850 308 863 321 871 338 875 354 875 371 875 388 867 400 854L696 533Z\"><\/path><\/svg>\t\t\t\t\t\t<\/div>\n\t\t\t\t\t\t\t\t\t\t\t\t\t\t\t\t<div class=\"swiper-pagination\"><\/div>\n\t\t\t\t\t\t\t\t\t\t\t\t<\/div>\n\t\t\t\t<\/div>\n\t\t\t\t\t\t\t\t<\/div>\n\t\t\t\t<\/div>\n\t\t\t\t<\/div>\n\t\t\t\t<\/div>\n\t\t\t\t<\/div>\n\t\t\n    <div class=\"xs_social_share_widget xs_share_url after_content \t\tmain_content  wslu-style-1 wslu-share-box-shaped wslu-fill-colored wslu-none wslu-share-horizontal wslu-theme-font-no wslu-main_content\">\n\n\t\t\n        <ul>\n\t\t\t        <\/ul>\n    <\/div>","protected":false},"excerpt":{"rendered":"<p>\u201cHogyan tanulj a gyerekkel\u201d workshop sz\u00fcl\u0151knek Photo: Pixabay Nem minden gyerekkel egyszer\u0171 otthon tanulni. Van, aki az id\u0151t h\u00fazza, csak hogy ne kelljen neki\u00e1llnia a tanul\u00e1snak, van aki tanul\u00e1s k\u00f6zben v\u00e9gig m\u00e1shova figyel, van akinek a l\u00e1ba \u00e9s a keze j\u00e1r folyamatosan \u00e9s van olyan is, aki v\u00e9gigbesz\u00e9li a tanul\u00e1si id\u0151t, \u00e9s k\u00e9ptelen koncentr\u00e1lni. \u00c9s [&hellip;]<\/p>\n","protected":false},"author":6,"featured_media":0,"parent":0,"menu_order":0,"comment_status":"closed","ping_status":"closed","template":"","meta":{"_eb_attr":"","footnotes":""},"class_list":["post-3981","page","type-page","status-publish","hentry"],"_links":{"self":[{"href":"https:\/\/nestingplay.com\/en\/wp-json\/wp\/v2\/pages\/3981","targetHints":{"allow":["GET"]}}],"collection":[{"href":"https:\/\/nestingplay.com\/en\/wp-json\/wp\/v2\/pages"}],"about":[{"href":"https:\/\/nestingplay.com\/en\/wp-json\/wp\/v2\/types\/page"}],"author":[{"embeddable":true,"href":"https:\/\/nestingplay.com\/en\/wp-json\/wp\/v2\/users\/6"}],"replies":[{"embeddable":true,"href":"https:\/\/nestingplay.com\/en\/wp-json\/wp\/v2\/comments?post=3981"}],"version-history":[{"count":10,"href":"https:\/\/nestingplay.com\/en\/wp-json\/wp\/v2\/pages\/3981\/revisions"}],"predecessor-version":[{"id":4780,"href":"https:\/\/nestingplay.com\/en\/wp-json\/wp\/v2\/pages\/3981\/revisions\/4780"}],"wp:attachment":[{"href":"https:\/\/nestingplay.com\/en\/wp-json\/wp\/v2\/media?parent=3981"}],"curies":[{"name":"wp","href":"https:\/\/api.w.org\/{rel}","templated":true}]}}