{"id":3953,"date":"2025-10-24T11:31:08","date_gmt":"2025-10-24T09:31:08","guid":{"rendered":"https:\/\/nestingplay.com\/?page_id=3953"},"modified":"2026-03-05T10:14:41","modified_gmt":"2026-03-05T09:14:41","slug":"szuloi-tanacsadas-sajatszabalyos-gyerekekhez","status":"publish","type":"page","link":"https:\/\/nestingplay.com\/en\/szuloi-tanacsadas-sajatszabalyos-gyerekekhez\/","title":{"rendered":"Parental Guidance for Uniquely Wired Children"},"content":{"rendered":"<div data-elementor-type=\"wp-page\" data-elementor-id=\"3953\" class=\"elementor elementor-3953\" data-elementor-post-type=\"page\">\n\t\t\t\t<div class=\"elementor-element elementor-element-53482d24 e-flex e-con-boxed e-con e-parent\" data-id=\"53482d24\" data-element_type=\"container\" data-e-type=\"container\">\n\t\t\t\t\t<div class=\"e-con-inner\">\n\t\t<div class=\"elementor-element elementor-element-55b7a077 e-con-full e-flex e-con e-child\" data-id=\"55b7a077\" data-element_type=\"container\" data-e-type=\"container\">\n\t\t<div class=\"elementor-element elementor-element-3d2baa8f e-con-full e-flex e-con e-child\" data-id=\"3d2baa8f\" data-element_type=\"container\" data-e-type=\"container\">\n\t\t<div class=\"elementor-element elementor-element-44cd0d4b e-con-full e-flex e-con e-child\" data-id=\"44cd0d4b\" data-element_type=\"container\" data-e-type=\"container\" data-settings=\"{&quot;background_background&quot;:&quot;classic&quot;}\">\n\t\t<div class=\"elementor-element elementor-element-12fb3b5b e-con-full e-flex e-con e-child\" data-id=\"12fb3b5b\" data-element_type=\"container\" data-e-type=\"container\">\n\t\t\t\t<div class=\"elementor-element elementor-element-5b0df607 elementor-widget elementor-widget-heading\" data-id=\"5b0df607\" data-element_type=\"widget\" data-e-type=\"widget\" id=\"tanacsadas\" data-widget_type=\"heading.default\">\n\t\t\t\t<div class=\"elementor-widget-container\">\n\t\t\t\t\t<h2 class=\"elementor-heading-title elementor-size-default\"><b>Parental Guidance for Uniquely Wired Children<\/b><\/h2>\t\t\t\t<\/div>\n\t\t\t\t<\/div>\n\t\t\t\t<\/div>\n\t\t\t\t<\/div>\n\t\t\t\t<\/div>\n\t\t<div class=\"elementor-element elementor-element-718c1161 e-con-full e-flex e-con e-child\" data-id=\"718c1161\" data-element_type=\"container\" data-e-type=\"container\">\n\t\t\t\t<div class=\"elementor-element elementor-element-59976075 elementor-widget elementor-widget-image\" data-id=\"59976075\" data-element_type=\"widget\" data-e-type=\"widget\" data-widget_type=\"image.default\">\n\t\t\t\t<div class=\"elementor-widget-container\">\n\t\t\t\t\t\t\t\t\t\t\t\t\t\t\t<img fetchpriority=\"high\" decoding=\"async\" width=\"768\" height=\"432\" src=\"https:\/\/nestingplay.com\/wp-content\/uploads\/2025\/10\/vitaly-gariev-RqR2pnTpmHA-unsplash-scaled-1-768x432.jpg\" class=\"attachment-medium_large size-medium_large wp-image-3955\" alt=\"\" srcset=\"https:\/\/nestingplay.com\/wp-content\/uploads\/2025\/10\/vitaly-gariev-RqR2pnTpmHA-unsplash-scaled-1-768x432.jpg 768w, https:\/\/nestingplay.com\/wp-content\/uploads\/2025\/10\/vitaly-gariev-RqR2pnTpmHA-unsplash-scaled-1-300x169.jpg 300w, https:\/\/nestingplay.com\/wp-content\/uploads\/2025\/10\/vitaly-gariev-RqR2pnTpmHA-unsplash-scaled-1-1024x576.jpg 1024w, https:\/\/nestingplay.com\/wp-content\/uploads\/2025\/10\/vitaly-gariev-RqR2pnTpmHA-unsplash-scaled-1-1536x864.jpg 1536w, https:\/\/nestingplay.com\/wp-content\/uploads\/2025\/10\/vitaly-gariev-RqR2pnTpmHA-unsplash-scaled-1-2048x1152.jpg 2048w, https:\/\/nestingplay.com\/wp-content\/uploads\/2025\/10\/vitaly-gariev-RqR2pnTpmHA-unsplash-scaled-1-18x10.jpg 18w\" sizes=\"(max-width: 768px) 100vw, 768px\" \/>\t\t\t\t\t\t\t\t\t\t\t\t\t\t\t<\/div>\n\t\t\t\t<\/div>\n\t\t\t\t<div class=\"elementor-element elementor-element-16202ac6 elementor-widget elementor-widget-text-editor\" data-id=\"16202ac6\" data-element_type=\"widget\" data-e-type=\"widget\" data-widget_type=\"text-editor.default\">\n\t\t\t\t<div class=\"elementor-widget-container\">\n\t\t\t\t\t\t\t\t\t<p>Photo: Vitaly Gariev on Unsplash<\/p>\t\t\t\t\t\t\t\t<\/div>\n\t\t\t\t<\/div>\n\t\t\t\t<\/div>\n\t\t<div class=\"elementor-element elementor-element-f331461 e-con-full e-flex e-con e-child\" data-id=\"f331461\" data-element_type=\"container\" data-e-type=\"container\">\n\t\t\t\t<div class=\"elementor-element elementor-element-17735a7c elementor-widget elementor-widget-text-editor\" data-id=\"17735a7c\" data-element_type=\"widget\" data-e-type=\"widget\" data-widget_type=\"text-editor.default\">\n\t\t\t\t<div class=\"elementor-widget-container\">\n\t\t\t\t\t\t\t\t\t<h3><b>Is learning together hard? You\u2019re not alone.<\/b><\/h3><p>Do you feel like your child isn\u2019t acting the way \u201che should\u201d? Does he have trouble paying attention, often get distracted, take a long time with homework, or get upset over small things?<\/p><p>Many parents face this, but there is a solution!<\/p><p>Sign up for an online consultation with our attention deficit disorder expert, Vera Szab\u00f3. Together, we\u2019ll explore:<\/p><ul><li aria-level=\"1\">Why your child behaves this way<\/li><li aria-level=\"1\">How you can better support him<\/li><li aria-level=\"1\">What methods are worth trying when learning together<\/li><\/ul><div>\u00a0<\/div><p>Who is this for?<\/p><p>Parents who find learning, homework, and attention at home challenging with children aged 7\u201312.<\/p><p>What will you get?<\/p><ul><li aria-level=\"1\">Practical advice you can use right away<\/li><li aria-level=\"1\">A better understanding of how your child thinks, what affects him, and how you can help<\/li><li aria-level=\"1\">Support to reduce struggles and make learning easier<\/li><\/ul><div>\u00a0<\/div><p>The consultation lasts 60 minutes and is held online, so you can join from the comfort of your home.<\/p><p>The cost is 15,000 HUF.<\/p>\t\t\t\t\t\t\t\t<\/div>\n\t\t\t\t<\/div>\n\t\t<div class=\"elementor-element elementor-element-5bd47ad8 e-con-full e-flex e-con e-child\" data-id=\"5bd47ad8\" data-element_type=\"container\" data-e-type=\"container\">\n\t\t\t\t<div class=\"elementor-element elementor-element-612173c3 elementor-align-right elementor-widget__width-initial e-transform only-hu elementor-widget elementor-widget-button\" data-id=\"612173c3\" data-element_type=\"widget\" data-e-type=\"widget\" data-settings=\"{&quot;_transform_scale_effect_hover&quot;:{&quot;unit&quot;:&quot;px&quot;,&quot;size&quot;:0.90000000000000002220446049250313080847263336181640625,&quot;sizes&quot;:[]},&quot;_transform_scale_effect_hover_tablet&quot;:{&quot;unit&quot;:&quot;px&quot;,&quot;size&quot;:&quot;&quot;,&quot;sizes&quot;:[]},&quot;_transform_scale_effect_hover_mobile&quot;:{&quot;unit&quot;:&quot;px&quot;,&quot;size&quot;:&quot;&quot;,&quot;sizes&quot;:[]}}\" data-widget_type=\"button.default\">\n\t\t\t\t<div class=\"elementor-widget-container\">\n\t\t\t\t\t\t\t\t\t<div class=\"elementor-button-wrapper\">\n\t\t\t\t\t<a class=\"elementor-button elementor-button-link elementor-size-sm\" href=\"mailto:info@nestingplay.com\">\n\t\t\t\t\t\t<span class=\"elementor-button-content-wrapper\">\n\t\t\t\t\t\t\t\t\t<span class=\"elementor-button-text\">Learn more<\/span>\n\t\t\t\t\t<\/span>\n\t\t\t\t\t<\/a>\n\t\t\t\t<\/div>\n\t\t\t\t\t\t\t\t<\/div>\n\t\t\t\t<\/div>\n\t\t\t\t<div class=\"elementor-element elementor-element-72f1b065 elementor-align-right elementor-widget__width-initial e-transform only-en elementor-widget elementor-widget-button\" data-id=\"72f1b065\" data-element_type=\"widget\" data-e-type=\"widget\" data-settings=\"{&quot;_transform_scale_effect_hover&quot;:{&quot;unit&quot;:&quot;px&quot;,&quot;size&quot;:0.90000000000000002220446049250313080847263336181640625,&quot;sizes&quot;:[]},&quot;_transform_scale_effect_hover_tablet&quot;:{&quot;unit&quot;:&quot;px&quot;,&quot;size&quot;:&quot;&quot;,&quot;sizes&quot;:[]},&quot;_transform_scale_effect_hover_mobile&quot;:{&quot;unit&quot;:&quot;px&quot;,&quot;size&quot;:&quot;&quot;,&quot;sizes&quot;:[]}}\" data-widget_type=\"button.default\">\n\t\t\t\t<div class=\"elementor-widget-container\">\n\t\t\t\t\t\t\t\t\t<div class=\"elementor-button-wrapper\">\n\t\t\t\t\t<a class=\"elementor-button elementor-button-link elementor-size-sm\" href=\"mailto:info@nestingplay.com\">\n\t\t\t\t\t\t<span class=\"elementor-button-content-wrapper\">\n\t\t\t\t\t\t\t\t\t<span class=\"elementor-button-text\">Contact us<\/span>\n\t\t\t\t\t<\/span>\n\t\t\t\t\t<\/a>\n\t\t\t\t<\/div>\n\t\t\t\t\t\t\t\t<\/div>\n\t\t\t\t<\/div>\n\t\t\t\t<\/div>\n\t\t\t\t<\/div>\n\t\t\t\t<\/div>\n\t\t\t\t\t<\/div>\n\t\t\t\t<\/div>\n\t\t<div class=\"elementor-element elementor-element-54abe587 e-con-full e-flex e-con e-parent\" data-id=\"54abe587\" data-element_type=\"container\" data-e-type=\"container\" data-settings=\"{&quot;background_background&quot;:&quot;classic&quot;}\">\n\t\t<div class=\"elementor-element elementor-element-4315b8a e-con-full e-flex e-con e-child\" data-id=\"4315b8a\" data-element_type=\"container\" data-e-type=\"container\">\n\t\t\t\t<div class=\"elementor-element elementor-element-4587b58b elementor-widget elementor-widget-heading\" data-id=\"4587b58b\" data-element_type=\"widget\" data-e-type=\"widget\" data-widget_type=\"heading.default\">\n\t\t\t\t<div class=\"elementor-widget-container\">\n\t\t\t\t\t<h2 class=\"elementor-heading-title elementor-size-default\">Feedback from Parental Guidance<\/h2>\t\t\t\t<\/div>\n\t\t\t\t<\/div>\n\t\t\t\t<\/div>\n\t\t<div class=\"elementor-element elementor-element-13ed5460 e-con-full e-flex e-con e-child\" data-id=\"13ed5460\" data-element_type=\"container\" data-e-type=\"container\" data-settings=\"{&quot;background_background&quot;:&quot;classic&quot;}\">\n\t\t\t\t<div class=\"elementor-element elementor-element-7852e408 elementor-testimonial--skin-default elementor-testimonial--layout-image_inline elementor-testimonial--align-center elementor-arrows-yes elementor-pagination-type-bullets elementor-widget elementor-widget-testimonial-carousel\" data-id=\"7852e408\" data-element_type=\"widget\" data-e-type=\"widget\" data-settings=\"{&quot;autoplay_speed&quot;:4000,&quot;show_arrows&quot;:&quot;yes&quot;,&quot;pagination&quot;:&quot;bullets&quot;,&quot;speed&quot;:500,&quot;autoplay&quot;:&quot;yes&quot;,&quot;loop&quot;:&quot;yes&quot;,&quot;pause_on_hover&quot;:&quot;yes&quot;,&quot;pause_on_interaction&quot;:&quot;yes&quot;,&quot;space_between&quot;:{&quot;unit&quot;:&quot;px&quot;,&quot;size&quot;:10,&quot;sizes&quot;:[]},&quot;space_between_tablet&quot;:{&quot;unit&quot;:&quot;px&quot;,&quot;size&quot;:10,&quot;sizes&quot;:[]},&quot;space_between_mobile&quot;:{&quot;unit&quot;:&quot;px&quot;,&quot;size&quot;:10,&quot;sizes&quot;:[]}}\" data-widget_type=\"testimonial-carousel.default\">\n\t\t\t\t<div class=\"elementor-widget-container\">\n\t\t\t\t\t\t\t\t\t<div class=\"elementor-swiper\">\n\t\t\t\t\t<div class=\"elementor-main-swiper swiper\" role=\"region\" aria-roledescription=\"carousel\" aria-label=\"NestiFoci\">\n\t\t\t\t<div class=\"swiper-wrapper\">\n\t\t\t\t\t\t\t\t\t\t\t<div class=\"swiper-slide\" role=\"group\" aria-roledescription=\"slide\">\n\t\t\t\t\t\t\t\t\t<div class=\"elementor-testimonial\">\n\t\t\t\t\t\t\t<div class=\"elementor-testimonial__content\">\n\t\t\t\t\t<div class=\"elementor-testimonial__text\">\n\t\t\t\t\t\t\u201cI heard so many helpful ideas and took lots of notes \u2014 I\u2019m sure I\u2019ll try many of them.\u201d\t\t\t\t\t<\/div>\n\t\t\t\t\t\t\t\t\t<\/div>\n\t\t\t\t\t\t<div class=\"elementor-testimonial__footer\">\n\t\t\t\t\t\t\t\t<cite class=\"elementor-testimonial__cite\"><span class=\"elementor-testimonial__name\">Andrea<\/span><span class=\"elementor-testimonial__title\">Patrik's mom<\/span><\/cite>\t\t\t<\/div>\n\t\t<\/div>\n\t\t\t\t\t\t\t\t<\/div>\n\t\t\t\t\t\t\t\t\t\t\t<div class=\"swiper-slide\" role=\"group\" aria-roledescription=\"slide\">\n\t\t\t\t\t\t\t\t\t<div class=\"elementor-testimonial\">\n\t\t\t\t\t\t\t<div class=\"elementor-testimonial__content\">\n\t\t\t\t\t<div class=\"elementor-testimonial__text\">\n\t\t\t\t\t\t\u201cThe consultation helped me understand my daughter\u2019s behaviour, which has been a constant struggle for our whole family.\u201d\t\t\t\t\t<\/div>\n\t\t\t\t\t\t\t\t\t<\/div>\n\t\t\t\t\t\t<div class=\"elementor-testimonial__footer\">\n\t\t\t\t\t\t\t\t<cite class=\"elementor-testimonial__cite\"><span class=\"elementor-testimonial__name\">Kitti<\/span><span class=\"elementor-testimonial__title\">Maja's mom<\/span><\/cite>\t\t\t<\/div>\n\t\t<\/div>\n\t\t\t\t\t\t\t\t<\/div>\n\t\t\t\t\t\t\t\t\t\t\t<div class=\"swiper-slide\" role=\"group\" aria-roledescription=\"slide\">\n\t\t\t\t\t\t\t\t\t<div class=\"elementor-testimonial\">\n\t\t\t\t\t\t\t<div class=\"elementor-testimonial__content\">\n\t\t\t\t\t<div class=\"elementor-testimonial__text\">\n\t\t\t\t\t\t\u201cWe tried a few of the methods for homework, and it really became much easier.\u201d\t\t\t\t\t<\/div>\n\t\t\t\t\t\t\t\t\t<\/div>\n\t\t\t\t\t\t<div class=\"elementor-testimonial__footer\">\n\t\t\t\t\t\t\t\t<cite class=\"elementor-testimonial__cite\"><span class=\"elementor-testimonial__name\">M\u00e1t\u00e9<\/span><span class=\"elementor-testimonial__title\">Marci's father<\/span><\/cite>\t\t\t<\/div>\n\t\t<\/div>\n\t\t\t\t\t\t\t\t<\/div>\n\t\t\t\t\t\t\t\t\t\t\t<div class=\"swiper-slide\" role=\"group\" aria-roledescription=\"slide\">\n\t\t\t\t\t\t\t\t\t<div class=\"elementor-testimonial\">\n\t\t\t\t\t\t\t<div class=\"elementor-testimonial__content\">\n\t\t\t\t\t<div class=\"elementor-testimonial__text\">\n\t\t\t\t\t\t\u201cMy son said that this way he almost enjoyed studying. \ud83d\ude04\u201d\t\t\t\t\t<\/div>\n\t\t\t\t\t\t\t\t\t<\/div>\n\t\t\t\t\t\t<div class=\"elementor-testimonial__footer\">\n\t\t\t\t\t\t\t\t<cite class=\"elementor-testimonial__cite\"><span class=\"elementor-testimonial__name\">Zs\u00f3fi<\/span><span class=\"elementor-testimonial__title\">Jacek's mom<\/span><\/cite>\t\t\t<\/div>\n\t\t<\/div>\n\t\t\t\t\t\t\t\t<\/div>\n\t\t\t\t\t\t\t\t\t<\/div>\n\t\t\t\t\t\t\t\t\t\t\t\t\t\t\t<div class=\"elementor-swiper-button elementor-swiper-button-prev\" role=\"button\" tabindex=\"0\" aria-label=\"Previous\">\n\t\t\t\t\t\t\t<svg aria-hidden=\"true\" class=\"e-font-icon-svg e-eicon-chevron-left\" viewbox=\"0 0 1000 1000\" xmlns=\"http:\/\/www.w3.org\/2000\/svg\"><path d=\"M646 125C629 125 613 133 604 142L308 442C296 454 292 471 292 487 292 504 296 521 308 533L604 854C617 867 629 875 646 875 663 875 679 871 692 858 704 846 713 829 713 812 713 796 708 779 692 767L438 487 692 225C700 217 708 204 708 187 708 171 704 154 692 142 675 129 663 125 646 125Z\"><\/path><\/svg>\t\t\t\t\t\t<\/div>\n\t\t\t\t\t\t<div class=\"elementor-swiper-button elementor-swiper-button-next\" role=\"button\" tabindex=\"0\" aria-label=\"Next\">\n\t\t\t\t\t\t\t<svg aria-hidden=\"true\" class=\"e-font-icon-svg e-eicon-chevron-right\" viewbox=\"0 0 1000 1000\" xmlns=\"http:\/\/www.w3.org\/2000\/svg\"><path d=\"M696 533C708 521 713 504 713 487 713 471 708 454 696 446L400 146C388 133 375 125 354 125 338 125 325 129 313 142 300 154 292 171 292 187 292 204 296 221 308 233L563 492 304 771C292 783 288 800 288 817 288 833 296 850 308 863 321 871 338 875 354 875 371 875 388 867 400 854L696 533Z\"><\/path><\/svg>\t\t\t\t\t\t<\/div>\n\t\t\t\t\t\t\t\t\t\t\t\t\t\t\t\t<div class=\"swiper-pagination\"><\/div>\n\t\t\t\t\t\t\t\t\t\t\t\t<\/div>\n\t\t\t\t<\/div>\n\t\t\t\t\t\t\t\t<\/div>\n\t\t\t\t<\/div>\n\t\t\t\t<\/div>\n\t\t\t\t<\/div>\n\t\t\t\t<\/div>\n\t\t\n    <div class=\"xs_social_share_widget xs_share_url after_content \t\tmain_content  wslu-style-1 wslu-share-box-shaped wslu-fill-colored wslu-none wslu-share-horizontal wslu-theme-font-no wslu-main_content\">\n\n\t\t\n        <ul>\n\t\t\t        <\/ul>\n    <\/div>","protected":false},"excerpt":{"rendered":"<p>Sz\u00fcl\u0151i tan\u00e1csad\u00e1s Saj\u00e1tszab\u00e1lyos gyerekekhez Photo: Vitaly Gariev on Unsplash Neh\u00e9z a k\u00f6z\u00f6s tanul\u00e1s? Nem vagy egyed\u00fcl. \u00dagy \u00e9rzed, hogy a gyereked nem \u00fagy viselkedik, ahogy \u201ckellene\u201d? Nehezen figyel, elkalandozik, lassan halad a h\u00e1zival, vagy minden apr\u00f3s\u00e1g kiz\u00f6kkenti? Ez nagyon sok sz\u00fcl\u0151n\u00e9l \u00edgy van \u2013 \u00e9s van r\u00e1 megold\u00e1s! Jelentkezz online konzult\u00e1ci\u00f3ra figyelemzavar szak\u00e9rt\u0151nkkel, Szab\u00f3 Ver\u00e1val, [&hellip;]<\/p>\n","protected":false},"author":6,"featured_media":0,"parent":0,"menu_order":0,"comment_status":"closed","ping_status":"closed","template":"","meta":{"_eb_attr":"","footnotes":""},"class_list":["post-3953","page","type-page","status-publish","hentry"],"_links":{"self":[{"href":"https:\/\/nestingplay.com\/en\/wp-json\/wp\/v2\/pages\/3953","targetHints":{"allow":["GET"]}}],"collection":[{"href":"https:\/\/nestingplay.com\/en\/wp-json\/wp\/v2\/pages"}],"about":[{"href":"https:\/\/nestingplay.com\/en\/wp-json\/wp\/v2\/types\/page"}],"author":[{"embeddable":true,"href":"https:\/\/nestingplay.com\/en\/wp-json\/wp\/v2\/users\/6"}],"replies":[{"embeddable":true,"href":"https:\/\/nestingplay.com\/en\/wp-json\/wp\/v2\/comments?post=3953"}],"version-history":[{"count":10,"href":"https:\/\/nestingplay.com\/en\/wp-json\/wp\/v2\/pages\/3953\/revisions"}],"predecessor-version":[{"id":4810,"href":"https:\/\/nestingplay.com\/en\/wp-json\/wp\/v2\/pages\/3953\/revisions\/4810"}],"wp:attachment":[{"href":"https:\/\/nestingplay.com\/en\/wp-json\/wp\/v2\/media?parent=3953"}],"curies":[{"name":"wp","href":"https:\/\/api.w.org\/{rel}","templated":true}]}}