{"id":3939,"date":"2025-10-24T11:18:32","date_gmt":"2025-10-24T09:18:32","guid":{"rendered":"https:\/\/nestingplay.com\/?page_id=3939"},"modified":"2025-10-24T11:20:32","modified_gmt":"2025-10-24T09:20:32","slug":"iskola-szulo-mediacio","status":"publish","type":"page","link":"https:\/\/nestingplay.com\/en\/iskola-szulo-mediacio\/","title":{"rendered":"Iskola &#8211; sz\u00fcl\u0151 medi\u00e1ci\u00f3"},"content":{"rendered":"<div data-elementor-type=\"wp-page\" data-elementor-id=\"3939\" class=\"elementor elementor-3939\" data-elementor-post-type=\"page\">\n\t\t\t\t<div class=\"elementor-element elementor-element-4b97132e e-flex e-con-boxed e-con e-parent\" data-id=\"4b97132e\" data-element_type=\"container\" data-e-type=\"container\">\n\t\t\t\t\t<div class=\"e-con-inner\">\n\t\t<div class=\"elementor-element elementor-element-6f0a91b9 e-con-full e-flex e-con e-child\" data-id=\"6f0a91b9\" data-element_type=\"container\" data-e-type=\"container\">\n\t\t<div class=\"elementor-element elementor-element-4c8ffb11 e-con-full e-flex e-con e-child\" data-id=\"4c8ffb11\" data-element_type=\"container\" data-e-type=\"container\">\n\t\t<div class=\"elementor-element elementor-element-69e52730 e-con-full e-flex e-con e-child\" data-id=\"69e52730\" data-element_type=\"container\" data-e-type=\"container\" data-settings=\"{&quot;background_background&quot;:&quot;classic&quot;}\">\n\t\t<div class=\"elementor-element elementor-element-5285162e e-con-full e-flex e-con e-child\" data-id=\"5285162e\" data-element_type=\"container\" data-e-type=\"container\">\n\t\t\t\t<div class=\"elementor-element elementor-element-7944755b elementor-widget elementor-widget-heading\" data-id=\"7944755b\" data-element_type=\"widget\" data-e-type=\"widget\" data-widget_type=\"heading.default\">\n\t\t\t\t<div class=\"elementor-widget-container\">\n\t\t\t\t\t<h2 class=\"elementor-heading-title elementor-size-default\"><b>School-parent mediation \u2013 understanding, not conflict<\/b><\/h2>\t\t\t\t<\/div>\n\t\t\t\t<\/div>\n\t\t\t\t<\/div>\n\t\t\t\t<\/div>\n\t\t\t\t<\/div>\n\t\t\t\t<\/div>\n\t\t<div class=\"elementor-element elementor-element-657e7b7d e-con-full e-flex e-con e-child\" data-id=\"657e7b7d\" data-element_type=\"container\" data-e-type=\"container\">\n\t\t\t\t<div class=\"elementor-element elementor-element-25a49eb2 elementor-widget elementor-widget-image\" data-id=\"25a49eb2\" data-element_type=\"widget\" data-e-type=\"widget\" data-widget_type=\"image.default\">\n\t\t\t\t<div class=\"elementor-widget-container\">\n\t\t\t\t\t\t\t\t\t\t\t\t\t\t\t<img fetchpriority=\"high\" decoding=\"async\" width=\"768\" height=\"432\" src=\"https:\/\/nestingplay.com\/wp-content\/uploads\/2025\/10\/vitaly-gariev-TB2UuDIQOR0-unsplash-scaled-1-768x432.jpg\" class=\"attachment-medium_large size-medium_large wp-image-3942\" alt=\"\" srcset=\"https:\/\/nestingplay.com\/wp-content\/uploads\/2025\/10\/vitaly-gariev-TB2UuDIQOR0-unsplash-scaled-1-768x432.jpg 768w, https:\/\/nestingplay.com\/wp-content\/uploads\/2025\/10\/vitaly-gariev-TB2UuDIQOR0-unsplash-scaled-1-300x169.jpg 300w, https:\/\/nestingplay.com\/wp-content\/uploads\/2025\/10\/vitaly-gariev-TB2UuDIQOR0-unsplash-scaled-1-1024x576.jpg 1024w, https:\/\/nestingplay.com\/wp-content\/uploads\/2025\/10\/vitaly-gariev-TB2UuDIQOR0-unsplash-scaled-1-1536x864.jpg 1536w, https:\/\/nestingplay.com\/wp-content\/uploads\/2025\/10\/vitaly-gariev-TB2UuDIQOR0-unsplash-scaled-1-2048x1152.jpg 2048w, https:\/\/nestingplay.com\/wp-content\/uploads\/2025\/10\/vitaly-gariev-TB2UuDIQOR0-unsplash-scaled-1-18x10.jpg 18w\" sizes=\"(max-width: 768px) 100vw, 768px\" \/>\t\t\t\t\t\t\t\t\t\t\t\t\t\t\t<\/div>\n\t\t\t\t<\/div>\n\t\t\t\t<\/div>\n\t\t<div class=\"elementor-element elementor-element-77c4b90a e-con-full e-flex e-con e-child\" data-id=\"77c4b90a\" data-element_type=\"container\" data-e-type=\"container\">\n\t\t\t\t<div class=\"elementor-element elementor-element-52452168 elementor-widget elementor-widget-text-editor\" data-id=\"52452168\" data-element_type=\"widget\" data-e-type=\"widget\" data-widget_type=\"text-editor.default\">\n\t\t\t\t<div class=\"elementor-widget-container\">\n\t\t\t\t\t\t\t\t\t<p>Photo: Vitaly Gariev on Unsplash<\/p>\t\t\t\t\t\t\t\t<\/div>\n\t\t\t\t<\/div>\n\t\t\t\t<\/div>\n\t\t<div class=\"elementor-element elementor-element-e6d59b7 e-con-full e-flex e-con e-child\" data-id=\"e6d59b7\" data-element_type=\"container\" data-e-type=\"container\">\n\t\t\t\t<div class=\"elementor-element elementor-element-72ac9d elementor-widget elementor-widget-text-editor\" data-id=\"72ac9d\" data-element_type=\"widget\" data-e-type=\"widget\" data-widget_type=\"text-editor.default\">\n\t\t\t\t<div class=\"elementor-widget-container\">\n\t\t\t\t\t\t\t\t\t<p>Sometimes, misunderstandings or disagreements can create tension between families and schools. When communication breaks down, that's where we step in.<\/p><p>NestingPlay's parent mediation program offers a safe and welcoming space for families to talk through the challenges they've faced with the school. As an independent mediator, we guide the conversation, make sure everyone is heard, and help you find a positive way forward together.<\/p><p><b>What does this look like in practice?<\/b><\/p><ul><li aria-level=\"1\">We create a calm environment for open discussion.<\/li><li aria-level=\"1\">We help clarify everyone's intentions and viewpoints.<\/li><li aria-level=\"1\">And we support finding solutions that both the family and school can agree on.<\/li><\/ul><div>\u00a0<\/div><p>The goal of mediation isn\u2019t to assign blame, but to work together for the child\u2019s best interests.<\/p>\t\t\t\t\t\t\t\t<\/div>\n\t\t\t\t<\/div>\n\t\t\t\t<\/div>\n\t\t<div class=\"elementor-element elementor-element-575ecf83 e-con-full e-flex e-con e-child\" data-id=\"575ecf83\" data-element_type=\"container\" data-e-type=\"container\">\n\t\t\t\t<div class=\"elementor-element elementor-element-13df1d8a elementor-align-right elementor-widget__width-initial e-transform only-hu elementor-widget elementor-widget-button\" data-id=\"13df1d8a\" data-element_type=\"widget\" data-e-type=\"widget\" data-settings=\"{&quot;_transform_scale_effect_hover&quot;:{&quot;unit&quot;:&quot;px&quot;,&quot;size&quot;:0.90000000000000002220446049250313080847263336181640625,&quot;sizes&quot;:[]},&quot;_transform_scale_effect_hover_tablet&quot;:{&quot;unit&quot;:&quot;px&quot;,&quot;size&quot;:&quot;&quot;,&quot;sizes&quot;:[]},&quot;_transform_scale_effect_hover_mobile&quot;:{&quot;unit&quot;:&quot;px&quot;,&quot;size&quot;:&quot;&quot;,&quot;sizes&quot;:[]}}\" data-widget_type=\"button.default\">\n\t\t\t\t<div class=\"elementor-widget-container\">\n\t\t\t\t\t\t\t\t\t<div class=\"elementor-button-wrapper\">\n\t\t\t\t\t<a class=\"elementor-button elementor-button-link elementor-size-sm\" href=\"mailto:info@nestingplay.com?subject=sz\u00fcl\u0151i%20medi\u00e1ci\u00f3\" target=\"_blank\">\n\t\t\t\t\t\t<span class=\"elementor-button-content-wrapper\">\n\t\t\t\t\t\t\t\t\t<span class=\"elementor-button-text\">Learn more<\/span>\n\t\t\t\t\t<\/span>\n\t\t\t\t\t<\/a>\n\t\t\t\t<\/div>\n\t\t\t\t\t\t\t\t<\/div>\n\t\t\t\t<\/div>\n\t\t\t\t<div class=\"elementor-element elementor-element-1ec07945 elementor-align-right elementor-widget__width-initial e-transform only-en elementor-widget elementor-widget-button\" data-id=\"1ec07945\" data-element_type=\"widget\" data-e-type=\"widget\" data-settings=\"{&quot;_transform_scale_effect_hover&quot;:{&quot;unit&quot;:&quot;px&quot;,&quot;size&quot;:0.90000000000000002220446049250313080847263336181640625,&quot;sizes&quot;:[]},&quot;_transform_scale_effect_hover_tablet&quot;:{&quot;unit&quot;:&quot;px&quot;,&quot;size&quot;:&quot;&quot;,&quot;sizes&quot;:[]},&quot;_transform_scale_effect_hover_mobile&quot;:{&quot;unit&quot;:&quot;px&quot;,&quot;size&quot;:&quot;&quot;,&quot;sizes&quot;:[]}}\" data-widget_type=\"button.default\">\n\t\t\t\t<div class=\"elementor-widget-container\">\n\t\t\t\t\t\t\t\t\t<div class=\"elementor-button-wrapper\">\n\t\t\t\t\t<a class=\"elementor-button elementor-button-link elementor-size-sm\" href=\"mailto:info@nestingplay.com?subject=sz\u00fcl\u0151i%20medi\u00e1ci\u00f3\" target=\"_blank\">\n\t\t\t\t\t\t<span class=\"elementor-button-content-wrapper\">\n\t\t\t\t\t\t\t\t\t<span class=\"elementor-button-text\">Contact us<\/span>\n\t\t\t\t\t<\/span>\n\t\t\t\t\t<\/a>\n\t\t\t\t<\/div>\n\t\t\t\t\t\t\t\t<\/div>\n\t\t\t\t<\/div>\n\t\t\t\t<\/div>\n\t\t\t\t\t<\/div>\n\t\t\t\t<\/div>\n\t\t\t\t<\/div>\n\t\t\n    <div class=\"xs_social_share_widget xs_share_url after_content \t\tmain_content  wslu-style-1 wslu-share-box-shaped wslu-fill-colored wslu-none wslu-share-horizontal wslu-theme-font-no wslu-main_content\">\n\n\t\t\n        <ul>\n\t\t\t        <\/ul>\n    <\/div>","protected":false},"excerpt":{"rendered":"<p>Iskolai &#8211; sz\u00fcl\u0151i medi\u00e1ci\u00f3 &#8211; meg\u00e9rt\u00e9s, nem konfliktus Photo: Vitaly Gariev on Unsplash El\u0151fordul, hogy egy f\u00e9lre\u00e9rt\u00e9s vagy n\u00e9zetelt\u00e9r\u00e9s fesz\u00fclts\u00e9get okoz az iskol\u00e1val val\u00f3 kapcsolatban. Ilyenkor k\u00f6nnyen megszakadhat a kommunik\u00e1ci\u00f3 \u2013 ebben ny\u00fajtunk seg\u00edts\u00e9get. A NestingPlay sz\u00fcl\u0151i medi\u00e1ci\u00f3s programja abban t\u00e1mogatja a csal\u00e1dokat, hogy biztons\u00e1gos, elfogad\u00f3 l\u00e9gk\u00f6rben besz\u00e9lhess\u00e9k meg az iskol\u00e1val felmer\u00fclt neh\u00e9zs\u00e9geket. F\u00fcggetlen k\u00f6zvet\u00edt\u0151k\u00e9nt [&hellip;]<\/p>\n","protected":false},"author":6,"featured_media":0,"parent":0,"menu_order":0,"comment_status":"closed","ping_status":"closed","template":"elementor_header_footer","meta":{"_eb_attr":"","footnotes":""},"class_list":["post-3939","page","type-page","status-publish","hentry"],"_links":{"self":[{"href":"https:\/\/nestingplay.com\/en\/wp-json\/wp\/v2\/pages\/3939","targetHints":{"allow":["GET"]}}],"collection":[{"href":"https:\/\/nestingplay.com\/en\/wp-json\/wp\/v2\/pages"}],"about":[{"href":"https:\/\/nestingplay.com\/en\/wp-json\/wp\/v2\/types\/page"}],"author":[{"embeddable":true,"href":"https:\/\/nestingplay.com\/en\/wp-json\/wp\/v2\/users\/6"}],"replies":[{"embeddable":true,"href":"https:\/\/nestingplay.com\/en\/wp-json\/wp\/v2\/comments?post=3939"}],"version-history":[{"count":4,"href":"https:\/\/nestingplay.com\/en\/wp-json\/wp\/v2\/pages\/3939\/revisions"}],"predecessor-version":[{"id":3945,"href":"https:\/\/nestingplay.com\/en\/wp-json\/wp\/v2\/pages\/3939\/revisions\/3945"}],"wp:attachment":[{"href":"https:\/\/nestingplay.com\/en\/wp-json\/wp\/v2\/media?parent=3939"}],"curies":[{"name":"wp","href":"https:\/\/api.w.org\/{rel}","templated":true}]}}