{"id":3558,"date":"2025-10-18T17:41:19","date_gmt":"2025-10-18T15:41:19","guid":{"rendered":"https:\/\/nestingplay.com\/?page_id=3558"},"modified":"2025-11-21T15:12:49","modified_gmt":"2025-11-21T14:12:49","slug":"tudastar","status":"publish","type":"page","link":"https:\/\/nestingplay.com\/en\/tudastar\/","title":{"rendered":"Resource library (only in Hungarian)"},"content":{"rendered":"<div data-elementor-type=\"wp-page\" data-elementor-id=\"3558\" class=\"elementor elementor-3558\" data-elementor-post-type=\"page\">\n\t\t\t\t<div class=\"elementor-element elementor-element-71bcb46 e-con-full e-flex e-con e-parent\" data-id=\"71bcb46\" data-element_type=\"container\" data-e-type=\"container\">\n\t\t<div class=\"elementor-element elementor-element-16542f71 e-con-full e-flex e-con e-child\" data-id=\"16542f71\" data-element_type=\"container\" data-e-type=\"container\">\n\t\t<div class=\"elementor-element elementor-element-3834f8fe e-con-full e-flex e-con e-child\" data-id=\"3834f8fe\" data-element_type=\"container\" data-e-type=\"container\">\n\t\t\t\t<div class=\"elementor-element elementor-element-2d199661 elementor-widget elementor-widget-heading\" data-id=\"2d199661\" data-element_type=\"widget\" data-e-type=\"widget\" data-widget_type=\"heading.default\">\n\t\t\t\t<div class=\"elementor-widget-container\">\n\t\t\t\t\t<h2 class=\"elementor-heading-title elementor-size-default\">Resource library (only in Hungarian)<br><\/h2>\t\t\t\t<\/div>\n\t\t\t\t<\/div>\n\t\t\t\t<\/div>\n\t\t<div class=\"elementor-element elementor-element-5dfc4f96 e-con-full e-flex e-con e-child\" data-id=\"5dfc4f96\" data-element_type=\"container\" data-e-type=\"container\">\n\t\t\t\t<div class=\"elementor-element elementor-element-46b3ee52 elementor-widget elementor-widget-text-editor\" data-id=\"46b3ee52\" data-element_type=\"widget\" data-e-type=\"widget\" data-widget_type=\"text-editor.default\">\n\t\t\t\t<div class=\"elementor-widget-container\">\n\t\t\t\t\t\t\t\t\t<p>Downloadable guides, videos, and practical ideas for parents and educators \u2014 everything you need to support learning and growing together.\n\nOur downloadable resources are currently in Hungarian, but we\u2019re adding English versions as they\u2019re completed.<\/p>\t\t\t\t\t\t\t\t<\/div>\n\t\t\t\t<\/div>\n\t\t\t\t<\/div>\n\t\t\t\t<\/div>\n\t\t<div class=\"elementor-element elementor-element-cb0835e e-con-full e-flex e-con e-child\" data-id=\"cb0835e\" data-element_type=\"container\" data-e-type=\"container\">\n\t\t\t\t<div class=\"elementor-element elementor-element-38f47125 elementor-widget elementor-widget-image\" data-id=\"38f47125\" data-element_type=\"widget\" data-e-type=\"widget\" data-widget_type=\"image.default\">\n\t\t\t\t<div class=\"elementor-widget-container\">\n\t\t\t\t\t\t\t\t\t\t\t\t\t\t\t<img fetchpriority=\"high\" decoding=\"async\" width=\"800\" height=\"534\" src=\"https:\/\/nestingplay.com\/wp-content\/uploads\/2025\/04\/pexels-pixabay-159823-1-1024x683.jpg\" class=\"attachment-large size-large wp-image-1684\" alt=\"\" srcset=\"https:\/\/nestingplay.com\/wp-content\/uploads\/2025\/04\/pexels-pixabay-159823-1-1024x683.jpg 1024w, https:\/\/nestingplay.com\/wp-content\/uploads\/2025\/04\/pexels-pixabay-159823-1-300x200.jpg 300w, https:\/\/nestingplay.com\/wp-content\/uploads\/2025\/04\/pexels-pixabay-159823-1-768x512.jpg 768w, https:\/\/nestingplay.com\/wp-content\/uploads\/2025\/04\/pexels-pixabay-159823-1-1536x1024.jpg 1536w, https:\/\/nestingplay.com\/wp-content\/uploads\/2025\/04\/pexels-pixabay-159823-1-2048x1365.jpg 2048w, https:\/\/nestingplay.com\/wp-content\/uploads\/2025\/04\/pexels-pixabay-159823-1-18x12.jpg 18w\" sizes=\"(max-width: 800px) 100vw, 800px\" \/>\t\t\t\t\t\t\t\t\t\t\t\t\t\t\t<\/div>\n\t\t\t\t<\/div>\n\t\t\t\t<\/div>\n\t\t\t\t<\/div>\n\t\t<div class=\"elementor-element elementor-element-514584b e-flex e-con-boxed e-con e-parent\" data-id=\"514584b\" data-element_type=\"container\" data-e-type=\"container\">\n\t\t\t\t\t<div class=\"e-con-inner\">\n\t\t<div class=\"elementor-element elementor-element-b3469b4 e-con-full e-flex e-con e-child\" data-id=\"b3469b4\" data-element_type=\"container\" data-e-type=\"container\">\n\t\t\t\t<div class=\"elementor-element elementor-element-5f85f9b elementor-widget elementor-widget-ultimate_tag_cloud_el_widget\" data-id=\"5f85f9b\" data-element_type=\"widget\" data-e-type=\"widget\" data-widget_type=\"ultimate_tag_cloud_el_widget.default\">\n\t\t\t\t<div class=\"elementor-widget-container\">\n\t\t\t\t\t        <div id=\"uni-5f85f9b\" class=\"ultimate-tag-cloud\">\r\n            <div class=\"ultimate-tag-cloud-container style-label\">\r\n                <div class=\"ultimate-tag-cloud-words label\">\r\n                                            <div class=\"rand-color  tag-word-wrap\" style=\"--colorNormal: 121, 179, 93; --colorHigh: 72, 107, 55; \">\r\n                            <a href=\"https:\/\/nestingplay.com\/en\/category\/szulok\/\" class=\"ultimate-tag-cloud-word\" title=\"sz\u00fcl\u0151k\">\r\n                                sz\u00fcl\u0151k  <span class=\"tag-count\">(1)<\/span>                             <\/a>\r\n                        <\/div>\r\n                                            <div class=\"rand-color  tag-word-wrap\" style=\"--colorNormal: 208, 156, 119; --colorHigh: 124, 93, 71; \">\r\n                            <a href=\"https:\/\/nestingplay.com\/en\/category\/jatek\/\" class=\"ultimate-tag-cloud-word\" title=\"j\u00e1t\u00e9k\">\r\n                                j\u00e1t\u00e9k  <span class=\"tag-count\">(6)<\/span>                             <\/a>\r\n                        <\/div>\r\n                                            <div class=\"rand-color  tag-word-wrap\" style=\"--colorNormal: 209, 96, 133; --colorHigh: 125, 57, 79; \">\r\n                            <a href=\"https:\/\/nestingplay.com\/en\/category\/gyerekeknek\/\" class=\"ultimate-tag-cloud-word\" title=\"gyerekeknek\">\r\n                                gyerekeknek  <span class=\"tag-count\">(5)<\/span>                             <\/a>\r\n                        <\/div>\r\n                                            <div class=\"rand-color  tag-word-wrap\" style=\"--colorNormal: 170, 199, 140; --colorHigh: 102, 119, 84; \">\r\n                            <a href=\"https:\/\/nestingplay.com\/en\/category\/szakmaicikkek\/\" class=\"ultimate-tag-cloud-word\" title=\"professional articles\">\r\n                                professional articles  <span class=\"tag-count\">(4)<\/span>                             <\/a>\r\n                        <\/div>\r\n                                    <\/div>\r\n            <\/div>\r\n                    <\/div>\r\n        \t\t\t\t<\/div>\n\t\t\t\t<\/div>\n\t\t\t\t<\/div>\n\t\t\t\t\t<\/div>\n\t\t\t\t<\/div>\n\t\t<div class=\"elementor-element elementor-element-995f3f5 e-flex e-con-boxed e-con e-parent\" data-id=\"995f3f5\" data-element_type=\"container\" data-e-type=\"container\">\n\t\t\t\t\t<div class=\"e-con-inner\">\n\t\t\t\t<div class=\"elementor-element elementor-element-73c8916 elementor-grid-eael-col-3 elementor-grid-tablet-eael-col-2 elementor-grid-mobile-eael-col-1 elementor-widget elementor-widget-eael-post-grid\" data-id=\"73c8916\" data-element_type=\"widget\" data-e-type=\"widget\" data-settings=\"{&quot;eael_post_grid_columns&quot;:&quot;eael-col-3&quot;,&quot;eael_post_grid_columns_tablet&quot;:&quot;eael-col-2&quot;,&quot;eael_post_grid_columns_mobile&quot;:&quot;eael-col-1&quot;}\" data-widget_type=\"eael-post-grid.default\">\n\t\t\t\t<div class=\"elementor-widget-container\">\n\t\t\t\t\t<div id=\"eael-post-grid-73c8916\" class=\"eael-post-grid-container\">\n            <div class=\"eael-post-grid eael-post-appender eael-post-appender-73c8916 eael-post-grid-style-two\" data-layout-mode=\"masonry\"><article class=\"eael-grid-post  eael-post-grid-column eael-pg-post-3642 category-gyerekeknek-jatek tags-jatek-szenzoros-erzekenyseg\" data-id=\"3642\">\n    <div class=\"eael-grid-post-holder\">\n        <div class=\"eael-grid-post-holder-inner\"><div class=\"eael-entry-media\"><div class=\"eael-entry-overlay fade-in\"><i class=\"fas fa-long-arrow-alt-right\" aria-hidden=\"true\"><\/i><a href=\"https:\/\/nestingplay.com\/en\/hol-repul-a-mehecske\/\"><\/a><\/div><div class=\"eael-entry-thumbnail\">\n                            <img decoding=\"async\" width=\"300\" height=\"212\" src=\"https:\/\/nestingplay.com\/wp-content\/uploads\/2025\/05\/NestingPlay-Husveti-Jatekkalauz-images-11-300x212.jpg\" class=\"attachment-medium size-medium wp-image-1765\" alt=\"\" srcset=\"https:\/\/nestingplay.com\/wp-content\/uploads\/2025\/05\/NestingPlay-Husveti-Jatekkalauz-images-11-300x212.jpg 300w, https:\/\/nestingplay.com\/wp-content\/uploads\/2025\/05\/NestingPlay-Husveti-Jatekkalauz-images-11-1024x724.jpg 1024w, https:\/\/nestingplay.com\/wp-content\/uploads\/2025\/05\/NestingPlay-Husveti-Jatekkalauz-images-11-768x543.jpg 768w, https:\/\/nestingplay.com\/wp-content\/uploads\/2025\/05\/NestingPlay-Husveti-Jatekkalauz-images-11-1536x1086.jpg 1536w, https:\/\/nestingplay.com\/wp-content\/uploads\/2025\/05\/NestingPlay-Husveti-Jatekkalauz-images-11-2048x1448.jpg 2048w, https:\/\/nestingplay.com\/wp-content\/uploads\/2025\/05\/NestingPlay-Husveti-Jatekkalauz-images-11-18x12.jpg 18w\" sizes=\"(max-width: 300px) 100vw, 300px\" \/>\n                            <\/div>\n                    <\/div><div class=\"eael-entry-wrapper\"><header class=\"eael-entry-header\"><h2 class=\"eael-entry-title\"><a class=\"eael-grid-post-link\" href=\"https:\/\/nestingplay.com\/en\/hol-repul-a-mehecske\/\" title=\"Hol rep\u00fcl a m\u00e9hecske?\">Hol rep\u00fcl a m\u00e9hecske?<\/a><\/h2><\/header><div class=\"eael-entry-content\">\n                                <div class=\"eael-grid-post-excerpt\"><p>Egy j\u00e1t\u00e9k, ami j\u00f3 a figyelemzavaros gyerekeknek, a szenzoros \u00e9rz\u00e9kenys\u00e9ggel \u00e9l\u0151 gyerekeknek \u00e9s mindenki m\u00e1snak is. Szinte minden idegrendszeri \u00e9s...<\/p><a href=\"https:\/\/nestingplay.com\/en\/hol-repul-a-mehecske\/\" class=\"eael-post-elements-readmore-btn\">Tov\u00e1bb...<\/a><\/div>\n                            <\/div><div class=\"eael-entry-header-after style-two\"><div class=\"eael-entry-meta\"><span class=\"eael-meta-posted-on\"><i class=\"far fa-clock\"><\/i><time datetime=\"October 19, 2025\">October 19, 2025<\/time><\/span><\/div><\/div><\/div><\/div>\n    <\/div>\n<\/article><article class=\"eael-grid-post  eael-post-grid-column eael-pg-post-3141 category-jatek-gyerekeknek tags-jatek-jatekszabaly-tojasfestes\" data-id=\"3141\">\n    <div class=\"eael-grid-post-holder\">\n        <div class=\"eael-grid-post-holder-inner\"><div class=\"eael-entry-media\"><div class=\"eael-entry-overlay fade-in\"><i class=\"fas fa-long-arrow-alt-right\" aria-hidden=\"true\"><\/i><a href=\"https:\/\/nestingplay.com\/en\/tojasfestes-turelmetleneknek\/\"><\/a><\/div><div class=\"eael-entry-thumbnail\">\n                            <img decoding=\"async\" width=\"300\" height=\"212\" src=\"https:\/\/nestingplay.com\/wp-content\/uploads\/2025\/05\/NestingPlay-Husveti-Jatekkalauz-images-14-300x212.jpg\" class=\"attachment-medium size-medium wp-image-1766\" alt=\"\" srcset=\"https:\/\/nestingplay.com\/wp-content\/uploads\/2025\/05\/NestingPlay-Husveti-Jatekkalauz-images-14-300x212.jpg 300w, https:\/\/nestingplay.com\/wp-content\/uploads\/2025\/05\/NestingPlay-Husveti-Jatekkalauz-images-14-1024x724.jpg 1024w, https:\/\/nestingplay.com\/wp-content\/uploads\/2025\/05\/NestingPlay-Husveti-Jatekkalauz-images-14-768x543.jpg 768w, https:\/\/nestingplay.com\/wp-content\/uploads\/2025\/05\/NestingPlay-Husveti-Jatekkalauz-images-14-1536x1086.jpg 1536w, https:\/\/nestingplay.com\/wp-content\/uploads\/2025\/05\/NestingPlay-Husveti-Jatekkalauz-images-14-2048x1448.jpg 2048w, https:\/\/nestingplay.com\/wp-content\/uploads\/2025\/05\/NestingPlay-Husveti-Jatekkalauz-images-14-18x12.jpg 18w\" sizes=\"(max-width: 300px) 100vw, 300px\" \/>\n                            <\/div>\n                    <\/div><div class=\"eael-entry-wrapper\"><header class=\"eael-entry-header\"><h2 class=\"eael-entry-title\"><a class=\"eael-grid-post-link\" href=\"https:\/\/nestingplay.com\/en\/tojasfestes-turelmetleneknek\/\" title=\"Toj\u00e1sfest\u00e9s t\u00fcrelmetleneknek\">Toj\u00e1sfest\u00e9s t\u00fcrelmetleneknek<\/a><\/h2><\/header><div class=\"eael-entry-content\">\n                                <div class=\"eael-grid-post-excerpt\"><p>El\u0151sz\u00f6r is f\u0151zz\u00e9tek meg a toj\u00e1sokat, mert mint k\u00f6ztudott, a nyers toj\u00e1s legkedveltebb tev\u00e9kenys\u00e9ge \u00f6sszet\u00f6rni. De haszn\u00e1lhattok m\u0171anyag vagy hungarocell...<\/p><a href=\"https:\/\/nestingplay.com\/en\/tojasfestes-turelmetleneknek\/\" class=\"eael-post-elements-readmore-btn\">Tov\u00e1bb...<\/a><\/div>\n                            <\/div><div class=\"eael-entry-header-after style-two\"><div class=\"eael-entry-meta\"><span class=\"eael-meta-posted-on\"><i class=\"far fa-clock\"><\/i><time datetime=\"July 29, 2025\">July 29, 2025<\/time><\/span><\/div><\/div><\/div><\/div>\n    <\/div>\n<\/article><article class=\"eael-grid-post  eael-post-grid-column eael-pg-post-3126 category-gyerekeknek-jatek tags-jatek-szenzoros-akadalypalya\" data-id=\"3126\">\n    <div class=\"eael-grid-post-holder\">\n        <div class=\"eael-grid-post-holder-inner\"><div class=\"eael-entry-media\"><div class=\"eael-entry-overlay fade-in\"><i class=\"fas fa-long-arrow-alt-right\" aria-hidden=\"true\"><\/i><a href=\"https:\/\/nestingplay.com\/en\/tavaszi-szenzoros-akadalypalya\/\"><\/a><\/div><div class=\"eael-entry-thumbnail\">\n                            <img loading=\"lazy\" decoding=\"async\" width=\"300\" height=\"212\" src=\"https:\/\/nestingplay.com\/wp-content\/uploads\/2025\/05\/NestingPlay-Husveti-Jatekkalauz-images-8-300x212.jpg\" class=\"attachment-medium size-medium wp-image-1764\" alt=\"\" srcset=\"https:\/\/nestingplay.com\/wp-content\/uploads\/2025\/05\/NestingPlay-Husveti-Jatekkalauz-images-8-300x212.jpg 300w, https:\/\/nestingplay.com\/wp-content\/uploads\/2025\/05\/NestingPlay-Husveti-Jatekkalauz-images-8-1024x724.jpg 1024w, https:\/\/nestingplay.com\/wp-content\/uploads\/2025\/05\/NestingPlay-Husveti-Jatekkalauz-images-8-768x543.jpg 768w, https:\/\/nestingplay.com\/wp-content\/uploads\/2025\/05\/NestingPlay-Husveti-Jatekkalauz-images-8-1536x1086.jpg 1536w, https:\/\/nestingplay.com\/wp-content\/uploads\/2025\/05\/NestingPlay-Husveti-Jatekkalauz-images-8-2048x1448.jpg 2048w, https:\/\/nestingplay.com\/wp-content\/uploads\/2025\/05\/NestingPlay-Husveti-Jatekkalauz-images-8-18x12.jpg 18w\" sizes=\"(max-width: 300px) 100vw, 300px\" \/>\n                            <\/div>\n                    <\/div><div class=\"eael-entry-wrapper\"><header class=\"eael-entry-header\"><h2 class=\"eael-entry-title\"><a class=\"eael-grid-post-link\" href=\"https:\/\/nestingplay.com\/en\/tavaszi-szenzoros-akadalypalya\/\" title=\"Tavaszi szenzoros akad\u00e1lyp\u00e1lya\">Tavaszi szenzoros akad\u00e1lyp\u00e1lya<\/a><\/h2><\/header><div class=\"eael-entry-content\">\n                                <div class=\"eael-grid-post-excerpt\"><p>Mi a NestingPlayn\u00e9l azt valljuk, hogy b\u00e1rhol ki lehet alak\u00edtani akad\u00e1lyp\u00e1ly\u00e1t. Ezek pedig mind szuperek a gyerekeknek, k\u00fcl\u00f6n\u00f6sen a szenzoros...<\/p><a href=\"https:\/\/nestingplay.com\/en\/tavaszi-szenzoros-akadalypalya\/\" class=\"eael-post-elements-readmore-btn\">Tov\u00e1bb...<\/a><\/div>\n                            <\/div><div class=\"eael-entry-header-after style-two\"><div class=\"eael-entry-meta\"><span class=\"eael-meta-posted-on\"><i class=\"far fa-clock\"><\/i><time datetime=\"July 29, 2025\">July 29, 2025<\/time><\/span><\/div><\/div><\/div><\/div>\n    <\/div>\n<\/article><article class=\"eael-grid-post  eael-post-grid-column eael-pg-post-3124 category-gyerekeknek-jatek tags-jatek-jatekszabaly-tarsasjatek\" data-id=\"3124\">\n    <div class=\"eael-grid-post-holder\">\n        <div class=\"eael-grid-post-holder-inner\"><div class=\"eael-entry-media\"><div class=\"eael-entry-overlay fade-in\"><i class=\"fas fa-long-arrow-alt-right\" aria-hidden=\"true\"><\/i><a href=\"https:\/\/nestingplay.com\/en\/hogyan-magyarazzatok-jatekszabalyt-es-hogyan-jatsszatok-egyutt\/\"><\/a><\/div><div class=\"eael-entry-thumbnail\">\n                            <img loading=\"lazy\" decoding=\"async\" width=\"300\" height=\"212\" src=\"https:\/\/nestingplay.com\/wp-content\/uploads\/2025\/05\/NestingPlay-Husveti-Jatekkalauz-images-6-300x212.jpg\" class=\"attachment-medium size-medium wp-image-1763\" alt=\"\" srcset=\"https:\/\/nestingplay.com\/wp-content\/uploads\/2025\/05\/NestingPlay-Husveti-Jatekkalauz-images-6-300x212.jpg 300w, https:\/\/nestingplay.com\/wp-content\/uploads\/2025\/05\/NestingPlay-Husveti-Jatekkalauz-images-6-1024x724.jpg 1024w, https:\/\/nestingplay.com\/wp-content\/uploads\/2025\/05\/NestingPlay-Husveti-Jatekkalauz-images-6-768x543.jpg 768w, https:\/\/nestingplay.com\/wp-content\/uploads\/2025\/05\/NestingPlay-Husveti-Jatekkalauz-images-6-1536x1086.jpg 1536w, https:\/\/nestingplay.com\/wp-content\/uploads\/2025\/05\/NestingPlay-Husveti-Jatekkalauz-images-6-2048x1448.jpg 2048w, https:\/\/nestingplay.com\/wp-content\/uploads\/2025\/05\/NestingPlay-Husveti-Jatekkalauz-images-6-18x12.jpg 18w\" sizes=\"(max-width: 300px) 100vw, 300px\" \/>\n                            <\/div>\n                    <\/div><div class=\"eael-entry-wrapper\"><header class=\"eael-entry-header\"><h2 class=\"eael-entry-title\"><a class=\"eael-grid-post-link\" href=\"https:\/\/nestingplay.com\/en\/hogyan-magyarazzatok-jatekszabalyt-es-hogyan-jatsszatok-egyutt\/\" title=\"Hogyan magyar\u00e1zzatok j\u00e1t\u00e9kszab\u00e1lyt \u00e9s hogyan j\u00e1tsszatok egy\u00fctt?\">Hogyan magyar\u00e1zzatok j\u00e1t\u00e9kszab\u00e1lyt \u00e9s hogyan j\u00e1tsszatok egy\u00fctt?<\/a><\/h2><\/header><div class=\"eael-entry-content\">\n                                <div class=\"eael-grid-post-excerpt\"><p>Ha szerettek k\u00f6z\u00f6sen t\u00e1rsasozni, de nem mindig egyszer\u0171, ha sokszor kiakad\u00e1s a v\u00e9ge vagy ha nehezen boldogultok a j\u00e1t\u00e9kszab\u00e1lyok \u00e1tad\u00e1s\u00e1val,...<\/p><a href=\"https:\/\/nestingplay.com\/en\/hogyan-magyarazzatok-jatekszabalyt-es-hogyan-jatsszatok-egyutt\/\" class=\"eael-post-elements-readmore-btn\">Tov\u00e1bb...<\/a><\/div>\n                            <\/div><div class=\"eael-entry-header-after style-two\"><div class=\"eael-entry-meta\"><span class=\"eael-meta-posted-on\"><i class=\"far fa-clock\"><\/i><time datetime=\"July 29, 2025\">July 29, 2025<\/time><\/span><\/div><\/div><\/div><\/div>\n    <\/div>\n<\/article><article class=\"eael-grid-post  eael-post-grid-column eael-pg-post-3117 category-jatek-gyerekeknek-szulok tags-jatek-kozos-elmeny-napirend\" data-id=\"3117\">\n    <div class=\"eael-grid-post-holder\">\n        <div class=\"eael-grid-post-holder-inner\"><div class=\"eael-entry-media\"><div class=\"eael-entry-overlay fade-in\"><i class=\"fas fa-long-arrow-alt-right\" aria-hidden=\"true\"><\/i><a href=\"https:\/\/nestingplay.com\/en\/keszitsetek-napirendet-a-szunetre-es-legyen-elmeny\/\"><\/a><\/div><div class=\"eael-entry-thumbnail\">\n                            <img loading=\"lazy\" decoding=\"async\" width=\"300\" height=\"212\" src=\"https:\/\/nestingplay.com\/wp-content\/uploads\/2025\/04\/NestingPlay-Husveti-Jatekkalauz-images-3-300x212.jpg\" class=\"attachment-medium size-medium wp-image-1406\" alt=\"\" srcset=\"https:\/\/nestingplay.com\/wp-content\/uploads\/2025\/04\/NestingPlay-Husveti-Jatekkalauz-images-3-300x212.jpg 300w, https:\/\/nestingplay.com\/wp-content\/uploads\/2025\/04\/NestingPlay-Husveti-Jatekkalauz-images-3-1024x724.jpg 1024w, https:\/\/nestingplay.com\/wp-content\/uploads\/2025\/04\/NestingPlay-Husveti-Jatekkalauz-images-3-768x543.jpg 768w, https:\/\/nestingplay.com\/wp-content\/uploads\/2025\/04\/NestingPlay-Husveti-Jatekkalauz-images-3-1536x1086.jpg 1536w, https:\/\/nestingplay.com\/wp-content\/uploads\/2025\/04\/NestingPlay-Husveti-Jatekkalauz-images-3-2048x1448.jpg 2048w, https:\/\/nestingplay.com\/wp-content\/uploads\/2025\/04\/NestingPlay-Husveti-Jatekkalauz-images-3-18x12.jpg 18w\" sizes=\"(max-width: 300px) 100vw, 300px\" \/>\n                            <\/div>\n                    <\/div><div class=\"eael-entry-wrapper\"><header class=\"eael-entry-header\"><h2 class=\"eael-entry-title\"><a class=\"eael-grid-post-link\" href=\"https:\/\/nestingplay.com\/en\/keszitsetek-napirendet-a-szunetre-es-legyen-elmeny\/\" title=\"K\u00e9sz\u00edtsetek napirendet a sz\u00fcnetre \u2013 \u00e9s legyen \u00e9lm\u00e9ny!\">K\u00e9sz\u00edtsetek napirendet a sz\u00fcnetre \u2013 \u00e9s legyen \u00e9lm\u00e9ny!<\/a><\/h2><\/header><div class=\"eael-entry-content\">\n                                <div class=\"eael-grid-post-excerpt\"><p>Minden sz\u00fcnetet \u00e9rdemes tervez\u00e9ssel ind\u00edtani, hiszen seg\u00edt a gyerekeknek a sorrendis\u00e9g, id\u0151rendis\u00e9g, tervez\u00e9s, kreativit\u00e1s, sz\u00f3kincs \u00e9s egy\u00fcttm\u0171k\u00f6d\u00e9s fejleszt\u00e9s\u00e9ben. K\u00fcl\u00f6n\u00f6sen azoknak...<\/p><a href=\"https:\/\/nestingplay.com\/en\/keszitsetek-napirendet-a-szunetre-es-legyen-elmeny\/\" class=\"eael-post-elements-readmore-btn\">Tov\u00e1bb...<\/a><\/div>\n                            <\/div><div class=\"eael-entry-header-after style-two\"><div class=\"eael-entry-meta\"><span class=\"eael-meta-posted-on\"><i class=\"far fa-clock\"><\/i><time datetime=\"July 29, 2025\">July 29, 2025<\/time><\/span><\/div><\/div><\/div><\/div>\n    <\/div>\n<\/article><article class=\"eael-grid-post  eael-post-grid-column eael-pg-post-3104 category-jatek tags-husvet-jatek-jatekkalauz\" data-id=\"3104\">\n    <div class=\"eael-grid-post-holder\">\n        <div class=\"eael-grid-post-holder-inner\"><div class=\"eael-entry-media\"><div class=\"eael-entry-overlay fade-in\"><i class=\"fas fa-long-arrow-alt-right\" aria-hidden=\"true\"><\/i><a href=\"https:\/\/nestingplay.com\/en\/nestingplay-husveti-jatekkalauz\/\"><\/a><\/div><div class=\"eael-entry-thumbnail\">\n                            <img loading=\"lazy\" decoding=\"async\" width=\"300\" height=\"153\" src=\"https:\/\/nestingplay.com\/wp-content\/uploads\/2025\/04\/NestingPlay-Husveti-Jatekkalauz-images-0-300x153.jpg\" class=\"attachment-medium size-medium wp-image-1394\" alt=\"\" srcset=\"https:\/\/nestingplay.com\/wp-content\/uploads\/2025\/04\/NestingPlay-Husveti-Jatekkalauz-images-0-300x153.jpg 300w, https:\/\/nestingplay.com\/wp-content\/uploads\/2025\/04\/NestingPlay-Husveti-Jatekkalauz-images-0-1024x521.jpg 1024w, https:\/\/nestingplay.com\/wp-content\/uploads\/2025\/04\/NestingPlay-Husveti-Jatekkalauz-images-0-768x391.jpg 768w, https:\/\/nestingplay.com\/wp-content\/uploads\/2025\/04\/NestingPlay-Husveti-Jatekkalauz-images-0-1536x781.jpg 1536w, https:\/\/nestingplay.com\/wp-content\/uploads\/2025\/04\/NestingPlay-Husveti-Jatekkalauz-images-0-2048x1042.jpg 2048w, https:\/\/nestingplay.com\/wp-content\/uploads\/2025\/04\/NestingPlay-Husveti-Jatekkalauz-images-0-18x9.jpg 18w\" sizes=\"(max-width: 300px) 100vw, 300px\" \/>\n                            <\/div>\n                    <\/div><div class=\"eael-entry-wrapper\"><header class=\"eael-entry-header\"><h2 class=\"eael-entry-title\"><a class=\"eael-grid-post-link\" href=\"https:\/\/nestingplay.com\/en\/nestingplay-husveti-jatekkalauz\/\" title=\"NestingPlay H\u00fasv\u00e9ti J\u00e1t\u00e9kkalauz\">NestingPlay H\u00fasv\u00e9ti J\u00e1t\u00e9kkalauz<\/a><\/h2><\/header><div class=\"eael-entry-content\">\n                                <div class=\"eael-grid-post-excerpt\"><p>J\u00e1t\u00e9kok kis- \u00e9s nagygyerekeknek. Minden j\u00e1t\u00e9k j\u00e1tszhat\u00f3 b\u00e1rmilyen koroszt\u00e1ly\u00fa gyerekekkel, a gyerek k\u00e9pess\u00e9geinek megfelel\u0151en. Minden gyerek sz\u00e1m\u00e1ra j\u00f3k a j\u00e1t\u00e9kok,...<\/p><a href=\"https:\/\/nestingplay.com\/en\/nestingplay-husveti-jatekkalauz\/\" class=\"eael-post-elements-readmore-btn\">Tov\u00e1bb...<\/a><\/div>\n                            <\/div><div class=\"eael-entry-header-after style-two\"><div class=\"eael-entry-meta\"><span class=\"eael-meta-posted-on\"><i class=\"far fa-clock\"><\/i><time datetime=\"July 29, 2025\">July 29, 2025<\/time><\/span><\/div><\/div><\/div><\/div>\n    <\/div>\n<\/article><\/div>\n            <div class=\"clearfix\"><\/div>\n        <\/div>\t\t\t\t<\/div>\n\t\t\t\t<\/div>\n\t\t\t\t\t<\/div>\n\t\t\t\t<\/div>\n\t\t\t\t<\/div>\n\t\t\n    <div class=\"xs_social_share_widget xs_share_url after_content \t\tmain_content  wslu-style-1 wslu-share-box-shaped wslu-fill-colored wslu-none wslu-share-horizontal wslu-theme-font-no wslu-main_content\">\n\n\t\t\n        <ul>\n\t\t\t        <\/ul>\n    <\/div>","protected":false},"excerpt":{"rendered":"<p>Tud\u00e1st\u00e1r Let\u00f6lthet\u0151 seg\u00e9danyagok, vide\u00f3k \u00e9s gyakorlati \u00f6tletek sz\u00fcl\u0151knek \u00e9s pedag\u00f3gusoknak \u2013 minden, ami seg\u00edt a k\u00f6z\u00f6s fejl\u0151d\u00e9sben. sz\u00fcl\u0151k (1) j\u00e1t\u00e9k (6) gyerekeknek (5) szakmaicikkek (3) Hol rep\u00fcl a m\u00e9hecske? Egy j\u00e1t\u00e9k, ami j\u00f3 a figyelemzavaros gyerekeknek, a szenzoros \u00e9rz\u00e9kenys\u00e9ggel \u00e9l\u0151 gyerekeknek \u00e9s mindenki m\u00e1snak is. Szinte minden idegrendszeri \u00e9s&#8230; Tov\u00e1bb&#8230; okt\u00f3ber 19, 2025 Toj\u00e1sfest\u00e9s t\u00fcrelmetleneknek [&hellip;]<\/p>\n","protected":false},"author":6,"featured_media":0,"parent":0,"menu_order":0,"comment_status":"closed","ping_status":"closed","template":"","meta":{"_eb_attr":"","footnotes":""},"class_list":["post-3558","page","type-page","status-publish","hentry"],"_links":{"self":[{"href":"https:\/\/nestingplay.com\/en\/wp-json\/wp\/v2\/pages\/3558","targetHints":{"allow":["GET"]}}],"collection":[{"href":"https:\/\/nestingplay.com\/en\/wp-json\/wp\/v2\/pages"}],"about":[{"href":"https:\/\/nestingplay.com\/en\/wp-json\/wp\/v2\/types\/page"}],"author":[{"embeddable":true,"href":"https:\/\/nestingplay.com\/en\/wp-json\/wp\/v2\/users\/6"}],"replies":[{"embeddable":true,"href":"https:\/\/nestingplay.com\/en\/wp-json\/wp\/v2\/comments?post=3558"}],"version-history":[{"count":77,"href":"https:\/\/nestingplay.com\/en\/wp-json\/wp\/v2\/pages\/3558\/revisions"}],"predecessor-version":[{"id":4385,"href":"https:\/\/nestingplay.com\/en\/wp-json\/wp\/v2\/pages\/3558\/revisions\/4385"}],"wp:attachment":[{"href":"https:\/\/nestingplay.com\/en\/wp-json\/wp\/v2\/media?parent=3558"}],"curies":[{"name":"wp","href":"https:\/\/api.w.org\/{rel}","templated":true}]}}