{"id":1886,"date":"2025-05-01T17:05:42","date_gmt":"2025-05-01T15:05:42","guid":{"rendered":"https:\/\/testwordpresswithnat.com\/?page_id=1886"},"modified":"2025-05-02T08:00:16","modified_gmt":"2025-05-02T06:00:16","slug":"kirandulas-szerepjatekkal","status":"publish","type":"page","link":"https:\/\/nestingplay.com\/en\/kirandulas-szerepjatekkal\/","title":{"rendered":"Kir\u00e1ndul\u00e1s szerepj\u00e1t\u00e9kkal"},"content":{"rendered":"\t\t<div data-elementor-type=\"wp-page\" data-elementor-id=\"1886\" class=\"elementor elementor-1886\" data-elementor-post-type=\"page\">\n\t\t\t\t<div class=\"elementor-element elementor-element-454338fd e-con-full e-flex e-con e-parent\" data-id=\"454338fd\" data-element_type=\"container\" data-e-type=\"container\" data-settings=\"{&quot;background_background&quot;:&quot;classic&quot;}\">\n\t\t\t\t<\/div>\n\t\t<div class=\"elementor-element elementor-element-667b9a00 e-flex e-con-boxed e-con e-parent\" data-id=\"667b9a00\" data-element_type=\"container\" data-e-type=\"container\">\n\t\t\t\t\t<div class=\"e-con-inner\">\n\t\t\t\t<div class=\"elementor-element elementor-element-2a250e87 elementor-widget elementor-widget-spacer\" data-id=\"2a250e87\" data-element_type=\"widget\" data-e-type=\"widget\" data-widget_type=\"spacer.default\">\n\t\t\t\t<div class=\"elementor-widget-container\">\n\t\t\t\t\t\t\t<div class=\"elementor-spacer\">\n\t\t\t<div class=\"elementor-spacer-inner\"><\/div>\n\t\t<\/div>\n\t\t\t\t\t\t<\/div>\n\t\t\t\t<\/div>\n\t\t\t\t\t<\/div>\n\t\t\t\t<\/div>\n\t\t<div class=\"elementor-element elementor-element-45618742 e-flex e-con-boxed e-con e-parent\" data-id=\"45618742\" data-element_type=\"container\" data-e-type=\"container\">\n\t\t\t\t\t<div class=\"e-con-inner\">\n\t\t\t\t<div class=\"elementor-element elementor-element-543435bc elementor-widget elementor-widget-heading\" data-id=\"543435bc\" data-element_type=\"widget\" data-e-type=\"widget\" data-widget_type=\"heading.default\">\n\t\t\t\t<div class=\"elementor-widget-container\">\n\t\t\t\t\t<h2 class=\"elementor-heading-title elementor-size-default\">Kir\u00e1ndul\u00e1s szerepj\u00e1t\u00e9kkal<\/h2>\t\t\t\t<\/div>\n\t\t\t\t<\/div>\n\t\t\t\t\t<\/div>\n\t\t\t\t<\/div>\n\t\t<div class=\"elementor-element elementor-element-7e344368 e-flex e-con-boxed e-con e-parent\" data-id=\"7e344368\" data-element_type=\"container\" data-e-type=\"container\">\n\t\t\t\t\t<div class=\"e-con-inner\">\n\t\t\t\t<div class=\"elementor-element elementor-element-16ce9182 elementor-widget elementor-widget-text-editor\" data-id=\"16ce9182\" data-element_type=\"widget\" data-e-type=\"widget\" data-widget_type=\"text-editor.default\">\n\t\t\t\t<div class=\"elementor-widget-container\">\n\t\t\t\t\t\t\t\t\t<ul>\n<li>Ha sz\u00e9p az id\u0151, \u00e9rdemes kimenni a szabadba. Ezt persze sok gyerek nagyon nehezen b\u00edrja: t\u00edz perc ut\u00e1n kiakad, \u201cMikor megy\u00fcnk m\u00e1r haza?\u201d \u201cUnatkozoooooom!\u201d Ha \u00e9reztek magatokban er\u0151t, tal\u00e1ljatok ki egy t\u00f6rt\u00e9netet a kir\u00e1ndul\u00e1s k\u00f6r\u00e9. Higgy\u00e9tek el, meg\u00e9ri. Seg\u00edt\u00fcnk, hogy hogyan.<br>A t\u00f6rt\u00e9netet a gyerek \u00e9letkor\u00e1nak, \u00e9rdekl\u0151d\u00e9s\u00e9nek megfelel\u0151en tal\u00e1lj\u00e1tok ki. A kir\u00e1ndul\u00e1s el\u0151tti nap besz\u00e9lj\u00e9tek meg a gyerekkel, hogy kir\u00e1ndulni mentek, de neki lesz egy k\u00fcl\u00f6n k\u00fcldet\u00e9se valamilyen szerepben. Ak\u00e1r aj\u00e1nlhattok is neki k\u00e9t (vagy lehet h\u00e1rom) v\u00e1laszt\u00e1si lehet\u0151s\u00e9get. \u201cHolnap elmegy\u00fcnk az erd\u0151be, \u00e9s neked lesz ott egy fontos k\u00fcldet\u00e9sed. Mi szeretn\u00e9l lenni? H\u0151s vagy var\u00e1zsl\u00f3?\u201d \u2013 de ez lehet b\u00e1rmi m\u00e1s is. A h\u0151snek vagy var\u00e1zsl\u00f3nak lehet valamilyen k\u00fcl\u00f6nleges k\u00e9pess\u00e9ge, amit a gyerek kital\u00e1lhat vagy kital\u00e1lhattok k\u00f6z\u00f6sen, \u00e9s a t\u00f6rt\u00e9net v\u00e9ge legyen az, hogy haza\u00e9rtek, \u00e9s a kir\u00e1ndul\u00e1s sor\u00e1n gy\u0171jt\u00f6tt t\u00e1rgyakkal\/\u00e9lm\u00e9nyekkel valamit csin\u00e1lni kell, ami megmenti a vil\u00e1got\/kir\u00e1lys\u00e1got.<\/li>\n<\/ul>\n<p><b>Fontos<\/b>:<\/p>\n<ol>\n<li>A t\u00f6rt\u00e9netnek r\u00e9szei lehettek ti is. Lehettek a b\u00f6lcsek, akikhez seg\u00edts\u00e9g\u00e9rt fordulhat a gyerek.<\/li>\n<li>A gyerek is alak\u00edthatja a mes\u00e9t, kital\u00e1lhat feladatokat, elemeket, esem\u00e9nyeket \u2013 ami illik a kir\u00e1ndul\u00e1shoz.<\/li>\n<\/ol>\n<p>A kir\u00e1ndul\u00e1s el\u0151tt k\u00e9sz\u00edthettek olyan t\u00e1rgyakat, amik seg\u00edtenek a gyereknek a k\u00fcldet\u00e9s sor\u00e1n. P\u00e9ld\u00e1ul t\u00e1vcs\u00f6vet: Wc pap\u00edr vagy a pap\u00edrt\u00f6rl\u0151 gurig\u00e1ja t\u00f6k\u00e9letes hozz\u00e1. \u00d6sszeragaszthattok t\u00f6bbet, hogy hosszabb legyen: ezt a gyerek hat\u00e1rozza meg. Ezut\u00e1n d\u00edsz\u00edts\u00e9tek fel a t\u00e1vcs\u00f6vet: fess\u00e9tek be\/ragasszatok r\u00e1 d\u00edszeket, ami tulajdonk\u00e9ppen b\u00e1rmi lehet: gy\u00f6ngy, kavics, sz\u00ednes pap\u00edrok, szalv\u00e9ta, t\u00e9szta, stb.<br>A kerett\u00f6rt\u00e9netbe ezut\u00e1n sok minden belef\u00e9r.<\/p>\n<p>Itt van n\u00e9h\u00e1ny tipp, ami lefoglalja a gyereket, mik\u00f6zben felfedezi a k\u00f6rnyezet\u00e9t is.<\/p>\n<p><b>T\u00e1rgyakat, term\u00e9seket kell \u00f6sszegy\u0171jtenie<br><\/b>V\u00e1lasszatok egy sz\u00ednt\/form\u00e1t, vagy ak\u00e1r t\u00f6bbet. Egyszer te v\u00e1lassz, egyszer \u0151, \u00e9s keressetek s\u00e9ta k\u00f6zben min\u00e9l t\u00f6bb olyan dolgot, ami ilyen sz\u00edn\u0171. Ha olyan helyen vagytok, lehet versenyezni is vagy egy\u00fctt keresni.<br><b>Tipp<\/b>: Ha nehezen megy, \u00fagy tudtok seg\u00edteni a gyereknek, ha kb. megmondj\u00e1tok neki, hogy hol keresse a sz\u00ednt.<\/p>\n<p><b>Fedezze fel az erd\u0151\/term\u00e9szet hangjait<\/b><br>Pr\u00f3b\u00e1lja meg megmondani a gyerek, hogy milyen hangokat hall. Tal\u00e1lj\u00e1tok ki, hogy vajon mir\u0151l besz\u00e9lnek a madarak, mit mondanak a f\u00e1k. Ha nincsenek \u00f6tletei, aj\u00e1nljatok itt is kett\u0151t, amib\u0151l v\u00e1laszthat.<\/p>\n<p><b>Szerezzen var\u00e1zst\u00e1rgyakat seg\u00edts\u00e9g\u00fcl<\/b><\/p>\n<p>Ezt lehet t\u00f6bbf\u00e9lek\u00e9ppen.<\/p>\n<ul>\n<li>Bark\u00f3b\u00e1zza ki mag\u00e1t a t\u00e1rgyat, vagy b\u00e1rmit, ami az \u00e9letkor\u00e1nak megfelel, \u00e9s azzal megszerezhet egy eszk\u00f6zt.<\/li>\n<li>V\u00e1laszoljon tavasszal, term\u00e9szettel kapcsolatos k\u00e9rd\u00e9sekre, vagy fejezzen be mondatokat.\n<ul>\n<li>T\u00e9len kopaszok a f\u00e1k, tavasszal pedig __lombjuk\/leveleik__ vannak.<\/li>\n<li>Hogy csin\u00e1l a k\u00edgy\u00f3? sz sz sz sz sz sz sz sz<\/li>\n<li>Hogy csin\u00e1l a m\u00e9h? B z z z z z z z z z<\/li>\n<\/ul>\n<\/li>\n<\/ul>\n<p><strong>Tipp<\/strong>: Lesz olyan gyerek, akinek ez nem fog menni. Neki aj\u00e1nljatok fel k\u00e9t lehet\u0151s\u00e9get, abb\u00f3l v\u00e1lassza ki a j\u00f3t. Ha \u00edgy is neh\u00e9z vagy ha \u00edgy m\u00e1r megy, akkor haszn\u00e1ljatok hozz\u00e1 mutogat\u00e1st.<\/p>\n<ul>\n<li>Csin\u00e1ljon meg mindenf\u00e9le feladatot, ami lehet mozg\u00e1sos, ut\u00e1nz\u00f3s, de nyugodtan haszn\u00e1lj\u00e1tok a fant\u00e1zi\u00e1tokat.\n<ul>\n<li>Mozgasd \u00fagy az ujjaidat, mintha es\u0151cseppek lenn\u00e9nek.<\/li>\n<li>Ugr\u00e1lj \u00fagy, mint egy b\u00e9ka.<\/li>\n<li>Mutasd meg a testeddel, hogy ny\u00edlik a vir\u00e1g.<\/li>\n<li>Dobj el\/gur\u00edts el egy term\u00e9st min\u00e9l messzebbre.<\/li>\n<\/ul>\n<\/li>\n<\/ul>\n<p>Amikor haza\u00e9rtetek, legyen valamilyen ritu\u00e1l\u00e9, ami lez\u00e1rja a mes\u00e9t.<br>Mutatunk k\u00e9t verzi\u00f3t:<\/p>\n<ul>\n<li>Tavaszi szenzoros \u201cvar\u00e1zs\u201d t\u00e1lca: az \u00f6sszegy\u0171jt\u00f6tt term\u00e9seket, apr\u00f3 t\u00e1rgyakat, tegy\u00e9tek egy t\u00e1lba\/t\u00e1lc\u00e1ra, \u00e9s sz\u00f3rjatok r\u00e1 rizst\/b\u00faz\u00e1t \u00fagy, hogy teljesen eltakarja. A gyerek, ha b\u00edrja, ny\u00faljon bele a rizsbe, \u00e9s keressen meg egy t\u00e1rgyat. Tapint\u00e1sra pr\u00f3b\u00e1lja meg kital\u00e1lni, hogy mi lehet az. Ha nem b\u00edr beleny\u00falni a rizsbe, akkor el\u00e9g, ha a t\u00e1rgyakat letakarj\u00e1tok egy kend\u0151vel.<span style=\"background-color: transparent; font-family: -apple-system, BlinkMacSystemFont, 'Segoe UI', Roboto, 'Helvetica Neue', Arial, 'Noto Sans', sans-serif, 'Apple Color Emoji', 'Segoe UI Emoji', 'Segoe UI Symbol', 'Noto Color Emoji';\"><br><\/span><\/li>\n<\/ul><div><br><\/div>\n<p><span style=\"background-color: transparent; font-family: -apple-system, BlinkMacSystemFont, 'Segoe UI', Roboto, 'Helvetica Neue', Arial, 'Noto Sans', sans-serif, 'Apple Color Emoji', 'Segoe UI Emoji', 'Segoe UI Symbol', 'Noto Color Emoji';\"><strong>Tipp<\/strong>: Ha nagyon neh\u00e9z kital\u00e1lnia, mit fogott meg, el\u0151sz\u00f6r m\u00e9g l\u00e1ssa a t\u00e1rgyakat, \u00e9s fogdossa meg \u0151ket \u00fagy. Az is&nbsp;<\/span><span style=\"background-color: transparent; font-family: -apple-system, BlinkMacSystemFont, &quot;Segoe UI&quot;, Roboto, &quot;Helvetica Neue&quot;, Arial, &quot;Noto Sans&quot;, sans-serif, &quot;Apple Color Emoji&quot;, &quot;Segoe UI Emoji&quot;, &quot;Segoe UI Symbol&quot;, &quot;Noto Color Emoji&quot;;\">seg\u00edt, ha csak kev\u00e9s t\u00e1rgy van egyszerre a kend\u0151 alatt. Vagy az is, ha egy-egy t\u00e1rgyb\u00f3l t\u00f6bb van, \u00e9s egyet l\u00e1t&nbsp;<\/span><span style=\"background-color: transparent; font-family: -apple-system, BlinkMacSystemFont, &quot;Segoe UI&quot;, Roboto, &quot;Helvetica Neue&quot;, Arial, &quot;Noto Sans&quot;, sans-serif, &quot;Apple Color Emoji&quot;, &quot;Segoe UI Emoji&quot;, &quot;Segoe UI Symbol&quot;, &quot;Noto Color Emoji&quot;;\">bel\u0151le, mik\u00f6zben a \u201cl\u00e1thatatlanokat\u201d megtapintja.<\/span><\/p><ul><li>Rajzolj\u00e1tok le, hogy mi minden t\u00f6rt\u00e9nt az erd\u0151ben. Pr\u00f3b\u00e1lj\u00e1tok meg \u00f6sszeszedni sorrendben, de ha nem megy, emelje ki a gyerek, hogy melyik volt a kedvenc r\u00e9sze, \u00e9s rajzolja le azt. Ezut\u00e1n a t\u00f6rt\u00e9netnek megfelel\u0151en csin\u00e1ljatok a rajzzal valamilyen var\u00e1zsl\u00e1st vagy tekerj\u00e9tek \u00e9s k\u00f6ss\u00e9tek \u00f6ssze, \u00e9s \u201ck\u00fcldj\u00e9tek el\u201d a kir\u00e1lynak, aki v\u00e1rja. B\u00e1rmilyen lez\u00e1r\u00f3 ritu\u00e1l\u00e9 j\u00f3 lehet, amivel a gyerek \u00fajra\u00e9lheti a j\u00f3 \u00e9lm\u00e9nyeit.<\/li>\n<\/ul>\t\t\t\t\t\t\t\t<\/div>\n\t\t\t\t<\/div>\n\t\t\t\t\t<\/div>\n\t\t\t\t<\/div>\n\t\t<div class=\"elementor-element elementor-element-23666550 e-flex e-con-boxed e-con e-parent\" data-id=\"23666550\" data-element_type=\"container\" data-e-type=\"container\">\n\t\t\t\t\t<div class=\"e-con-inner\">\n\t\t<div class=\"elementor-element elementor-element-7cbcc7d3 e-con-full e-flex e-con e-child\" data-id=\"7cbcc7d3\" data-element_type=\"container\" data-e-type=\"container\">\n\t\t\t\t<div class=\"elementor-element elementor-element-62e75f24 elementor-widget elementor-widget-text-editor\" data-id=\"62e75f24\" data-element_type=\"widget\" data-e-type=\"widget\" data-widget_type=\"text-editor.default\">\n\t\t\t\t<div class=\"elementor-widget-container\">\n\t\t\t\t\t\t\t\t\t<p><strong>Most egyben is let\u00f6ltheted az \u00f6sszes tipp\u00fcnket &#8211; nemcsak a H\u00fasv\u00e9ti sz\u00fcnetben hasznos!<\/strong><\/p>\t\t\t\t\t\t\t\t<\/div>\n\t\t\t\t<\/div>\n\t\t\t\t<div class=\"elementor-element elementor-element-1b8b9d56 elementor-align-right elementor-widget__width-initial e-transform elementor-widget elementor-widget-button\" data-id=\"1b8b9d56\" data-element_type=\"widget\" data-e-type=\"widget\" data-settings=\"{&quot;_transform_scale_effect_hover&quot;:{&quot;unit&quot;:&quot;px&quot;,&quot;size&quot;:0.90000000000000002220446049250313080847263336181640625,&quot;sizes&quot;:[]},&quot;_transform_scale_effect_hover_tablet&quot;:{&quot;unit&quot;:&quot;px&quot;,&quot;size&quot;:&quot;&quot;,&quot;sizes&quot;:[]},&quot;_transform_scale_effect_hover_mobile&quot;:{&quot;unit&quot;:&quot;px&quot;,&quot;size&quot;:&quot;&quot;,&quot;sizes&quot;:[]}}\" data-widget_type=\"button.default\">\n\t\t\t\t<div class=\"elementor-widget-container\">\n\t\t\t\t\t\t\t\t\t<div class=\"elementor-button-wrapper\">\n\t\t\t\t\t<a class=\"elementor-button elementor-button-link elementor-size-sm\" href=\"https:\/\/nestingplay.com\/wp-content\/uploads\/2025\/04\/NestingPlay-Husveti-Jatekkalauz.pdf\">\n\t\t\t\t\t\t<span class=\"elementor-button-content-wrapper\">\n\t\t\t\t\t\t\t\t\t<span class=\"elementor-button-text\">Kattints a let\u00f6lt\u00e9shez!<\/span>\n\t\t\t\t\t<\/span>\n\t\t\t\t\t<\/a>\n\t\t\t\t<\/div>\n\t\t\t\t\t\t\t\t<\/div>\n\t\t\t\t<\/div>\n\t\t\t\t<\/div>\n\t\t<div class=\"elementor-element elementor-element-7e3e0b7b e-con-full e-flex e-con e-child\" data-id=\"7e3e0b7b\" data-element_type=\"container\" data-e-type=\"container\">\n\t\t\t\t<div class=\"elementor-element elementor-element-2af3569d elementor-widget elementor-widget-text-editor\" data-id=\"2af3569d\" data-element_type=\"widget\" data-e-type=\"widget\" data-widget_type=\"text-editor.default\">\n\t\t\t\t<div class=\"elementor-widget-container\">\n\t\t\t\t\t\t\t\t\t<p><strong>Ha szeretn\u00e9l tov\u00e1bbi tippeket kapni, iratkozz fel h\u00edrlevel\u00fcnkre most!<\/strong><\/p>\t\t\t\t\t\t\t\t<\/div>\n\t\t\t\t<\/div>\n\t\t\t\t<div class=\"elementor-element elementor-element-63e518c3 elementor-button-align-center elementor-widget elementor-widget-form\" data-id=\"63e518c3\" data-element_type=\"widget\" data-e-type=\"widget\" data-settings=\"{&quot;step_next_label&quot;:&quot;K\\u00f6vetkez\\u0151&quot;,&quot;step_previous_label&quot;:&quot;El\\u0151z\\u0151&quot;,&quot;step_type&quot;:&quot;number_text&quot;,&quot;step_icon_shape&quot;:&quot;circle&quot;}\" data-widget_type=\"form.default\">\n\t\t\t\t<div class=\"elementor-widget-container\">\n\t\t\t\t\t\t\t<form class=\"elementor-form\" method=\"post\" name=\"\u00daj \u0171rlap\" aria-label=\"\u00daj \u0171rlap\">\n\t\t\t<input type=\"hidden\" name=\"post_id\" value=\"1886\"\/>\n\t\t\t<input type=\"hidden\" name=\"form_id\" value=\"63e518c3\"\/>\n\t\t\t<input type=\"hidden\" name=\"referer_title\" value=\"\" \/>\n\n\t\t\t\n\t\t\t<div class=\"elementor-form-fields-wrapper elementor-labels-\">\n\t\t\t\t\t\t\t\t<div class=\"elementor-field-type-email elementor-field-group elementor-column elementor-field-group-email elementor-col-100 elementor-field-required\">\n\t\t\t\t\t\t\t\t\t\t\t\t<label for=\"form-field-email\" class=\"elementor-field-label elementor-screen-only\">\n\t\t\t\t\t\t\t\tEmail\t\t\t\t\t\t\t<\/label>\n\t\t\t\t\t\t\t\t\t\t\t\t\t\t<input size=\"1\" type=\"email\" name=\"form_fields[email]\" id=\"form-field-email\" class=\"elementor-field elementor-size-sm  elementor-field-textual\" placeholder=\"Email\" required=\"required\">\n\t\t\t\t\t\t\t\t\t\t\t<\/div>\n\t\t\t\t\t\t\t\t<div class=\"elementor-field-group elementor-column elementor-field-type-submit elementor-col-100 e-form__buttons\">\n\t\t\t\t\t<button class=\"elementor-button elementor-size-sm\" type=\"submit\">\n\t\t\t\t\t\t<span class=\"elementor-button-content-wrapper\">\n\t\t\t\t\t\t\t\t\t\t\t\t\t\t\t\t\t\t\t\t\t\t<span class=\"elementor-button-text\">K\u00e9rem a h\u00edrlevelet!<\/span>\n\t\t\t\t\t\t\t\t\t\t\t\t\t<\/span>\n\t\t\t\t\t<\/button>\n\t\t\t\t<\/div>\n\t\t\t<\/div>\n\t\t<\/form>\n\t\t\t\t\t\t<\/div>\n\t\t\t\t<\/div>\n\t\t\t\t<\/div>\n\t\t\t\t\t<\/div>\n\t\t\t\t<\/div>\n\t\t\t\t<\/div>\n\t\t\n    <div class=\"xs_social_share_widget xs_share_url after_content \t\tmain_content  wslu-style-1 wslu-share-box-shaped wslu-fill-colored wslu-none wslu-share-horizontal wslu-theme-font-no wslu-main_content\">\n\n\t\t\n        <ul>\n\t\t\t        <\/ul>\n    <\/div> \n","protected":false},"excerpt":{"rendered":"<p>Kir\u00e1ndul\u00e1s szerepj\u00e1t\u00e9kkal Ha sz\u00e9p az id\u0151, \u00e9rdemes kimenni a szabadba. Ezt persze sok gyerek nagyon nehezen b\u00edrja: t\u00edz perc ut\u00e1n kiakad, \u201cMikor megy\u00fcnk m\u00e1r haza?\u201d \u201cUnatkozoooooom!\u201d Ha \u00e9reztek magatokban er\u0151t, tal\u00e1ljatok ki egy t\u00f6rt\u00e9netet a kir\u00e1ndul\u00e1s k\u00f6r\u00e9. Higgy\u00e9tek el, meg\u00e9ri. Seg\u00edt\u00fcnk, hogy hogyan.A t\u00f6rt\u00e9netet a gyerek \u00e9letkor\u00e1nak, \u00e9rdekl\u0151d\u00e9s\u00e9nek megfelel\u0151en tal\u00e1lj\u00e1tok ki. A kir\u00e1ndul\u00e1s el\u0151tti nap [&hellip;]<\/p>\n","protected":false},"author":2,"featured_media":0,"parent":0,"menu_order":0,"comment_status":"closed","ping_status":"closed","template":"","meta":{"_eb_attr":"","footnotes":""},"class_list":["post-1886","page","type-page","status-publish","hentry"],"_links":{"self":[{"href":"https:\/\/nestingplay.com\/en\/wp-json\/wp\/v2\/pages\/1886","targetHints":{"allow":["GET"]}}],"collection":[{"href":"https:\/\/nestingplay.com\/en\/wp-json\/wp\/v2\/pages"}],"about":[{"href":"https:\/\/nestingplay.com\/en\/wp-json\/wp\/v2\/types\/page"}],"author":[{"embeddable":true,"href":"https:\/\/nestingplay.com\/en\/wp-json\/wp\/v2\/users\/2"}],"replies":[{"embeddable":true,"href":"https:\/\/nestingplay.com\/en\/wp-json\/wp\/v2\/comments?post=1886"}],"version-history":[{"count":13,"href":"https:\/\/nestingplay.com\/en\/wp-json\/wp\/v2\/pages\/1886\/revisions"}],"predecessor-version":[{"id":2075,"href":"https:\/\/nestingplay.com\/en\/wp-json\/wp\/v2\/pages\/1886\/revisions\/2075"}],"wp:attachment":[{"href":"https:\/\/nestingplay.com\/en\/wp-json\/wp\/v2\/media?parent=1886"}],"curies":[{"name":"wp","href":"https:\/\/api.w.org\/{rel}","templated":true}]}}