{"id":1842,"date":"2025-05-01T16:10:43","date_gmt":"2025-05-01T14:10:43","guid":{"rendered":"https:\/\/testwordpresswithnat.com\/?page_id=1842"},"modified":"2025-05-02T08:08:56","modified_gmt":"2025-05-02T06:08:56","slug":"hol-repul-a-mehecske","status":"publish","type":"page","link":"https:\/\/nestingplay.com\/en\/hol-repul-a-mehecske\/","title":{"rendered":"Hol rep\u00fcl a m\u00e9hecske?"},"content":{"rendered":"\t\t<div data-elementor-type=\"wp-page\" data-elementor-id=\"1842\" class=\"elementor elementor-1842\" data-elementor-post-type=\"page\">\n\t\t\t\t<div class=\"elementor-element elementor-element-51046741 e-con-full e-flex e-con e-parent\" data-id=\"51046741\" data-element_type=\"container\" data-e-type=\"container\" data-settings=\"{&quot;background_background&quot;:&quot;classic&quot;}\">\n\t\t\t\t<\/div>\n\t\t<div class=\"elementor-element elementor-element-17ddfae7 e-flex e-con-boxed e-con e-parent\" data-id=\"17ddfae7\" data-element_type=\"container\" data-e-type=\"container\">\n\t\t\t\t\t<div class=\"e-con-inner\">\n\t\t\t\t<div class=\"elementor-element elementor-element-2c728fc7 elementor-widget elementor-widget-spacer\" data-id=\"2c728fc7\" data-element_type=\"widget\" data-e-type=\"widget\" data-widget_type=\"spacer.default\">\n\t\t\t\t<div class=\"elementor-widget-container\">\n\t\t\t\t\t\t\t<div class=\"elementor-spacer\">\n\t\t\t<div class=\"elementor-spacer-inner\"><\/div>\n\t\t<\/div>\n\t\t\t\t\t\t<\/div>\n\t\t\t\t<\/div>\n\t\t\t\t\t<\/div>\n\t\t\t\t<\/div>\n\t\t<div class=\"elementor-element elementor-element-1db0c704 e-flex e-con-boxed e-con e-parent\" data-id=\"1db0c704\" data-element_type=\"container\" data-e-type=\"container\">\n\t\t\t\t\t<div class=\"e-con-inner\">\n\t\t\t\t<div class=\"elementor-element elementor-element-5148668f elementor-widget elementor-widget-heading\" data-id=\"5148668f\" data-element_type=\"widget\" data-e-type=\"widget\" data-widget_type=\"heading.default\">\n\t\t\t\t<div class=\"elementor-widget-container\">\n\t\t\t\t\t<h2 class=\"elementor-heading-title elementor-size-default\">Hol rep\u00fcl a m\u00e9hecske?<\/h2>\t\t\t\t<\/div>\n\t\t\t\t<\/div>\n\t\t\t\t\t<\/div>\n\t\t\t\t<\/div>\n\t\t<div class=\"elementor-element elementor-element-6ea90954 e-flex e-con-boxed e-con e-parent\" data-id=\"6ea90954\" data-element_type=\"container\" data-e-type=\"container\">\n\t\t\t\t\t<div class=\"e-con-inner\">\n\t\t\t\t<div class=\"elementor-element elementor-element-5fffa799 elementor-widget elementor-widget-text-editor\" data-id=\"5fffa799\" data-element_type=\"widget\" data-e-type=\"widget\" data-widget_type=\"text-editor.default\">\n\t\t\t\t<div class=\"elementor-widget-container\">\n\t\t\t\t\t\t\t\t\t<p>Tavaszodik, \u00e9bred a term\u00e9szet, mad\u00e1rcsicserg\u00e9s, rovar moraj hallatszik mindenfel\u00e9. Ti lesztek most az egyik ilyen hang. A sz\u00fcl\u0151 kezdjen el z\u00fcmm\u00f6gni a kert\/park vagy a lak\u00e1s egyik r\u00e9sz\u00e9n, a gyerek pedig pr\u00f3b\u00e1lja meg megtal\u00e1lni.<br \/>Nehez\u00edt\u00e9s: a feln\u0151tt k\u00f6zben mozoghat is. A j\u00e1t\u00e9k a v\u00e9g\u00e9n nyugodtan \u00e1tmehet kerget\u0151z\u00e9sbe.<br \/>Adj\u00e1tok \u00e1t a m\u00e9hecske szerepet a gyereknek is, ha szeretn\u00e9. Ha ez komfortos neki, im\u00e1dni fogja, hogy most \u0151 ir\u00e1ny\u00edt.<br \/>Megk\u00e9rdezhetitek t\u0151le, hogy szeretne-e m\u00e1s \u00e1llat lenni.<\/p><p><b>Tipp<\/b>: Ha nem tud mag\u00e1t\u00f3l kital\u00e1lni egy m\u00e1sik \u00e1llatot, akkor legyen a tarsolyotokban k\u00e9t \u00f6tlet, aminek szint\u00e9n j\u00f3l lehet ut\u00e1nozni a hangj\u00e1t; aj\u00e1nlj\u00e1tok fel neki ezt a kett\u0151t, \u00e9s v\u00e1lasszon.<\/p><p>A j\u00e1t\u00e9k v\u00e9get\u00e9rhet \u00fagy is, hogy a gyerek lerajzolja a m\u00e9hecsk\u00e9t, \u00e9s hogy szerinte merre repkedett.<br \/>Ez a j\u00e1t\u00e9k egyszerre sz\u00f3rakoztat\u00f3 \u00e9s fejleszt\u0151, ami miatt kiv\u00e1l\u00f3an alkalmazhat\u00f3 b\u00e1rmilyen gyerekkel \u2013 legyen az \u00e1tlagos fejl\u0151d\u00e9s\u0171, figyelemzavaros vagy szenzoros \u00e9rz\u00e9kenys\u00e9ggel \u00e9l\u0151.<\/p><p><b>Mi\u00e9rt j\u00f3 figyelemzavaros gyerekekkel?<\/b><\/p><ul><li><b>Figyelem f\u00f3kusz\u00e1l\u00e1sa:<\/b> A gyereknek meg kell hallania \u00e9s k\u00f6vetnie kell a z\u00fcmm\u00f6g\u0151 hangot, ami seg\u00edti a f\u00f3kusz\u00e1lt figyelem fejleszt\u00e9s\u00e9t.<\/li><li><b>Impulzuskontroll<\/b>: Ha a feln\u0151tt mozog, a gyereknek meg kell v\u00e1rnia a megfelel\u0151 pillanatot a mozg\u00e1sra, ami<br \/>kontrollra tan\u00edt.<\/li><li><b>Motiv\u00e1ci\u00f3s j\u00e1t\u00e9k<\/b>: A j\u00e1t\u00e9k izgalmas, ami seg\u00edt fenntartani a figyelmet, amit m\u00e1s t\u00edpus\u00fa feladatok nem mindig tudnak el\u00e9rni.<\/li><\/ul><div>\u00a0<\/div><p><b>Mi\u00e9rt j\u00f3 szenzoros \u00e9rz\u00e9kenys\u00e9ggel \u00e9l\u0151 gyerekekkel?<\/b><\/p><ul><li><strong>Hang\u00e9rz\u00e9kel\u00e9s gyakorl\u00e1sa<\/strong>: A j\u00e1t\u00e9k term\u00e9szetes, l\u00e1gy hangokat haszn\u00e1l (z\u00fcmm\u00f6g\u00e9s, mad\u00e1rcsicserg\u00e9s), amik nem t\u00falterhel\u0151k, m\u00e9gis fejlesztik a hall\u00e1si figyelmet.<\/li><li><strong>Mozg\u00e1sos j\u00e1t\u00e9k<\/strong>: Ha a gyermek ig\u00e9nyli a mozg\u00e1st (szenzoros keres\u0151), a j\u00e1t\u00e9k mozg\u00e1sos r\u00e9sze kiel\u00e9g\u00edtheti ezt. Ugyanakkor lehet finoman, csendesebben is j\u00e1tszani, ha a gyermek szenzorosan t\u00fal\u00e9rz\u00e9keny.<\/li><li><strong>Testtudat \u00e9s t\u00e9rbeli orient\u00e1ci\u00f3<\/strong>: A hang ir\u00e1ny\u00e1nak k\u00f6vet\u00e9se fejleszti a testtudatot \u00e9s a t\u00e9rbeli t\u00e1j\u00e9koz\u00f3d\u00e1st.\u00a0<\/li><\/ul><p>\u00a0<\/p><p><span style=\"background-color: transparent; font-family: -apple-system, BlinkMacSystemFont, 'Segoe UI', Roboto, 'Helvetica Neue', Arial, 'Noto Sans', sans-serif, 'Apple Color Emoji', 'Segoe UI Emoji', 'Segoe UI Symbol', 'Noto Color Emoji';\"><strong>Mi\u00e9rt j\u00f3 minden gyereknek?<\/strong>\u00a0<\/span><\/p><ul><li><strong>Szerepj\u00e1t\u00e9k \u00e9s k\u00e9pzelet<\/strong>: A gyerek ir\u00e1ny\u00edthat, lehet m\u00e9hecske vagy m\u00e1s \u00e1llat, ami n\u00f6veli az \u00f6nbizalm\u00e1t \u00e9s kreativit\u00e1s\u00e1t.<\/li><li><strong style=\"font-family: -apple-system, BlinkMacSystemFont, 'Segoe UI', Roboto, 'Helvetica Neue', Arial, 'Noto Sans', sans-serif, 'Apple Color Emoji', 'Segoe UI Emoji', 'Segoe UI Symbol', 'Noto Color Emoji';\">Kapcsol\u00f3d\u00e1s \u00e9s k\u00f6z\u00f6s \u00e9lm\u00e9ny<\/strong><span style=\"font-family: -apple-system, BlinkMacSystemFont, 'Segoe UI', Roboto, 'Helvetica Neue', Arial, 'Noto Sans', sans-serif, 'Apple Color Emoji', 'Segoe UI Emoji', 'Segoe UI Symbol', 'Noto Color Emoji';\">: A sz\u00fcl\u0151vel k\u00f6z\u00f6s, \u00f6r\u00f6mteli tev\u00e9kenys\u00e9g er\u0151s\u00edti a k\u00f6t\u0151d\u00e9st.<\/span><\/li><li><strong style=\"font-family: -apple-system, BlinkMacSystemFont, 'Segoe UI', Roboto, 'Helvetica Neue', Arial, 'Noto Sans', sans-serif, 'Apple Color Emoji', 'Segoe UI Emoji', 'Segoe UI Symbol', 'Noto Color Emoji';\">Ut\u00f3lagos feldolgoz\u00e1s<\/strong><span style=\"font-family: -apple-system, BlinkMacSystemFont, 'Segoe UI', Roboto, 'Helvetica Neue', Arial, 'Noto Sans', sans-serif, 'Apple Color Emoji', 'Segoe UI Emoji', 'Segoe UI Symbol', 'Noto Color Emoji';\">: A rajzol\u00e1s lehet\u0151s\u00e9get ad az \u00e9lm\u00e9nyek megfogalmaz\u00e1s\u00e1ra \u00e9s lez\u00e1r\u00e1s\u00e1ra \u2013 ami <\/span>k\u00fcl\u00f6n\u00f6sen fontos \u00e9rz\u00e9kenyebb gyerekekn\u00e9l.<\/li><\/ul><p>\u00a0<\/p><p>Ez a j\u00e1t\u00e9k teh\u00e1t nemcsak egyszer\u0171, de szinte minden idegrendszeri \u00e9s \u00e9rzelmi szinten ad lehet\u0151s\u00e9get fejl\u0151d\u00e9sre \u2013 mik\u00f6zben j\u00f3 m\u00f3ka!<\/p>\t\t\t\t\t\t\t\t<\/div>\n\t\t\t\t<\/div>\n\t\t\t\t\t<\/div>\n\t\t\t\t<\/div>\n\t\t<div class=\"elementor-element elementor-element-41b01a8e e-flex e-con-boxed e-con e-parent\" data-id=\"41b01a8e\" data-element_type=\"container\" data-e-type=\"container\">\n\t\t\t\t\t<div class=\"e-con-inner\">\n\t\t<div class=\"elementor-element elementor-element-645e6f12 e-con-full e-flex e-con e-child\" data-id=\"645e6f12\" data-element_type=\"container\" data-e-type=\"container\">\n\t\t\t\t<div class=\"elementor-element elementor-element-36c743d1 elementor-widget elementor-widget-text-editor\" data-id=\"36c743d1\" data-element_type=\"widget\" data-e-type=\"widget\" data-widget_type=\"text-editor.default\">\n\t\t\t\t<div class=\"elementor-widget-container\">\n\t\t\t\t\t\t\t\t\t<p><strong>Most egyben is let\u00f6ltheted az \u00f6sszes tipp\u00fcnket &#8211; nemcsak a H\u00fasv\u00e9ti sz\u00fcnetben hasznos!<\/strong><\/p>\t\t\t\t\t\t\t\t<\/div>\n\t\t\t\t<\/div>\n\t\t\t\t<div class=\"elementor-element elementor-element-442c39cb elementor-align-right elementor-widget__width-initial e-transform elementor-widget elementor-widget-button\" data-id=\"442c39cb\" data-element_type=\"widget\" data-e-type=\"widget\" data-settings=\"{&quot;_transform_scale_effect_hover&quot;:{&quot;unit&quot;:&quot;px&quot;,&quot;size&quot;:0.90000000000000002220446049250313080847263336181640625,&quot;sizes&quot;:[]},&quot;_transform_scale_effect_hover_tablet&quot;:{&quot;unit&quot;:&quot;px&quot;,&quot;size&quot;:&quot;&quot;,&quot;sizes&quot;:[]},&quot;_transform_scale_effect_hover_mobile&quot;:{&quot;unit&quot;:&quot;px&quot;,&quot;size&quot;:&quot;&quot;,&quot;sizes&quot;:[]}}\" data-widget_type=\"button.default\">\n\t\t\t\t<div class=\"elementor-widget-container\">\n\t\t\t\t\t\t\t\t\t<div class=\"elementor-button-wrapper\">\n\t\t\t\t\t<a class=\"elementor-button elementor-button-link elementor-size-sm\" href=\"https:\/\/nestingplay.com\/wp-content\/uploads\/2025\/04\/NestingPlay-Husveti-Jatekkalauz.pdf\">\n\t\t\t\t\t\t<span class=\"elementor-button-content-wrapper\">\n\t\t\t\t\t\t\t\t\t<span class=\"elementor-button-text\">Kattints a let\u00f6lt\u00e9shez!<\/span>\n\t\t\t\t\t<\/span>\n\t\t\t\t\t<\/a>\n\t\t\t\t<\/div>\n\t\t\t\t\t\t\t\t<\/div>\n\t\t\t\t<\/div>\n\t\t\t\t<\/div>\n\t\t<div class=\"elementor-element elementor-element-2c26fd5c e-con-full e-flex e-con e-child\" data-id=\"2c26fd5c\" data-element_type=\"container\" data-e-type=\"container\">\n\t\t\t\t<div class=\"elementor-element elementor-element-13f77ed8 elementor-widget elementor-widget-text-editor\" data-id=\"13f77ed8\" data-element_type=\"widget\" data-e-type=\"widget\" data-widget_type=\"text-editor.default\">\n\t\t\t\t<div class=\"elementor-widget-container\">\n\t\t\t\t\t\t\t\t\t<p><strong>Ha szeretn\u00e9l tov\u00e1bbi tippeket kapni, iratkozz fel h\u00edrlevel\u00fcnkre most!<\/strong><\/p>\t\t\t\t\t\t\t\t<\/div>\n\t\t\t\t<\/div>\n\t\t\t\t<div class=\"elementor-element elementor-element-6e4d9c90 elementor-button-align-center elementor-widget elementor-widget-form\" data-id=\"6e4d9c90\" data-element_type=\"widget\" data-e-type=\"widget\" data-settings=\"{&quot;step_next_label&quot;:&quot;K\\u00f6vetkez\\u0151&quot;,&quot;step_previous_label&quot;:&quot;El\\u0151z\\u0151&quot;,&quot;step_type&quot;:&quot;number_text&quot;,&quot;step_icon_shape&quot;:&quot;circle&quot;}\" data-widget_type=\"form.default\">\n\t\t\t\t<div class=\"elementor-widget-container\">\n\t\t\t\t\t\t\t<form class=\"elementor-form\" method=\"post\" name=\"\u00daj \u0171rlap\" aria-label=\"\u00daj \u0171rlap\">\n\t\t\t<input type=\"hidden\" name=\"post_id\" value=\"1842\"\/>\n\t\t\t<input type=\"hidden\" name=\"form_id\" value=\"6e4d9c90\"\/>\n\t\t\t<input type=\"hidden\" name=\"referer_title\" value=\"\" \/>\n\n\t\t\t\n\t\t\t<div class=\"elementor-form-fields-wrapper elementor-labels-\">\n\t\t\t\t\t\t\t\t<div class=\"elementor-field-type-email elementor-field-group elementor-column elementor-field-group-email elementor-col-100 elementor-field-required\">\n\t\t\t\t\t\t\t\t\t\t\t\t<label for=\"form-field-email\" class=\"elementor-field-label elementor-screen-only\">\n\t\t\t\t\t\t\t\tEmail\t\t\t\t\t\t\t<\/label>\n\t\t\t\t\t\t\t\t\t\t\t\t\t\t<input size=\"1\" type=\"email\" name=\"form_fields[email]\" id=\"form-field-email\" class=\"elementor-field elementor-size-sm  elementor-field-textual\" placeholder=\"Email\" required=\"required\">\n\t\t\t\t\t\t\t\t\t\t\t<\/div>\n\t\t\t\t\t\t\t\t<div class=\"elementor-field-group elementor-column elementor-field-type-submit elementor-col-100 e-form__buttons\">\n\t\t\t\t\t<button class=\"elementor-button elementor-size-sm\" type=\"submit\">\n\t\t\t\t\t\t<span class=\"elementor-button-content-wrapper\">\n\t\t\t\t\t\t\t\t\t\t\t\t\t\t\t\t\t\t\t\t\t\t<span class=\"elementor-button-text\">K\u00e9rem a h\u00edrlevelet!<\/span>\n\t\t\t\t\t\t\t\t\t\t\t\t\t<\/span>\n\t\t\t\t\t<\/button>\n\t\t\t\t<\/div>\n\t\t\t<\/div>\n\t\t<\/form>\n\t\t\t\t\t\t<\/div>\n\t\t\t\t<\/div>\n\t\t\t\t<\/div>\n\t\t\t\t\t<\/div>\n\t\t\t\t<\/div>\n\t\t\t\t<\/div>\n\t\t\n    <div class=\"xs_social_share_widget xs_share_url after_content \t\tmain_content  wslu-style-1 wslu-share-box-shaped wslu-fill-colored wslu-none wslu-share-horizontal wslu-theme-font-no wslu-main_content\">\n\n\t\t\n        <ul>\n\t\t\t        <\/ul>\n    <\/div> \n","protected":false},"excerpt":{"rendered":"<p>Hol rep\u00fcl a m\u00e9hecske? Tavaszodik, \u00e9bred a term\u00e9szet, mad\u00e1rcsicserg\u00e9s, rovar moraj hallatszik mindenfel\u00e9. Ti lesztek most az egyik ilyen hang. A sz\u00fcl\u0151 kezdjen el z\u00fcmm\u00f6gni a kert\/park vagy a lak\u00e1s egyik r\u00e9sz\u00e9n, a gyerek pedig pr\u00f3b\u00e1lja meg megtal\u00e1lni.Nehez\u00edt\u00e9s: a feln\u0151tt k\u00f6zben mozoghat is. A j\u00e1t\u00e9k a v\u00e9g\u00e9n nyugodtan \u00e1tmehet kerget\u0151z\u00e9sbe.Adj\u00e1tok \u00e1t a m\u00e9hecske szerepet a [&hellip;]<\/p>\n","protected":false},"author":2,"featured_media":0,"parent":0,"menu_order":0,"comment_status":"closed","ping_status":"closed","template":"","meta":{"_eb_attr":"","footnotes":""},"class_list":["post-1842","page","type-page","status-publish","hentry"],"_links":{"self":[{"href":"https:\/\/nestingplay.com\/en\/wp-json\/wp\/v2\/pages\/1842","targetHints":{"allow":["GET"]}}],"collection":[{"href":"https:\/\/nestingplay.com\/en\/wp-json\/wp\/v2\/pages"}],"about":[{"href":"https:\/\/nestingplay.com\/en\/wp-json\/wp\/v2\/types\/page"}],"author":[{"embeddable":true,"href":"https:\/\/nestingplay.com\/en\/wp-json\/wp\/v2\/users\/2"}],"replies":[{"embeddable":true,"href":"https:\/\/nestingplay.com\/en\/wp-json\/wp\/v2\/comments?post=1842"}],"version-history":[{"count":7,"href":"https:\/\/nestingplay.com\/en\/wp-json\/wp\/v2\/pages\/1842\/revisions"}],"predecessor-version":[{"id":2102,"href":"https:\/\/nestingplay.com\/en\/wp-json\/wp\/v2\/pages\/1842\/revisions\/2102"}],"wp:attachment":[{"href":"https:\/\/nestingplay.com\/en\/wp-json\/wp\/v2\/media?parent=1842"}],"curies":[{"name":"wp","href":"https:\/\/api.w.org\/{rel}","templated":true}]}}