{"id":1823,"date":"2025-05-01T13:47:47","date_gmt":"2025-05-01T11:47:47","guid":{"rendered":"https:\/\/testwordpresswithnat.com\/?page_id=1823"},"modified":"2025-05-10T15:36:15","modified_gmt":"2025-05-10T13:36:15","slug":"hogyan-magyarazzatok-jatekszabalyt","status":"publish","type":"page","link":"https:\/\/nestingplay.com\/en\/hogyan-magyarazzatok-jatekszabalyt\/","title":{"rendered":"Hogyan magyar\u00e1zzatok j\u00e1t\u00e9kszab\u00e1lyt"},"content":{"rendered":"\t\t<div data-elementor-type=\"wp-page\" data-elementor-id=\"1823\" class=\"elementor elementor-1823\" data-elementor-post-type=\"page\">\n\t\t\t\t<div class=\"elementor-element elementor-element-1571282 e-con-full e-flex e-con e-parent\" data-id=\"1571282\" data-element_type=\"container\" data-e-type=\"container\" data-settings=\"{&quot;background_background&quot;:&quot;classic&quot;}\">\n\t\t\t\t<\/div>\n\t\t<div class=\"elementor-element elementor-element-1fc131a3 e-flex e-con-boxed e-con e-parent\" data-id=\"1fc131a3\" data-element_type=\"container\" data-e-type=\"container\">\n\t\t\t\t\t<div class=\"e-con-inner\">\n\t\t\t\t<div class=\"elementor-element elementor-element-55cd6b82 elementor-widget elementor-widget-spacer\" data-id=\"55cd6b82\" data-element_type=\"widget\" data-e-type=\"widget\" data-widget_type=\"spacer.default\">\n\t\t\t\t<div class=\"elementor-widget-container\">\n\t\t\t\t\t\t\t<div class=\"elementor-spacer\">\n\t\t\t<div class=\"elementor-spacer-inner\"><\/div>\n\t\t<\/div>\n\t\t\t\t\t\t<\/div>\n\t\t\t\t<\/div>\n\t\t\t\t\t<\/div>\n\t\t\t\t<\/div>\n\t\t<div class=\"elementor-element elementor-element-48fd6842 e-flex e-con-boxed e-con e-parent\" data-id=\"48fd6842\" data-element_type=\"container\" data-e-type=\"container\">\n\t\t\t\t\t<div class=\"e-con-inner\">\n\t\t\t\t<div class=\"elementor-element elementor-element-1b96bebe elementor-widget elementor-widget-heading\" data-id=\"1b96bebe\" data-element_type=\"widget\" data-e-type=\"widget\" data-widget_type=\"heading.default\">\n\t\t\t\t<div class=\"elementor-widget-container\">\n\t\t\t\t\t<h2 class=\"elementor-heading-title elementor-size-default\">Hogyan magyar\u00e1zzatok j\u00e1t\u00e9kszab\u00e1lyt \u00e9s hogyan j\u00e1tsszatok egy\u00fctt?<\/h2>\t\t\t\t<\/div>\n\t\t\t\t<\/div>\n\t\t\t\t\t<\/div>\n\t\t\t\t<\/div>\n\t\t<div class=\"elementor-element elementor-element-c0c54c0 e-flex e-con-boxed e-con e-parent\" data-id=\"c0c54c0\" data-element_type=\"container\" data-e-type=\"container\">\n\t\t\t\t\t<div class=\"e-con-inner\">\n\t\t\t\t<div class=\"elementor-element elementor-element-1c839c9c elementor-widget elementor-widget-text-editor\" data-id=\"1c839c9c\" data-element_type=\"widget\" data-e-type=\"widget\" data-widget_type=\"text-editor.default\">\n\t\t\t\t<div class=\"elementor-widget-container\">\n\t\t\t\t\t\t\t\t\t<p>Ha szerettek k\u00f6z\u00f6sen t\u00e1rsasozni, de nem mindig egyszer\u0171, ha sokszor kiakad\u00e1s a v\u00e9ge vagy ha nehezen boldogultok a j\u00e1t\u00e9kszab\u00e1lyok \u00e1tad\u00e1s\u00e1val, akkor n\u00e9zz\u00e9tek meg az al\u00e1bbi k\u00e9t vide\u00f3t.<\/p><p>\u00cdme n\u00e9h\u00e1ny tipp, hogy hogyan seg\u00edthettek a gyereketeknek meg\u00e9rteni a j\u00e1t\u00e9kszab\u00e1lyokat.<br \/><img decoding=\"async\" class=\"emoji\" role=\"img\" draggable=\"false\" src=\"https:\/\/s.w.org\/images\/core\/emoji\/15.1.0\/svg\/1f449.svg\" alt=\"\ud83d\udc49\" \/> <a href=\"https:\/\/www.youtube.com\/watch?v=pbK7VY30YSg\" target=\"_blank\" rel=\"noopener\">Hogyan magyar\u00e1zzunk j\u00e1t\u00e9kszab\u00e1lyt?<\/a><\/p><p><br \/>Ez a vide\u00f3 pedig seg\u00edthet az egy\u00fcttj\u00e1tsz\u00e1sban. N\u00e9zz\u00e9tek meg, \u00e9s nagyon j\u00f3 j\u00e1t\u00e9kot k\u00edv\u00e1nunk!<br \/><img decoding=\"async\" class=\"emoji\" role=\"img\" draggable=\"false\" src=\"https:\/\/s.w.org\/images\/core\/emoji\/15.1.0\/svg\/1f449.svg\" alt=\"\ud83d\udc49\" \/> <a href=\"https:\/\/www.youtube.com\/watch?v=x6kw-F6vQo4\" target=\"_blank\" rel=\"noopener\">Ha n\u00e1latok is vannak neh\u00e9z pillanatok j\u00e1t\u00e9k k\u00f6zben<\/a><\/p><p>Rem\u00e9lj\u00fck a rossz id\u0151 a tavaszi sz\u00fcnetre teljesen elfelejt minket \u2013 ez esetben azt javasoljuk, hogy t\u00f6ltsetek kint min\u00e9l t\u00f6bb id\u0151t a term\u00e9szetben. Hoztunk n\u00e9h\u00e1ny remek kinti j\u00e1t\u00e9k\u00f6tletet, de ha minden k\u00f6t\u00e9l szakad, bent is megval\u00f3s\u00edthatj\u00e1tok \u0151ket.<\/p>\t\t\t\t\t\t\t\t<\/div>\n\t\t\t\t<\/div>\n\t\t\t\t\t<\/div>\n\t\t\t\t<\/div>\n\t\t<div class=\"elementor-element elementor-element-5ea159e9 e-flex e-con-boxed e-con e-parent\" data-id=\"5ea159e9\" data-element_type=\"container\" data-e-type=\"container\">\n\t\t\t\t\t<div class=\"e-con-inner\">\n\t\t<div class=\"elementor-element elementor-element-157e951b e-con-full e-flex e-con e-child\" data-id=\"157e951b\" data-element_type=\"container\" data-e-type=\"container\">\n\t\t\t\t<div class=\"elementor-element elementor-element-14a9e18d elementor-widget elementor-widget-text-editor\" data-id=\"14a9e18d\" data-element_type=\"widget\" data-e-type=\"widget\" data-widget_type=\"text-editor.default\">\n\t\t\t\t<div class=\"elementor-widget-container\">\n\t\t\t\t\t\t\t\t\t<p><strong>Most egyben is let\u00f6ltheted az \u00f6sszes tipp\u00fcnket &#8211; nemcsak a H\u00fasv\u00e9ti sz\u00fcnetben hasznos!<\/strong><\/p>\t\t\t\t\t\t\t\t<\/div>\n\t\t\t\t<\/div>\n\t\t\t\t<div class=\"elementor-element elementor-element-7bfd330f elementor-align-right elementor-widget__width-initial e-transform elementor-widget elementor-widget-button\" data-id=\"7bfd330f\" data-element_type=\"widget\" data-e-type=\"widget\" data-settings=\"{&quot;_transform_scale_effect_hover&quot;:{&quot;unit&quot;:&quot;px&quot;,&quot;size&quot;:0.90000000000000002220446049250313080847263336181640625,&quot;sizes&quot;:[]},&quot;_transform_scale_effect_hover_tablet&quot;:{&quot;unit&quot;:&quot;px&quot;,&quot;size&quot;:&quot;&quot;,&quot;sizes&quot;:[]},&quot;_transform_scale_effect_hover_mobile&quot;:{&quot;unit&quot;:&quot;px&quot;,&quot;size&quot;:&quot;&quot;,&quot;sizes&quot;:[]}}\" data-widget_type=\"button.default\">\n\t\t\t\t<div class=\"elementor-widget-container\">\n\t\t\t\t\t\t\t\t\t<div class=\"elementor-button-wrapper\">\n\t\t\t\t\t<a class=\"elementor-button elementor-button-link elementor-size-sm\" href=\"https:\/\/nestingplay.com\/wp-content\/uploads\/2025\/04\/NestingPlay-Husveti-Jatekkalauz.pdf\">\n\t\t\t\t\t\t<span class=\"elementor-button-content-wrapper\">\n\t\t\t\t\t\t\t\t\t<span class=\"elementor-button-text\">Kattints a let\u00f6lt\u00e9shez!<\/span>\n\t\t\t\t\t<\/span>\n\t\t\t\t\t<\/a>\n\t\t\t\t<\/div>\n\t\t\t\t\t\t\t\t<\/div>\n\t\t\t\t<\/div>\n\t\t\t\t<\/div>\n\t\t<div class=\"elementor-element elementor-element-4623959f e-con-full e-flex e-con e-child\" data-id=\"4623959f\" data-element_type=\"container\" data-e-type=\"container\">\n\t\t\t\t<div class=\"elementor-element elementor-element-721a94c2 elementor-widget elementor-widget-text-editor\" data-id=\"721a94c2\" data-element_type=\"widget\" data-e-type=\"widget\" data-widget_type=\"text-editor.default\">\n\t\t\t\t<div class=\"elementor-widget-container\">\n\t\t\t\t\t\t\t\t\t<p><strong>Ha szeretn\u00e9l tov\u00e1bbi tippeket kapni, iratkozz fel h\u00edrlevel\u00fcnkre most!<\/strong><\/p>\t\t\t\t\t\t\t\t<\/div>\n\t\t\t\t<\/div>\n\t\t\t\t<div class=\"elementor-element elementor-element-3573572b elementor-button-align-center elementor-widget elementor-widget-form\" data-id=\"3573572b\" data-element_type=\"widget\" data-e-type=\"widget\" data-settings=\"{&quot;step_next_label&quot;:&quot;K\\u00f6vetkez\\u0151&quot;,&quot;step_previous_label&quot;:&quot;El\\u0151z\\u0151&quot;,&quot;step_type&quot;:&quot;number_text&quot;,&quot;step_icon_shape&quot;:&quot;circle&quot;}\" data-widget_type=\"form.default\">\n\t\t\t\t<div class=\"elementor-widget-container\">\n\t\t\t\t\t\t\t<form class=\"elementor-form\" method=\"post\" name=\"\u00daj \u0171rlap\" aria-label=\"\u00daj \u0171rlap\">\n\t\t\t<input type=\"hidden\" name=\"post_id\" value=\"1823\"\/>\n\t\t\t<input type=\"hidden\" name=\"form_id\" value=\"3573572b\"\/>\n\t\t\t<input type=\"hidden\" name=\"referer_title\" value=\"\" \/>\n\n\t\t\t\n\t\t\t<div class=\"elementor-form-fields-wrapper elementor-labels-\">\n\t\t\t\t\t\t\t\t<div class=\"elementor-field-type-email elementor-field-group elementor-column elementor-field-group-email elementor-col-100 elementor-field-required\">\n\t\t\t\t\t\t\t\t\t\t\t\t<label for=\"form-field-email\" class=\"elementor-field-label elementor-screen-only\">\n\t\t\t\t\t\t\t\tEmail\t\t\t\t\t\t\t<\/label>\n\t\t\t\t\t\t\t\t\t\t\t\t\t\t<input size=\"1\" type=\"email\" name=\"form_fields[email]\" id=\"form-field-email\" class=\"elementor-field elementor-size-sm  elementor-field-textual\" placeholder=\"Email\" required=\"required\">\n\t\t\t\t\t\t\t\t\t\t\t<\/div>\n\t\t\t\t\t\t\t\t<div class=\"elementor-field-group elementor-column elementor-field-type-submit elementor-col-100 e-form__buttons\">\n\t\t\t\t\t<button class=\"elementor-button elementor-size-sm\" type=\"submit\">\n\t\t\t\t\t\t<span class=\"elementor-button-content-wrapper\">\n\t\t\t\t\t\t\t\t\t\t\t\t\t\t\t\t\t\t\t\t\t\t<span class=\"elementor-button-text\">K\u00e9rem a h\u00edrlevelet!<\/span>\n\t\t\t\t\t\t\t\t\t\t\t\t\t<\/span>\n\t\t\t\t\t<\/button>\n\t\t\t\t<\/div>\n\t\t\t<\/div>\n\t\t<\/form>\n\t\t\t\t\t\t<\/div>\n\t\t\t\t<\/div>\n\t\t\t\t<\/div>\n\t\t\t\t\t<\/div>\n\t\t\t\t<\/div>\n\t\t\t\t<\/div>\n\t\t\n    <div class=\"xs_social_share_widget xs_share_url after_content \t\tmain_content  wslu-style-1 wslu-share-box-shaped wslu-fill-colored wslu-none wslu-share-horizontal wslu-theme-font-no wslu-main_content\">\n\n\t\t\n        <ul>\n\t\t\t        <\/ul>\n    <\/div> \n","protected":false},"excerpt":{"rendered":"<p>Hogyan magyar\u00e1zzatok j\u00e1t\u00e9kszab\u00e1lyt \u00e9s hogyan j\u00e1tsszatok egy\u00fctt? Ha szerettek k\u00f6z\u00f6sen t\u00e1rsasozni, de nem mindig egyszer\u0171, ha sokszor kiakad\u00e1s a v\u00e9ge vagy ha nehezen boldogultok a j\u00e1t\u00e9kszab\u00e1lyok \u00e1tad\u00e1s\u00e1val, akkor n\u00e9zz\u00e9tek meg az al\u00e1bbi k\u00e9t vide\u00f3t. \u00cdme n\u00e9h\u00e1ny tipp, hogy hogyan seg\u00edthettek a gyereketeknek meg\u00e9rteni a j\u00e1t\u00e9kszab\u00e1lyokat. Hogyan magyar\u00e1zzunk j\u00e1t\u00e9kszab\u00e1lyt? Ez a vide\u00f3 pedig seg\u00edthet az egy\u00fcttj\u00e1tsz\u00e1sban. [&hellip;]<\/p>\n","protected":false},"author":2,"featured_media":0,"parent":0,"menu_order":0,"comment_status":"closed","ping_status":"closed","template":"","meta":{"_eb_attr":"","footnotes":""},"class_list":["post-1823","page","type-page","status-publish","hentry"],"_links":{"self":[{"href":"https:\/\/nestingplay.com\/en\/wp-json\/wp\/v2\/pages\/1823","targetHints":{"allow":["GET"]}}],"collection":[{"href":"https:\/\/nestingplay.com\/en\/wp-json\/wp\/v2\/pages"}],"about":[{"href":"https:\/\/nestingplay.com\/en\/wp-json\/wp\/v2\/types\/page"}],"author":[{"embeddable":true,"href":"https:\/\/nestingplay.com\/en\/wp-json\/wp\/v2\/users\/2"}],"replies":[{"embeddable":true,"href":"https:\/\/nestingplay.com\/en\/wp-json\/wp\/v2\/comments?post=1823"}],"version-history":[{"count":19,"href":"https:\/\/nestingplay.com\/en\/wp-json\/wp\/v2\/pages\/1823\/revisions"}],"predecessor-version":[{"id":2420,"href":"https:\/\/nestingplay.com\/en\/wp-json\/wp\/v2\/pages\/1823\/revisions\/2420"}],"wp:attachment":[{"href":"https:\/\/nestingplay.com\/en\/wp-json\/wp\/v2\/media?parent=1823"}],"curies":[{"name":"wp","href":"https:\/\/api.w.org\/{rel}","templated":true}]}}