{"id":1432,"date":"2025-04-26T14:06:55","date_gmt":"2025-04-26T12:06:55","guid":{"rendered":"https:\/\/testwordpresswithnat.com\/?page_id=1432"},"modified":"2025-05-02T07:07:14","modified_gmt":"2025-05-02T05:07:14","slug":"napirend_a_szunetre","status":"publish","type":"page","link":"https:\/\/nestingplay.com\/en\/napirend_a_szunetre\/","title":{"rendered":"Napirend a sz\u00fcnetre"},"content":{"rendered":"\t\t<div data-elementor-type=\"wp-page\" data-elementor-id=\"1432\" class=\"elementor elementor-1432\" data-elementor-post-type=\"page\">\n\t\t\t\t<div class=\"elementor-element elementor-element-bb14a0b e-con-full e-flex e-con e-parent\" data-id=\"bb14a0b\" data-element_type=\"container\" data-e-type=\"container\" data-settings=\"{&quot;background_background&quot;:&quot;classic&quot;}\">\n\t\t\t\t<\/div>\n\t\t<div class=\"elementor-element elementor-element-31db9d8 e-flex e-con-boxed e-con e-parent\" data-id=\"31db9d8\" data-element_type=\"container\" data-e-type=\"container\">\n\t\t\t\t\t<div class=\"e-con-inner\">\n\t\t\t\t<div class=\"elementor-element elementor-element-59400b9 elementor-widget elementor-widget-spacer\" data-id=\"59400b9\" data-element_type=\"widget\" data-e-type=\"widget\" data-widget_type=\"spacer.default\">\n\t\t\t\t<div class=\"elementor-widget-container\">\n\t\t\t\t\t\t\t<div class=\"elementor-spacer\">\n\t\t\t<div class=\"elementor-spacer-inner\"><\/div>\n\t\t<\/div>\n\t\t\t\t\t\t<\/div>\n\t\t\t\t<\/div>\n\t\t\t\t\t<\/div>\n\t\t\t\t<\/div>\n\t\t<div class=\"elementor-element elementor-element-d38a704 e-flex e-con-boxed e-con e-parent\" data-id=\"d38a704\" data-element_type=\"container\" data-e-type=\"container\">\n\t\t\t\t\t<div class=\"e-con-inner\">\n\t\t\t\t<div class=\"elementor-element elementor-element-a68d9f8 elementor-widget elementor-widget-heading\" data-id=\"a68d9f8\" data-element_type=\"widget\" data-e-type=\"widget\" data-widget_type=\"heading.default\">\n\t\t\t\t<div class=\"elementor-widget-container\">\n\t\t\t\t\t<h2 class=\"elementor-heading-title elementor-size-default\">K\u00e9sz\u00edtsetek napirendet a sz\u00fcnetre \u2013 \u00e9s legyen \u00e9lm\u00e9ny!<\/h2>\t\t\t\t<\/div>\n\t\t\t\t<\/div>\n\t\t\t\t\t<\/div>\n\t\t\t\t<\/div>\n\t\t<div class=\"elementor-element elementor-element-32866cf e-flex e-con-boxed e-con e-parent\" data-id=\"32866cf\" data-element_type=\"container\" data-e-type=\"container\">\n\t\t\t\t\t<div class=\"e-con-inner\">\n\t\t\t\t<div class=\"elementor-element elementor-element-65d77a1 elementor-widget elementor-widget-text-editor\" data-id=\"65d77a1\" data-element_type=\"widget\" data-e-type=\"widget\" data-widget_type=\"text-editor.default\">\n\t\t\t\t<div class=\"elementor-widget-container\">\n\t\t\t\t\t\t\t\t\t<p><\/p>\n<p>Minden sz\u00fcnetet \u00e9rdemes tervez\u00e9ssel ind\u00edtani, hiszen seg\u00edt a gyerekeknek a sorrendis\u00e9g, id\u0151rendis\u00e9g, tervez\u00e9s, kreativit\u00e1s, sz\u00f3kincs \u00e9s egy\u00fcttm\u0171k\u00f6d\u00e9s fejleszt\u00e9s\u00e9ben. K\u00fcl\u00f6n\u00f6sen azoknak aj\u00e1nljuk, akiknek neh\u00e9z magukat szab\u00e1lyozni, akik nehezen alkalmazkodnak \u2013 f\u0151leg \u00faj, megszokott\u00f3l elt\u00e9r\u0151 helyzetekhez, rugalmatlanok vagy akikkel mindig vit\u00e1zni kell, mert sosem csin\u00e1lj\u00e1k, amit k\u00e9ne, mindig r\u00e1juk kell v\u00e1rni. Egy j\u00f3l elk\u00e9sz\u00edtett napirenddel k\u00f6nnyebben megy az \u00f6n\u00e1ll\u00f3s\u00e1g \u00e9s a napok sem &#8222;folynak sz\u00e9t&#8221;. Engedj\u00e9tek el a fant\u00e1zi\u00e1tokat, haszn\u00e1ljatok csillog\u00f3s, mint\u00e1s, rajzos elemeket \u2013 legyen igazi csal\u00e1di projekt \u00e9s a gyerek sz\u00e1m\u00e1ra is \u00f6r\u00f6m!<\/p>\n<p><strong>Hogyan k\u00e9sz\u00edts\u00e9tek el?<\/strong><\/p>\n<p><b>1.Kezdj\u00e9tek a tervez\u00e9ssel<\/b>:<\/p>\n<ul>\n<li>H\u00e1ny nap legyen rajta?<\/li>\n<li>H\u00e1ny napszak (pl. reggel, d\u00e9l, este)?<\/li>\n<li>Mekkora legyen?<\/li>\n<\/ul>\n<div>&nbsp;<\/div>\n<p><b>2. Ezut\u00e1n rajzolj\u00e1tok meg egy\u00fctt<\/b>.<\/p>\n<ul>\n<li>A feln\u0151tt egy nagy alak\u00fa pap\u00edrra rajzoljon t\u00e1bl\u00e1zatot, amibe bele\u00edrja a napszakokat. Hagyj\u00e1tok, hogy a gyerek is r\u00e9szt vegyen a folyamatban. Ha nehezebb neki a szabadk\u00e9zi rajzol\u00e1s, seg\u00edthettek vonalz\u00f3val vagy k\u00f6rberajzolhat valamit.<\/li>\n<li>Ahogy a gyerek elmondja saj\u00e1t napirendj\u00e9t, annak megfelel\u0151en a feln\u0151tt kit\u00f6lti nagy nyomtatott bet\u0171kkel a t\u00e1bl\u00e1zatot.<\/li>\n<li>Napr\u00f3l napra haladjatok, sorban, hogy a gyerek fej\u00e9ben is sorrendben \u00e1lljanak \u00f6ssze a programok.<\/li>\n<li>Besz\u00e9lj\u00e9tek meg milyen napszakok vannak \u00e9s melyik napszakban mit csin\u00e1ltok.<\/li>\n<li>K\u00e9rdezz\u00e9tek meg: \u201eEzt vagy azt szeretn\u00e9d aznap?\u201d<\/li>\n<li>Ha tud \u00edrni, \u0151 is be\u00edrhatja, ha nem, rajzoljon jeleket, piktogramokat.<\/li>\n<\/ul>\n<div>&nbsp;<\/div>\n<p><b>3. Tervezzetek nehezebb feladatokat is kreat\u00edvan<\/b>:<br>Olyan tev\u00e9kenys\u00e9geket is tegyetek bele, amik konfliktust szoktak okozni. Hagyj\u00e1tok, hogy \u0151 tal\u00e1ljon ki hozz\u00e1juk rajzot vagy humoros jelet \u2013 \u00edgy a nehezebb feladatokhoz is j\u00f3 \u00e9lm\u00e9ny kapcsol\u00f3dik.<\/p>\n<p><b>4. Tegy\u00e9tek szem\u00e9lyess\u00e9<\/b>:<br>Adj\u00e1tok neveket a napoknak (pl. \u201eM\u00f3k\u00e1s Kedd\u201d), \u00edgy k\u00f6nnyebb lesz visszaeml\u00e9kezni.<\/p>\n<p><b>5. Ny\u00edlt k\u00e9rd\u00e9sekkel besz\u00e9lgessetek a gyerekkel a programokr\u00f3l<\/b>.<br>Minden napra tervezzetek egy r\u00f6vid id\u0151t, (lehet 5 perc, lehet 15 perc) amikor a gyerek v\u00e1lasztja ki, hogy mi legyen, \u00e9s akkor a sz\u00fcl\u0151 minden figyelme a gyerek\u00e9. Ezt is megbesz\u00e9lhetitek el\u0151re, im\u00e1dni fogja.<\/p>\n<p><b>6. Adj\u00e1tok \u00e1t a vezet\u00e9st is n\u00e9ha<\/b>:<br>Legyen egy \u201eford\u00edtott nap\u201d, amikor a gyerek ir\u00e1ny\u00edtja a napot! \u00c1ll\u00edtsatok szab\u00e1lyokat, \u00e9s \u00e9lvezz\u00e9tek a k\u00f6z\u00f6s kalandot.<\/p>\n<p><b>7. Kital\u00e1lhattok egy kerett\u00f6rt\u00e9netet is a sz\u00fcnetre<\/b>.<br>Ez az\u00e9rt j\u00f3, mert a gyerekek \u00e1ltal\u00e1ban k\u00f6nnyebben k\u00f6vetik egy t\u00f6rt\u00e9net elemeit, mint a \u201csima\u201d sz\u00fcl\u0151i utas\u00edt\u00e1sokat. Ha komfortos, sz\u00f3lhat a mese a h\u00fasv\u00e9tr\u00f3l, de lehet helyette valamilyen tavaszi t\u00e9ma is. A t\u00f6rt\u00e9netet be\u00e9p\u00edthetitek \u00fagy, hogy egy szerepj\u00e1t\u00e9k\/dr\u00e1maj\u00e1t\u00e9k legyen: minden nap tev\u00e9kenys\u00e9gei valamilyen elemei a mes\u00e9nek. De ha ez t\u00fal sok, akkor minden nap mes\u00e9lj\u00e9tek el a t\u00f6rt\u00e9net egy kis r\u00e9sz\u00e9t \u00fagy, hogy a sz\u00fcnet utols\u00f3 napj\u00e1n a v\u00e9g\u00e9re \u00e9rjetek. Ez is keretet, biztos pontokat ad a gyereknek.<\/p>\n<p><b>Tipp<\/b>: Ha a gyerek a tev\u00e9kenys\u00e9gek k\u00f6zben k\u00f6nnyen elf\u00e1rad, akkor v\u00e1lasszon csak egy-egy pici r\u00e9szt, amit \u0151 k\u00e9sz\u00edt el, a t\u00f6bbiben csak assziszt\u00e1ljon. Az is seg\u00edt, ha k\u00f6zben 5-10-15 percenk\u00e9nt (\u00e9letkort\u00f3l \u00e9s a gyerek fejletts\u00e9gi szintj\u00e9t\u0151l f\u00fcgg\u0151en) sz\u00fcnetet tartotok. Egy poh\u00e1r v\u00edz, vagy egy k\u00f6r fut\u00e1s a lak\u00e1sban, egy kis mozg\u00e1s, ny\u00fajt\u00f3z\u00e1s, azt\u00e1n vissza lehet kapcsol\u00f3dni az alkot\u00e1sba.<br>Ha a gyerek t\u00fcrelmetlen vagy ha hamar feladja, \u201cmegunja\u201d, seg\u00edt, ha el\u0151re megbesz\u00e9litek, hogy mennyi ideig fogj\u00e1tok csin\u00e1lni. Haszn\u00e1lhattok ehhez stoppert, homok\u00f3r\u00e1t, id\u0151z\u00edt\u0151t. Ezt el\u0151tte mutass\u00e1tok meg neki, hogy a j\u00e1t\u00e9k sor\u00e1n m\u00e1r ne vonja el a figyelm\u00e9t az \u00faj, izgi dolog.<\/p>\n<p><b>Legyen k\u00f6z\u00f6s \u00e9lm\u00e9ny a napirend k\u00e9sz\u00edt\u00e9s<\/b>, a gyerek im\u00e1dni fogja!<br>Pr\u00f3b\u00e1lj\u00e1tok ki, \u00e9s ossz\u00e1tok meg vel\u00fcnk, hogy siker\u00fclt!<\/p>\t\t\t\t\t\t\t\t<\/div>\n\t\t\t\t<\/div>\n\t\t\t\t\t<\/div>\n\t\t\t\t<\/div>\n\t\t<div class=\"elementor-element elementor-element-77c2d22 e-flex e-con-boxed e-con e-parent\" data-id=\"77c2d22\" data-element_type=\"container\" data-e-type=\"container\">\n\t\t\t\t\t<div class=\"e-con-inner\">\n\t\t<div class=\"elementor-element elementor-element-5f345bd e-con-full e-flex e-con e-child\" data-id=\"5f345bd\" data-element_type=\"container\" data-e-type=\"container\">\n\t\t\t\t<div class=\"elementor-element elementor-element-dce4d5a elementor-widget elementor-widget-text-editor\" data-id=\"dce4d5a\" data-element_type=\"widget\" data-e-type=\"widget\" data-widget_type=\"text-editor.default\">\n\t\t\t\t<div class=\"elementor-widget-container\">\n\t\t\t\t\t\t\t\t\t<p><strong>Most egyben is let\u00f6ltheted az \u00f6sszes tipp\u00fcnket &#8211; nemcsak a H\u00fasv\u00e9ti sz\u00fcnetben hasznos!<\/strong><\/p>\t\t\t\t\t\t\t\t<\/div>\n\t\t\t\t<\/div>\n\t\t\t\t<div class=\"elementor-element elementor-element-7c892fc elementor-align-right elementor-widget__width-initial e-transform elementor-widget elementor-widget-button\" data-id=\"7c892fc\" data-element_type=\"widget\" data-e-type=\"widget\" data-settings=\"{&quot;_transform_scale_effect_hover&quot;:{&quot;unit&quot;:&quot;px&quot;,&quot;size&quot;:0.90000000000000002220446049250313080847263336181640625,&quot;sizes&quot;:[]},&quot;_transform_scale_effect_hover_tablet&quot;:{&quot;unit&quot;:&quot;px&quot;,&quot;size&quot;:&quot;&quot;,&quot;sizes&quot;:[]},&quot;_transform_scale_effect_hover_mobile&quot;:{&quot;unit&quot;:&quot;px&quot;,&quot;size&quot;:&quot;&quot;,&quot;sizes&quot;:[]}}\" data-widget_type=\"button.default\">\n\t\t\t\t<div class=\"elementor-widget-container\">\n\t\t\t\t\t\t\t\t\t<div class=\"elementor-button-wrapper\">\n\t\t\t\t\t<a class=\"elementor-button elementor-button-link elementor-size-sm\" href=\"https:\/\/nestingplay.com\/wp-content\/uploads\/2025\/04\/NestingPlay-Husveti-Jatekkalauz.pdf\">\n\t\t\t\t\t\t<span class=\"elementor-button-content-wrapper\">\n\t\t\t\t\t\t\t\t\t<span class=\"elementor-button-text\">Kattints a let\u00f6lt\u00e9shez!<\/span>\n\t\t\t\t\t<\/span>\n\t\t\t\t\t<\/a>\n\t\t\t\t<\/div>\n\t\t\t\t\t\t\t\t<\/div>\n\t\t\t\t<\/div>\n\t\t\t\t<\/div>\n\t\t<div class=\"elementor-element elementor-element-611e909 e-con-full e-flex e-con e-child\" data-id=\"611e909\" data-element_type=\"container\" data-e-type=\"container\">\n\t\t\t\t<div class=\"elementor-element elementor-element-2ca186a elementor-widget elementor-widget-text-editor\" data-id=\"2ca186a\" data-element_type=\"widget\" data-e-type=\"widget\" data-widget_type=\"text-editor.default\">\n\t\t\t\t<div class=\"elementor-widget-container\">\n\t\t\t\t\t\t\t\t\t<p><strong>Ha szeretn\u00e9l tov\u00e1bbi tippeket kapni, iratkozz fel h\u00edrlevel\u00fcnkre most!<\/strong><\/p>\t\t\t\t\t\t\t\t<\/div>\n\t\t\t\t<\/div>\n\t\t\t\t<div class=\"elementor-element elementor-element-6698a14 elementor-button-align-center elementor-widget elementor-widget-form\" data-id=\"6698a14\" data-element_type=\"widget\" data-e-type=\"widget\" data-settings=\"{&quot;step_next_label&quot;:&quot;K\\u00f6vetkez\\u0151&quot;,&quot;step_previous_label&quot;:&quot;El\\u0151z\\u0151&quot;,&quot;step_type&quot;:&quot;number_text&quot;,&quot;step_icon_shape&quot;:&quot;circle&quot;}\" data-widget_type=\"form.default\">\n\t\t\t\t<div class=\"elementor-widget-container\">\n\t\t\t\t\t\t\t<form class=\"elementor-form\" method=\"post\" name=\"\u00daj \u0171rlap\" aria-label=\"\u00daj \u0171rlap\">\n\t\t\t<input type=\"hidden\" name=\"post_id\" value=\"1432\"\/>\n\t\t\t<input type=\"hidden\" name=\"form_id\" value=\"6698a14\"\/>\n\t\t\t<input type=\"hidden\" name=\"referer_title\" value=\"\" \/>\n\n\t\t\t\n\t\t\t<div class=\"elementor-form-fields-wrapper elementor-labels-\">\n\t\t\t\t\t\t\t\t<div class=\"elementor-field-type-email elementor-field-group elementor-column elementor-field-group-email elementor-col-100 elementor-field-required\">\n\t\t\t\t\t\t\t\t\t\t\t\t<label for=\"form-field-email\" class=\"elementor-field-label elementor-screen-only\">\n\t\t\t\t\t\t\t\tEmail\t\t\t\t\t\t\t<\/label>\n\t\t\t\t\t\t\t\t\t\t\t\t\t\t<input size=\"1\" type=\"email\" name=\"form_fields[email]\" id=\"form-field-email\" class=\"elementor-field elementor-size-sm  elementor-field-textual\" placeholder=\"Email\" required=\"required\">\n\t\t\t\t\t\t\t\t\t\t\t<\/div>\n\t\t\t\t\t\t\t\t<div class=\"elementor-field-group elementor-column elementor-field-type-submit elementor-col-100 e-form__buttons\">\n\t\t\t\t\t<button class=\"elementor-button elementor-size-sm\" type=\"submit\">\n\t\t\t\t\t\t<span class=\"elementor-button-content-wrapper\">\n\t\t\t\t\t\t\t\t\t\t\t\t\t\t\t\t\t\t\t\t\t\t<span class=\"elementor-button-text\">K\u00e9rem a h\u00edrlevelet!<\/span>\n\t\t\t\t\t\t\t\t\t\t\t\t\t<\/span>\n\t\t\t\t\t<\/button>\n\t\t\t\t<\/div>\n\t\t\t<\/div>\n\t\t<\/form>\n\t\t\t\t\t\t<\/div>\n\t\t\t\t<\/div>\n\t\t\t\t<\/div>\n\t\t\t\t\t<\/div>\n\t\t\t\t<\/div>\n\t\t\t\t<\/div>\n\t\t\n    <div class=\"xs_social_share_widget xs_share_url after_content \t\tmain_content  wslu-style-1 wslu-share-box-shaped wslu-fill-colored wslu-none wslu-share-horizontal wslu-theme-font-no wslu-main_content\">\n\n\t\t\n        <ul>\n\t\t\t        <\/ul>\n    <\/div> \n","protected":false},"excerpt":{"rendered":"<p>K\u00e9sz\u00edtsetek napirendet a sz\u00fcnetre \u2013 \u00e9s legyen \u00e9lm\u00e9ny! Minden sz\u00fcnetet \u00e9rdemes tervez\u00e9ssel ind\u00edtani, hiszen seg\u00edt a gyerekeknek a sorrendis\u00e9g, id\u0151rendis\u00e9g, tervez\u00e9s, kreativit\u00e1s, sz\u00f3kincs \u00e9s egy\u00fcttm\u0171k\u00f6d\u00e9s fejleszt\u00e9s\u00e9ben. K\u00fcl\u00f6n\u00f6sen azoknak aj\u00e1nljuk, akiknek neh\u00e9z magukat szab\u00e1lyozni, akik nehezen alkalmazkodnak \u2013 f\u0151leg \u00faj, megszokott\u00f3l elt\u00e9r\u0151 helyzetekhez, rugalmatlanok vagy akikkel mindig vit\u00e1zni kell, mert sosem csin\u00e1lj\u00e1k, amit k\u00e9ne, mindig r\u00e1juk [&hellip;]<\/p>\n","protected":false},"author":2,"featured_media":0,"parent":0,"menu_order":0,"comment_status":"closed","ping_status":"closed","template":"","meta":{"_eb_attr":"","footnotes":""},"class_list":["post-1432","page","type-page","status-publish","hentry"],"_links":{"self":[{"href":"https:\/\/nestingplay.com\/en\/wp-json\/wp\/v2\/pages\/1432","targetHints":{"allow":["GET"]}}],"collection":[{"href":"https:\/\/nestingplay.com\/en\/wp-json\/wp\/v2\/pages"}],"about":[{"href":"https:\/\/nestingplay.com\/en\/wp-json\/wp\/v2\/types\/page"}],"author":[{"embeddable":true,"href":"https:\/\/nestingplay.com\/en\/wp-json\/wp\/v2\/users\/2"}],"replies":[{"embeddable":true,"href":"https:\/\/nestingplay.com\/en\/wp-json\/wp\/v2\/comments?post=1432"}],"version-history":[{"count":24,"href":"https:\/\/nestingplay.com\/en\/wp-json\/wp\/v2\/pages\/1432\/revisions"}],"predecessor-version":[{"id":3118,"href":"https:\/\/nestingplay.com\/en\/wp-json\/wp\/v2\/pages\/1432\/revisions\/3118"}],"wp:attachment":[{"href":"https:\/\/nestingplay.com\/en\/wp-json\/wp\/v2\/media?parent=1432"}],"curies":[{"name":"wp","href":"https:\/\/api.w.org\/{rel}","templated":true}]}}